{"id":5158,"date":"2024-09-23T15:09:39","date_gmt":"2024-09-23T13:09:39","guid":{"rendered":"https:\/\/ellados-shop.com\/?post_type=product&#038;p=5158"},"modified":"2024-09-30T17:24:09","modified_gmt":"2024-09-30T15:24:09","slug":"blutenhonig-460-g","status":"publish","type":"product","link":"https:\/\/ellados-shop.com\/de\/laden\/lebensmittelgeschaft\/sus\/blutenhonig-460-g\/","title":{"rendered":"Bl\u00fctenhonig &#8211; 460 g"},"content":{"rendered":"<div class=\"flex max-w-full flex-col flex-grow\">\n<div class=\"min-h-[20px] text-message flex w-full flex-col items-end gap-2 whitespace-normal break-words [.text-message+&amp;]:mt-5\" dir=\"auto\" data-message-author-role=\"assistant\" data-message-id=\"4e2a5bb4-708f-4586-8c64-74329b2f37af\">\n<div class=\"flex w-full flex-col gap-1 empty:hidden first:pt-[3px]\">\n<div class=\"markdown prose w-full break-words dark:prose-invert light\"> Entdecken Sie den <strong>Bl\u00fctenhonig<\/strong> aus Kalamata. Ein wahrer Naturschatz aus den weitl\u00e4ufigen bl\u00fchenden Wiesen des <strong>Peloponnes<\/strong> in Griechenland. Leidenschaftliche Imker ernten diesen Honig von Hand und auf traditionelle Weise. Er besticht durch seine zarten Aromen und subtilen floralen Geschmacksnuancen und spiegelt den Reichtum und die lokale Biodiversit\u00e4t wider. Der <strong>Bl\u00fctenhonig<\/strong> zeichnet sich durch seinen k\u00f6stlich milden und ausgewogenen Geschmack aus. Er bietet eine Vielzahl an floralen Noten, die ihn sowohl f\u00fcr den t\u00e4glichen Gebrauch als auch zum Verfeinern gehobener Gerichte beliebt machen. Ob zum S\u00fc\u00dfen Ihrer Hei\u00dfgetr\u00e4nke, als Begleitung zu Joghurt oder zur Veredelung Ihrer Backwaren \u2013 dieser Honig mit seinen reichen und nat\u00fcrlichen Aromen wird Ihren Gaumen begeistern.<br \/>Der Bl\u00fctenhonig aus Kalamata ist ein <strong>100 % nat\u00fcrliches<\/strong> Produkt. Er stammt aus einer handwerklichen Imkerei, die die Umwelt und die Traditionen der Imkerei respektiert. Die Bienen sammeln den Nektar einer gro\u00dfen Vielfalt von Wildblumen, was dem Honig eine F\u00fclle an N\u00e4hrstoffen und positiven Eigenschaften verleiht. Er ist <strong>nicht pasteurisiert<\/strong>, wodurch alle seine ern\u00e4hrungsphysiologischen Eigenschaften, insbesondere seine nat\u00fcrlichen Enzyme und Antioxidantien, erhalten bleiben. Der Bl\u00fctenhonig ist bekannt f\u00fcr seine beruhigenden, revitalisierenden und gesundheitsf\u00f6rdernden Eigenschaften. Reich an Vitaminen und Mineralstoffen, ist er ein ausgezeichneter Verb\u00fcndeter zur St\u00e4rkung des <strong>Immunsystems<\/strong>. Er tr\u00e4gt auch zur F\u00f6rderung der Verdauung bei und hilft, die t\u00e4gliche Energie zu verbessern. Dank seiner Milde eignet sich dieser Honig perfekt f\u00fcr die ganze Familie.<br \/>G\u00f6nnen Sie sich ein authentisches Produkt aus<strong> Kalamata,<\/strong> das raffinierten Geschmack und gesundheitliche Vorteile vereint, und unterst\u00fctzen Sie eine nachhaltige und naturfreundliche Landwirtschaft, die unsere Umwelt respektiert.               <\/div>\n<\/div>\n<\/div>\n<\/div>\n","protected":false},"excerpt":{"rendered":"<p>Der<strong> Bl\u00fctenhonig <\/strong>zeichnet sich durch seinen <strong>k\u00f6stlich milden und ausgewogenen <\/strong>Geschmack aus. Er bietet vielf\u00e4ltige florale Noten, die ihn zu einem gesch\u00e4tzten Produkt machen. Ob zum S\u00fc\u00dfen Ihrer Hei\u00dfgetr\u00e4nke, als Begleitung zu Joghurt oder zur Verfeinerung Ihrer Backwaren \u2013 dieser Honig eignet sich perfekt f\u00fcr die ganze Familie.  <\/p>\n","protected":false},"featured_media":5939,"comment_status":"closed","ping_status":"closed","template":"","meta":[],"product_brand":[],"product_cat":[68,92,110],"product_tag":[],"class_list":{"0":"post-5158","1":"product","2":"type-product","3":"status-publish","4":"has-post-thumbnail","6":"product_cat-laden","7":"product_cat-lebensmittelgeschaft","8":"product_cat-sus","10":"first","11":"outofstock","12":"taxable","13":"shipping-taxable","14":"purchasable","15":"product-type-simple"},"yoast_head":"<!-- This site is optimized with the Yoast SEO plugin v26.8 - https:\/\/yoast.com\/product\/yoast-seo-wordpress\/ -->\n<title>Bl\u00fctenhonig - 460 g - Ellados<\/title>\n<meta name=\"description\" content=\"Genie\u00dfen Sie einen milden und ausgewogenen Honig, der der ganzen Familie schmeckt. Dieser Bl\u00fctenhonig bietet vielf\u00e4ltige floral Noten, die ihn zu einem beliebten Produit machen.\" \/>\n<meta name=\"robots\" content=\"index, follow, max-snippet:-1, max-image-preview:large, max-video-preview:-1\" \/>\n<link rel=\"canonical\" href=\"https:\/\/ellados-shop.com\/de\/laden\/lebensmittelgeschaft\/sus\/blutenhonig-460-g\/\" \/>\n<meta property=\"og:locale\" content=\"de_DE\" \/>\n<meta property=\"og:type\" content=\"article\" \/>\n<meta property=\"og:title\" content=\"Bl\u00fctenhonig - 460 g - Ellados\" \/>\n<meta property=\"og:description\" content=\"Genie\u00dfen Sie einen milden und ausgewogenen Honig, der der ganzen Familie schmeckt. Dieser Bl\u00fctenhonig bietet vielf\u00e4ltige floral Noten, die ihn zu einem beliebten Produit machen.\" \/>\n<meta property=\"og:url\" content=\"https:\/\/ellados-shop.com\/de\/laden\/lebensmittelgeschaft\/sus\/blutenhonig-460-g\/\" \/>\n<meta property=\"og:site_name\" content=\"Ellados\" \/>\n<meta property=\"article:modified_time\" content=\"2024-09-30T15:24:09+00:00\" \/>\n<meta property=\"og:image\" content=\"https:\/\/ellados-shop.com\/wp-content\/uploads\/MIEL-DE-FLEURS.png\" \/>\n\t<meta property=\"og:image:width\" content=\"450\" \/>\n\t<meta property=\"og:image:height\" content=\"600\" \/>\n\t<meta property=\"og:image:type\" content=\"image\/png\" \/>\n<meta name=\"twitter:card\" content=\"summary_large_image\" \/>\n<meta name=\"twitter:label1\" content=\"Gesch\u00e4tzte Lesezeit\" \/>\n\t<meta name=\"twitter:data1\" content=\"1\u00a0Minute\" \/>\n<script type=\"application\/ld+json\" class=\"yoast-schema-graph\">{\"@context\":\"https:\/\/schema.org\",\"@graph\":[{\"@type\":\"WebPage\",\"@id\":\"https:\/\/ellados-shop.com\/de\/laden\/lebensmittelgeschaft\/sus\/blutenhonig-460-g\/\",\"url\":\"https:\/\/ellados-shop.com\/de\/laden\/lebensmittelgeschaft\/sus\/blutenhonig-460-g\/\",\"name\":\"Bl\u00fctenhonig - 460 g - Ellados\",\"isPartOf\":{\"@id\":\"https:\/\/ellados-shop.com\/de\/#website\"},\"primaryImageOfPage\":{\"@id\":\"https:\/\/ellados-shop.com\/de\/laden\/lebensmittelgeschaft\/sus\/blutenhonig-460-g\/#primaryimage\"},\"image\":{\"@id\":\"https:\/\/ellados-shop.com\/de\/laden\/lebensmittelgeschaft\/sus\/blutenhonig-460-g\/#primaryimage\"},\"thumbnailUrl\":\"https:\/\/ellados-shop.com\/wp-content\/uploads\/Miel-de-fleurs-1-1.png\",\"datePublished\":\"2024-09-23T13:09:39+00:00\",\"dateModified\":\"2024-09-30T15:24:09+00:00\",\"description\":\"Genie\u00dfen Sie einen milden und ausgewogenen Honig, der der ganzen Familie schmeckt. Dieser Bl\u00fctenhonig bietet vielf\u00e4ltige floral Noten, die ihn zu einem beliebten Produit machen.\",\"breadcrumb\":{\"@id\":\"https:\/\/ellados-shop.com\/de\/laden\/lebensmittelgeschaft\/sus\/blutenhonig-460-g\/#breadcrumb\"},\"inLanguage\":\"de\",\"potentialAction\":[{\"@type\":\"ReadAction\",\"target\":[\"https:\/\/ellados-shop.com\/de\/laden\/lebensmittelgeschaft\/sus\/blutenhonig-460-g\/\"]}]},{\"@type\":\"ImageObject\",\"inLanguage\":\"de\",\"@id\":\"https:\/\/ellados-shop.com\/de\/laden\/lebensmittelgeschaft\/sus\/blutenhonig-460-g\/#primaryimage\",\"url\":\"https:\/\/ellados-shop.com\/wp-content\/uploads\/Miel-de-fleurs-1-1.png\",\"contentUrl\":\"https:\/\/ellados-shop.com\/wp-content\/uploads\/Miel-de-fleurs-1-1.png\",\"width\":450,\"height\":450,\"caption\":\"Miel de fleur grec\"},{\"@type\":\"BreadcrumbList\",\"@id\":\"https:\/\/ellados-shop.com\/de\/laden\/lebensmittelgeschaft\/sus\/blutenhonig-460-g\/#breadcrumb\",\"itemListElement\":[{\"@type\":\"ListItem\",\"position\":1,\"name\":\"Accueil\",\"item\":\"https:\/\/ellados-shop.com\/de\/accueil-v2\/\"},{\"@type\":\"ListItem\",\"position\":2,\"name\":\"Boutique\",\"item\":\"https:\/\/ellados-shop.com\/boutique\/\"},{\"@type\":\"ListItem\",\"position\":3,\"name\":\"Bl\u00fctenhonig &#8211; 460 g\"}]},{\"@type\":\"WebSite\",\"@id\":\"https:\/\/ellados-shop.com\/de\/#website\",\"url\":\"https:\/\/ellados-shop.com\/de\/\",\"name\":\"Ellados\",\"description\":\"\",\"potentialAction\":[{\"@type\":\"SearchAction\",\"target\":{\"@type\":\"EntryPoint\",\"urlTemplate\":\"https:\/\/ellados-shop.com\/de\/?s={search_term_string}\"},\"query-input\":{\"@type\":\"PropertyValueSpecification\",\"valueRequired\":true,\"valueName\":\"search_term_string\"}}],\"inLanguage\":\"de\"}]}<\/script>\n<!-- \/ Yoast SEO plugin. -->","yoast_head_json":{"title":"Bl\u00fctenhonig - 460 g - Ellados","description":"Genie\u00dfen Sie einen milden und ausgewogenen Honig, der der ganzen Familie schmeckt. Dieser Bl\u00fctenhonig bietet vielf\u00e4ltige floral Noten, die ihn zu einem beliebten Produit machen.","robots":{"index":"index","follow":"follow","max-snippet":"max-snippet:-1","max-image-preview":"max-image-preview:large","max-video-preview":"max-video-preview:-1"},"canonical":"https:\/\/ellados-shop.com\/de\/laden\/lebensmittelgeschaft\/sus\/blutenhonig-460-g\/","og_locale":"de_DE","og_type":"article","og_title":"Bl\u00fctenhonig - 460 g - Ellados","og_description":"Genie\u00dfen Sie einen milden und ausgewogenen Honig, der der ganzen Familie schmeckt. Dieser Bl\u00fctenhonig bietet vielf\u00e4ltige floral Noten, die ihn zu einem beliebten Produit machen.","og_url":"https:\/\/ellados-shop.com\/de\/laden\/lebensmittelgeschaft\/sus\/blutenhonig-460-g\/","og_site_name":"Ellados","article_modified_time":"2024-09-30T15:24:09+00:00","og_image":[{"width":450,"height":600,"url":"https:\/\/ellados-shop.com\/wp-content\/uploads\/MIEL-DE-FLEURS.png","type":"image\/png"}],"twitter_card":"summary_large_image","twitter_misc":{"Gesch\u00e4tzte Lesezeit":"1\u00a0Minute"},"schema":{"@context":"https:\/\/schema.org","@graph":[{"@type":"WebPage","@id":"https:\/\/ellados-shop.com\/de\/laden\/lebensmittelgeschaft\/sus\/blutenhonig-460-g\/","url":"https:\/\/ellados-shop.com\/de\/laden\/lebensmittelgeschaft\/sus\/blutenhonig-460-g\/","name":"Bl\u00fctenhonig - 460 g - Ellados","isPartOf":{"@id":"https:\/\/ellados-shop.com\/de\/#website"},"primaryImageOfPage":{"@id":"https:\/\/ellados-shop.com\/de\/laden\/lebensmittelgeschaft\/sus\/blutenhonig-460-g\/#primaryimage"},"image":{"@id":"https:\/\/ellados-shop.com\/de\/laden\/lebensmittelgeschaft\/sus\/blutenhonig-460-g\/#primaryimage"},"thumbnailUrl":"https:\/\/ellados-shop.com\/wp-content\/uploads\/Miel-de-fleurs-1-1.png","datePublished":"2024-09-23T13:09:39+00:00","dateModified":"2024-09-30T15:24:09+00:00","description":"Genie\u00dfen Sie einen milden und ausgewogenen Honig, der der ganzen Familie schmeckt. Dieser Bl\u00fctenhonig bietet vielf\u00e4ltige floral Noten, die ihn zu einem beliebten Produit machen.","breadcrumb":{"@id":"https:\/\/ellados-shop.com\/de\/laden\/lebensmittelgeschaft\/sus\/blutenhonig-460-g\/#breadcrumb"},"inLanguage":"de","potentialAction":[{"@type":"ReadAction","target":["https:\/\/ellados-shop.com\/de\/laden\/lebensmittelgeschaft\/sus\/blutenhonig-460-g\/"]}]},{"@type":"ImageObject","inLanguage":"de","@id":"https:\/\/ellados-shop.com\/de\/laden\/lebensmittelgeschaft\/sus\/blutenhonig-460-g\/#primaryimage","url":"https:\/\/ellados-shop.com\/wp-content\/uploads\/Miel-de-fleurs-1-1.png","contentUrl":"https:\/\/ellados-shop.com\/wp-content\/uploads\/Miel-de-fleurs-1-1.png","width":450,"height":450,"caption":"Miel de fleur grec"},{"@type":"BreadcrumbList","@id":"https:\/\/ellados-shop.com\/de\/laden\/lebensmittelgeschaft\/sus\/blutenhonig-460-g\/#breadcrumb","itemListElement":[{"@type":"ListItem","position":1,"name":"Accueil","item":"https:\/\/ellados-shop.com\/de\/accueil-v2\/"},{"@type":"ListItem","position":2,"name":"Boutique","item":"https:\/\/ellados-shop.com\/boutique\/"},{"@type":"ListItem","position":3,"name":"Bl\u00fctenhonig &#8211; 460 g"}]},{"@type":"WebSite","@id":"https:\/\/ellados-shop.com\/de\/#website","url":"https:\/\/ellados-shop.com\/de\/","name":"Ellados","description":"","potentialAction":[{"@type":"SearchAction","target":{"@type":"EntryPoint","urlTemplate":"https:\/\/ellados-shop.com\/de\/?s={search_term_string}"},"query-input":{"@type":"PropertyValueSpecification","valueRequired":true,"valueName":"search_term_string"}}],"inLanguage":"de"}]}},"_links":{"self":[{"href":"https:\/\/ellados-shop.com\/de\/wp-json\/wp\/v2\/product\/5158","targetHints":{"allow":["GET"]}}],"collection":[{"href":"https:\/\/ellados-shop.com\/de\/wp-json\/wp\/v2\/product"}],"about":[{"href":"https:\/\/ellados-shop.com\/de\/wp-json\/wp\/v2\/types\/product"}],"replies":[{"embeddable":true,"href":"https:\/\/ellados-shop.com\/de\/wp-json\/wp\/v2\/comments?post=5158"}],"wp:featuredmedia":[{"embeddable":true,"href":"https:\/\/ellados-shop.com\/de\/wp-json\/wp\/v2\/media\/5939"}],"wp:attachment":[{"href":"https:\/\/ellados-shop.com\/de\/wp-json\/wp\/v2\/media?parent=5158"}],"wp:term":[{"taxonomy":"product_brand","embeddable":true,"href":"https:\/\/ellados-shop.com\/de\/wp-json\/wp\/v2\/product_brand?post=5158"},{"taxonomy":"product_cat","embeddable":true,"href":"https:\/\/ellados-shop.com\/de\/wp-json\/wp\/v2\/product_cat?post=5158"},{"taxonomy":"product_tag","embeddable":true,"href":"https:\/\/ellados-shop.com\/de\/wp-json\/wp\/v2\/product_tag?post=5158"}],"curies":[{"name":"wp","href":"https:\/\/api.w.org\/{rel}","templated":true}]}}