{"id":5159,"date":"2024-09-23T15:06:17","date_gmt":"2024-09-23T13:06:17","guid":{"rendered":"https:\/\/ellados-shop.com\/?post_type=product&#038;p=5159"},"modified":"2025-02-05T23:02:04","modified_gmt":"2025-02-05T22:02:04","slug":"thymianhonig-460-g","status":"publish","type":"product","link":"https:\/\/ellados-shop.com\/de\/laden\/lebensmittelgeschaft\/sus\/thymianhonig-460-g\/","title":{"rendered":"Thymianhonig &#8211; 460 g"},"content":{"rendered":"<p>Dieser <strong>Thymianhonig<\/strong> wird in Kalamata vom Team von Melifimos produziert. Es handelt sich um ein au\u00dfergew\u00f6hnliches Produkt! Die Imker des Melifimos-Teams ernten den Honig sorgf\u00e4ltig und auf handwerkliche Weise. So zeichnet sich dieser <strong>hochwertige<\/strong> Honig durch seinen authentischen und einzigartigen Geschmack sowie durch seine zahlreichen gesundheitlichen Vorteile aus. Sie werden diesen Thymianhonig besonders wegen seiner<strong> intensiven floralen Aromen<\/strong> und seines subtil holzigen Geschmacks sch\u00e4tzen. Dieser kostbare Nektar offenbart kraftvolle Noten von Thymian, einer emblematischen Pflanze des <strong>Mittelmeers<\/strong>.<br \/>Er eignet sich hervorragend zum S\u00fc\u00dfen Ihrer Kr\u00e4utertees, Ihrer Tees, als Begleitung zu K\u00e4se oder zur Verfeinerung Ihrer Desserts und bringt eine gourmande Note in Ihre Rezepte. <strong>100 % nat\u00fcrlich<\/strong> wird dieser Honig nach umweltfreundlichen handwerklichen Methoden hergestellt. Er enth\u00e4lt keinerlei Konservierungsstoffe oder Farbstoffe. Das einzigartige mediterrane Klima der Region mit seinen hei\u00dfen und trockenen Sommern beg\u00fcnstigt die \u00fcppige Bl\u00fcte des Thymians. Daher finden Sie in diesem Honig <strong>einen reinen und unfiltrierten Honig<\/strong>, der reich an essentiellen N\u00e4hrstoffen ist. Er bewahrt dank der Kalternte alle seine nat\u00fcrlichen Eigenschaften.<br \/>Er ist bekannt f\u00fcr seine therapeutischen Eigenschaften und gesundheitlichen Vorteile, da Thymianhonig insbesondere hilft, das Immunsystem zu st\u00e4rken. Er kann auch dazu beitragen, Halsschmerzen zu lindern und die Verdauung zu f\u00f6rdern. Reich an Antioxidantien tr\u00e4gt er zum Schutz des K\u00f6rpers bei. Genie\u00dfen Sie dieses wahre Juwel der griechischen Natur, das authentischen Geschmack und gesundheitliche Vorteile vereint, w\u00e4hrend Sie eine lokale und nachhaltige Produktion unterst\u00fctzen.              <\/p>\n","protected":false},"excerpt":{"rendered":"<p>Sie werden diesen Thymianhonig, <strong>100 % nat\u00fcrlich,<\/strong> besonders wegen <strong>seiner intensiven floralen Aromen<\/strong> und seines subtil holzigen Geschmacks sch\u00e4tzen. Er ist perfekt zum S\u00fc\u00dfen Ihrer Kr\u00e4utertees, <a href=\"https:\/\/ellados-shop.com\/boutique\/epicerie\/epicerie-grecque-sucree\/the-des-montagnes-grec\/\">Ihrer Tees<\/a> oder als Begleitung zu Ihren K\u00e4sesorten. Dieser Honig bringt eine gourmande Note in Ihre Rezepte.  <\/p>\n","protected":false},"featured_media":5914,"comment_status":"closed","ping_status":"closed","template":"","meta":[],"product_brand":[],"product_cat":[68,92,110],"product_tag":[],"class_list":{"0":"post-5159","1":"product","2":"type-product","3":"status-publish","4":"has-post-thumbnail","6":"product_cat-laden","7":"product_cat-lebensmittelgeschaft","8":"product_cat-sus","10":"first","11":"instock","12":"taxable","13":"shipping-taxable","14":"purchasable","15":"product-type-simple"},"yoast_head":"<!-- This site is optimized with the Yoast SEO plugin v26.8 - https:\/\/yoast.com\/product\/yoast-seo-wordpress\/ -->\n<title>Thymianhonig - 460 g - Ellados<\/title>\n<meta name=\"description\" content=\"Sie werden diesen Thymianhonig, 100 % nat\u00fcrlich, besonders wegen seines intensiven floralen Aromas und seines subtil holzigen Geschmacks sch\u00e4tzen.\" \/>\n<meta name=\"robots\" content=\"index, follow, max-snippet:-1, max-image-preview:large, max-video-preview:-1\" \/>\n<link rel=\"canonical\" href=\"https:\/\/ellados-shop.com\/de\/laden\/lebensmittelgeschaft\/sus\/thymianhonig-460-g\/\" \/>\n<meta property=\"og:locale\" content=\"de_DE\" \/>\n<meta property=\"og:type\" content=\"article\" \/>\n<meta property=\"og:title\" content=\"Thymianhonig - 460 g - Ellados\" \/>\n<meta property=\"og:description\" content=\"Sie werden diesen Thymianhonig, 100 % nat\u00fcrlich, besonders wegen seines intensiven floralen Aromas und seines subtil holzigen Geschmacks sch\u00e4tzen.\" \/>\n<meta property=\"og:url\" content=\"https:\/\/ellados-shop.com\/de\/laden\/lebensmittelgeschaft\/sus\/thymianhonig-460-g\/\" \/>\n<meta property=\"og:site_name\" content=\"Ellados\" \/>\n<meta property=\"article:modified_time\" content=\"2025-02-05T22:02:04+00:00\" \/>\n<meta property=\"og:image\" content=\"https:\/\/ellados-shop.com\/wp-content\/uploads\/MIEL-DE-THYM.png\" \/>\n\t<meta property=\"og:image:width\" content=\"450\" \/>\n\t<meta property=\"og:image:height\" content=\"600\" \/>\n\t<meta property=\"og:image:type\" content=\"image\/png\" \/>\n<meta name=\"twitter:card\" content=\"summary_large_image\" \/>\n<meta name=\"twitter:label1\" content=\"Gesch\u00e4tzte Lesezeit\" \/>\n\t<meta name=\"twitter:data1\" content=\"1\u00a0Minute\" \/>\n<script type=\"application\/ld+json\" class=\"yoast-schema-graph\">{\"@context\":\"https:\/\/schema.org\",\"@graph\":[{\"@type\":\"WebPage\",\"@id\":\"https:\/\/ellados-shop.com\/de\/laden\/lebensmittelgeschaft\/sus\/thymianhonig-460-g\/\",\"url\":\"https:\/\/ellados-shop.com\/de\/laden\/lebensmittelgeschaft\/sus\/thymianhonig-460-g\/\",\"name\":\"Thymianhonig - 460 g - Ellados\",\"isPartOf\":{\"@id\":\"https:\/\/ellados-shop.com\/de\/#website\"},\"primaryImageOfPage\":{\"@id\":\"https:\/\/ellados-shop.com\/de\/laden\/lebensmittelgeschaft\/sus\/thymianhonig-460-g\/#primaryimage\"},\"image\":{\"@id\":\"https:\/\/ellados-shop.com\/de\/laden\/lebensmittelgeschaft\/sus\/thymianhonig-460-g\/#primaryimage\"},\"thumbnailUrl\":\"https:\/\/ellados-shop.com\/wp-content\/uploads\/Miel-thym.png\",\"datePublished\":\"2024-09-23T13:06:17+00:00\",\"dateModified\":\"2025-02-05T22:02:04+00:00\",\"description\":\"Sie werden diesen Thymianhonig, 100 % nat\u00fcrlich, besonders wegen seines intensiven floralen Aromas und seines subtil holzigen Geschmacks sch\u00e4tzen.\",\"breadcrumb\":{\"@id\":\"https:\/\/ellados-shop.com\/de\/laden\/lebensmittelgeschaft\/sus\/thymianhonig-460-g\/#breadcrumb\"},\"inLanguage\":\"de\",\"potentialAction\":[{\"@type\":\"ReadAction\",\"target\":[\"https:\/\/ellados-shop.com\/de\/laden\/lebensmittelgeschaft\/sus\/thymianhonig-460-g\/\"]}]},{\"@type\":\"ImageObject\",\"inLanguage\":\"de\",\"@id\":\"https:\/\/ellados-shop.com\/de\/laden\/lebensmittelgeschaft\/sus\/thymianhonig-460-g\/#primaryimage\",\"url\":\"https:\/\/ellados-shop.com\/wp-content\/uploads\/Miel-thym.png\",\"contentUrl\":\"https:\/\/ellados-shop.com\/wp-content\/uploads\/Miel-thym.png\",\"width\":450,\"height\":450,\"caption\":\"Miel de thym bio\"},{\"@type\":\"BreadcrumbList\",\"@id\":\"https:\/\/ellados-shop.com\/de\/laden\/lebensmittelgeschaft\/sus\/thymianhonig-460-g\/#breadcrumb\",\"itemListElement\":[{\"@type\":\"ListItem\",\"position\":1,\"name\":\"Accueil\",\"item\":\"https:\/\/ellados-shop.com\/de\/accueil-v2\/\"},{\"@type\":\"ListItem\",\"position\":2,\"name\":\"Boutique\",\"item\":\"https:\/\/ellados-shop.com\/boutique\/\"},{\"@type\":\"ListItem\",\"position\":3,\"name\":\"Thymianhonig &#8211; 460 g\"}]},{\"@type\":\"WebSite\",\"@id\":\"https:\/\/ellados-shop.com\/de\/#website\",\"url\":\"https:\/\/ellados-shop.com\/de\/\",\"name\":\"Ellados\",\"description\":\"\",\"potentialAction\":[{\"@type\":\"SearchAction\",\"target\":{\"@type\":\"EntryPoint\",\"urlTemplate\":\"https:\/\/ellados-shop.com\/de\/?s={search_term_string}\"},\"query-input\":{\"@type\":\"PropertyValueSpecification\",\"valueRequired\":true,\"valueName\":\"search_term_string\"}}],\"inLanguage\":\"de\"}]}<\/script>\n<!-- \/ Yoast SEO plugin. -->","yoast_head_json":{"title":"Thymianhonig - 460 g - Ellados","description":"Sie werden diesen Thymianhonig, 100 % nat\u00fcrlich, besonders wegen seines intensiven floralen Aromas und seines subtil holzigen Geschmacks sch\u00e4tzen.","robots":{"index":"index","follow":"follow","max-snippet":"max-snippet:-1","max-image-preview":"max-image-preview:large","max-video-preview":"max-video-preview:-1"},"canonical":"https:\/\/ellados-shop.com\/de\/laden\/lebensmittelgeschaft\/sus\/thymianhonig-460-g\/","og_locale":"de_DE","og_type":"article","og_title":"Thymianhonig - 460 g - Ellados","og_description":"Sie werden diesen Thymianhonig, 100 % nat\u00fcrlich, besonders wegen seines intensiven floralen Aromas und seines subtil holzigen Geschmacks sch\u00e4tzen.","og_url":"https:\/\/ellados-shop.com\/de\/laden\/lebensmittelgeschaft\/sus\/thymianhonig-460-g\/","og_site_name":"Ellados","article_modified_time":"2025-02-05T22:02:04+00:00","og_image":[{"width":450,"height":600,"url":"https:\/\/ellados-shop.com\/wp-content\/uploads\/MIEL-DE-THYM.png","type":"image\/png"}],"twitter_card":"summary_large_image","twitter_misc":{"Gesch\u00e4tzte Lesezeit":"1\u00a0Minute"},"schema":{"@context":"https:\/\/schema.org","@graph":[{"@type":"WebPage","@id":"https:\/\/ellados-shop.com\/de\/laden\/lebensmittelgeschaft\/sus\/thymianhonig-460-g\/","url":"https:\/\/ellados-shop.com\/de\/laden\/lebensmittelgeschaft\/sus\/thymianhonig-460-g\/","name":"Thymianhonig - 460 g - Ellados","isPartOf":{"@id":"https:\/\/ellados-shop.com\/de\/#website"},"primaryImageOfPage":{"@id":"https:\/\/ellados-shop.com\/de\/laden\/lebensmittelgeschaft\/sus\/thymianhonig-460-g\/#primaryimage"},"image":{"@id":"https:\/\/ellados-shop.com\/de\/laden\/lebensmittelgeschaft\/sus\/thymianhonig-460-g\/#primaryimage"},"thumbnailUrl":"https:\/\/ellados-shop.com\/wp-content\/uploads\/Miel-thym.png","datePublished":"2024-09-23T13:06:17+00:00","dateModified":"2025-02-05T22:02:04+00:00","description":"Sie werden diesen Thymianhonig, 100 % nat\u00fcrlich, besonders wegen seines intensiven floralen Aromas und seines subtil holzigen Geschmacks sch\u00e4tzen.","breadcrumb":{"@id":"https:\/\/ellados-shop.com\/de\/laden\/lebensmittelgeschaft\/sus\/thymianhonig-460-g\/#breadcrumb"},"inLanguage":"de","potentialAction":[{"@type":"ReadAction","target":["https:\/\/ellados-shop.com\/de\/laden\/lebensmittelgeschaft\/sus\/thymianhonig-460-g\/"]}]},{"@type":"ImageObject","inLanguage":"de","@id":"https:\/\/ellados-shop.com\/de\/laden\/lebensmittelgeschaft\/sus\/thymianhonig-460-g\/#primaryimage","url":"https:\/\/ellados-shop.com\/wp-content\/uploads\/Miel-thym.png","contentUrl":"https:\/\/ellados-shop.com\/wp-content\/uploads\/Miel-thym.png","width":450,"height":450,"caption":"Miel de thym bio"},{"@type":"BreadcrumbList","@id":"https:\/\/ellados-shop.com\/de\/laden\/lebensmittelgeschaft\/sus\/thymianhonig-460-g\/#breadcrumb","itemListElement":[{"@type":"ListItem","position":1,"name":"Accueil","item":"https:\/\/ellados-shop.com\/de\/accueil-v2\/"},{"@type":"ListItem","position":2,"name":"Boutique","item":"https:\/\/ellados-shop.com\/boutique\/"},{"@type":"ListItem","position":3,"name":"Thymianhonig &#8211; 460 g"}]},{"@type":"WebSite","@id":"https:\/\/ellados-shop.com\/de\/#website","url":"https:\/\/ellados-shop.com\/de\/","name":"Ellados","description":"","potentialAction":[{"@type":"SearchAction","target":{"@type":"EntryPoint","urlTemplate":"https:\/\/ellados-shop.com\/de\/?s={search_term_string}"},"query-input":{"@type":"PropertyValueSpecification","valueRequired":true,"valueName":"search_term_string"}}],"inLanguage":"de"}]}},"_links":{"self":[{"href":"https:\/\/ellados-shop.com\/de\/wp-json\/wp\/v2\/product\/5159","targetHints":{"allow":["GET"]}}],"collection":[{"href":"https:\/\/ellados-shop.com\/de\/wp-json\/wp\/v2\/product"}],"about":[{"href":"https:\/\/ellados-shop.com\/de\/wp-json\/wp\/v2\/types\/product"}],"replies":[{"embeddable":true,"href":"https:\/\/ellados-shop.com\/de\/wp-json\/wp\/v2\/comments?post=5159"}],"wp:featuredmedia":[{"embeddable":true,"href":"https:\/\/ellados-shop.com\/de\/wp-json\/wp\/v2\/media\/5914"}],"wp:attachment":[{"href":"https:\/\/ellados-shop.com\/de\/wp-json\/wp\/v2\/media?parent=5159"}],"wp:term":[{"taxonomy":"product_brand","embeddable":true,"href":"https:\/\/ellados-shop.com\/de\/wp-json\/wp\/v2\/product_brand?post=5159"},{"taxonomy":"product_cat","embeddable":true,"href":"https:\/\/ellados-shop.com\/de\/wp-json\/wp\/v2\/product_cat?post=5159"},{"taxonomy":"product_tag","embeddable":true,"href":"https:\/\/ellados-shop.com\/de\/wp-json\/wp\/v2\/product_tag?post=5159"}],"curies":[{"name":"wp","href":"https:\/\/api.w.org\/{rel}","templated":true}]}}