{"id":5160,"date":"2024-09-23T15:04:56","date_gmt":"2024-09-23T13:04:56","guid":{"rendered":"https:\/\/ellados-shop.com\/?post_type=product&#038;p=5160"},"modified":"2024-09-30T17:27:14","modified_gmt":"2024-09-30T15:27:14","slug":"bio-kiefernhonig-460-g","status":"publish","type":"product","link":"https:\/\/ellados-shop.com\/de\/laden\/lebensmittelgeschaft\/sus\/bio-kiefernhonig-460-g\/","title":{"rendered":"Bio-Kiefernhonig- 460 g"},"content":{"rendered":"<p>Entdecken Sie diesen <strong>biologischen<\/strong> Kiefern honig, einen wilden Schatz aus den majest\u00e4tischen W\u00e4ldern der Berge des Peloponnes. Die Imker produzieren diesen einzigartigen Honig aus dem Nektar, den die Bienen aus dem Honigtau der Kiefern gewinnen. Es handelt sich um eine seltene Essenz, die diesem Honig einen einzigartigen geschmacklichen und n\u00e4hrstofflichen Reichtum verleiht. In diesen gesch\u00fctzten Regionen, wo die Natur das Sagen hat, produziert das Team von Melifimos den Kiefern honig auf<strong> traditionelle Weise<\/strong>. Diese jahrhundertealten Imkereipraktiken respektieren sowohl die Bienen als auch ihre Umgebung. Dieses handwerkliche K\u00f6nnen garantiert ein <strong>hochwertiges<\/strong>, reines und unverarbeitetes Produkt. So beh\u00e4lt der Honig all seine nat\u00fcrlichen Vorteile.<br \/>Dieser Honig zeichnet sich durch seinen <strong>robusten, holzigen Geschmack<\/strong> aus, mit harzigen Noten, die an die dichten W\u00e4lder der mediterranen Kiefern erinnern. Weniger s\u00fc\u00df als andere Honigsorten, bietet er eine komplexe aromatische F\u00fclle, die leicht malzige und karamellisierte Nuancen enth\u00e4lt. Dieser Kiefern honig wird somit die Gaumen erfreuen, die nach authentischen und tiefen Aromen suchen.<br \/>Kiefern honig ist bekannt f\u00fcr seine <strong>heilenden Eigenschaften<\/strong> und gesundheitlichen Vorteile. Dar\u00fcber hinaus ist er aufgrund seines <strong>niedrigen Zuckergehalts <\/strong>ideal f\u00fcr diejenigen, die einen nat\u00fcrlichen S\u00fc\u00dfstoff suchen, w\u00e4hrend sie von einer moderaten Energiezufuhr profitieren. Reich an Antioxidantien und Spurenelementen, hilft er, das Immunsystem zu st\u00e4rken. Er f\u00f6rdert au\u00dferdem die Wundheilung und tr\u00e4gt zur Verbesserung der Verdauung bei. Seine dichte und leicht kristallisierte Textur macht ihn zu einer ausgezeichneten Zutat, um raffinierte Gerichte zu begleiten. Ob zum subtilen S\u00fc\u00dfen eines Kr\u00e4utertees, zur Verfeinerung einer Sauce oder als Begleitung zu kr\u00e4ftigen K\u00e4sesorten, dieser Honig f\u00fcgt sich perfekt in Ihre kulinarischen Rezepte ein.                <\/p>\n","protected":false},"excerpt":{"rendered":"<p>Ein <strong>seltener und wertvoller<\/strong> Honig mit niedrigem Zuckergehalt. Genie\u00dfen Sie diesen besonderen <strong>BIO-<\/strong>Honig mit verf\u00fchrerischen holzigen Aromen, die durch einige karamellisierte Noten erg\u00e4nzt werden. <\/p>\n","protected":false},"featured_media":5911,"comment_status":"closed","ping_status":"closed","template":"","meta":[],"product_brand":[],"product_cat":[68,92,110],"product_tag":[],"class_list":{"0":"post-5160","1":"product","2":"type-product","3":"status-publish","4":"has-post-thumbnail","6":"product_cat-laden","7":"product_cat-lebensmittelgeschaft","8":"product_cat-sus","10":"first","11":"outofstock","12":"taxable","13":"shipping-taxable","14":"purchasable","15":"product-type-simple"},"yoast_head":"<!-- This site is optimized with the Yoast SEO plugin v26.8 - https:\/\/yoast.com\/product\/yoast-seo-wordpress\/ -->\n<title>Bio-Kiefernhonig- 460 g - Ellados<\/title>\n<meta name=\"description\" content=\"Kiefern honig, ein seltener und wertvoller Honig mit geringem Zuckergehalt! Genie\u00dfen Sie diesen Honig mit bet\u00f6renden Aromen, die einige karamelisierte Noten enth\u00fcllen.\" \/>\n<meta name=\"robots\" content=\"index, follow, max-snippet:-1, max-image-preview:large, max-video-preview:-1\" \/>\n<link rel=\"canonical\" href=\"https:\/\/ellados-shop.com\/de\/laden\/lebensmittelgeschaft\/sus\/bio-kiefernhonig-460-g\/\" \/>\n<meta property=\"og:locale\" content=\"de_DE\" \/>\n<meta property=\"og:type\" content=\"article\" \/>\n<meta property=\"og:title\" content=\"Bio-Kiefernhonig- 460 g - Ellados\" \/>\n<meta property=\"og:description\" content=\"Kiefern honig, ein seltener und wertvoller Honig mit geringem Zuckergehalt! Genie\u00dfen Sie diesen Honig mit bet\u00f6renden Aromen, die einige karamelisierte Noten enth\u00fcllen.\" \/>\n<meta property=\"og:url\" content=\"https:\/\/ellados-shop.com\/de\/laden\/lebensmittelgeschaft\/sus\/bio-kiefernhonig-460-g\/\" \/>\n<meta property=\"og:site_name\" content=\"Ellados\" \/>\n<meta property=\"article:modified_time\" content=\"2024-09-30T15:27:14+00:00\" \/>\n<meta property=\"og:image\" content=\"https:\/\/ellados-shop.com\/wp-content\/uploads\/MIEL-BIO-DE-PIN.png\" \/>\n\t<meta property=\"og:image:width\" content=\"450\" \/>\n\t<meta property=\"og:image:height\" content=\"600\" \/>\n\t<meta property=\"og:image:type\" content=\"image\/png\" \/>\n<meta name=\"twitter:card\" content=\"summary_large_image\" \/>\n<meta name=\"twitter:label1\" content=\"Gesch\u00e4tzte Lesezeit\" \/>\n\t<meta name=\"twitter:data1\" content=\"1\u00a0Minute\" \/>\n<script type=\"application\/ld+json\" class=\"yoast-schema-graph\">{\"@context\":\"https:\/\/schema.org\",\"@graph\":[{\"@type\":\"WebPage\",\"@id\":\"https:\/\/ellados-shop.com\/de\/laden\/lebensmittelgeschaft\/sus\/bio-kiefernhonig-460-g\/\",\"url\":\"https:\/\/ellados-shop.com\/de\/laden\/lebensmittelgeschaft\/sus\/bio-kiefernhonig-460-g\/\",\"name\":\"Bio-Kiefernhonig- 460 g - Ellados\",\"isPartOf\":{\"@id\":\"https:\/\/ellados-shop.com\/de\/#website\"},\"primaryImageOfPage\":{\"@id\":\"https:\/\/ellados-shop.com\/de\/laden\/lebensmittelgeschaft\/sus\/bio-kiefernhonig-460-g\/#primaryimage\"},\"image\":{\"@id\":\"https:\/\/ellados-shop.com\/de\/laden\/lebensmittelgeschaft\/sus\/bio-kiefernhonig-460-g\/#primaryimage\"},\"thumbnailUrl\":\"https:\/\/ellados-shop.com\/wp-content\/uploads\/Miel-pin-bio.png\",\"datePublished\":\"2024-09-23T13:04:56+00:00\",\"dateModified\":\"2024-09-30T15:27:14+00:00\",\"description\":\"Kiefern honig, ein seltener und wertvoller Honig mit geringem Zuckergehalt! Genie\u00dfen Sie diesen Honig mit bet\u00f6renden Aromen, die einige karamelisierte Noten enth\u00fcllen.\",\"breadcrumb\":{\"@id\":\"https:\/\/ellados-shop.com\/de\/laden\/lebensmittelgeschaft\/sus\/bio-kiefernhonig-460-g\/#breadcrumb\"},\"inLanguage\":\"de\",\"potentialAction\":[{\"@type\":\"ReadAction\",\"target\":[\"https:\/\/ellados-shop.com\/de\/laden\/lebensmittelgeschaft\/sus\/bio-kiefernhonig-460-g\/\"]}]},{\"@type\":\"ImageObject\",\"inLanguage\":\"de\",\"@id\":\"https:\/\/ellados-shop.com\/de\/laden\/lebensmittelgeschaft\/sus\/bio-kiefernhonig-460-g\/#primaryimage\",\"url\":\"https:\/\/ellados-shop.com\/wp-content\/uploads\/Miel-pin-bio.png\",\"contentUrl\":\"https:\/\/ellados-shop.com\/wp-content\/uploads\/Miel-pin-bio.png\",\"width\":450,\"height\":450,\"caption\":\"Miel de pin bio\"},{\"@type\":\"BreadcrumbList\",\"@id\":\"https:\/\/ellados-shop.com\/de\/laden\/lebensmittelgeschaft\/sus\/bio-kiefernhonig-460-g\/#breadcrumb\",\"itemListElement\":[{\"@type\":\"ListItem\",\"position\":1,\"name\":\"Accueil\",\"item\":\"https:\/\/ellados-shop.com\/de\/accueil-v2\/\"},{\"@type\":\"ListItem\",\"position\":2,\"name\":\"Boutique\",\"item\":\"https:\/\/ellados-shop.com\/boutique\/\"},{\"@type\":\"ListItem\",\"position\":3,\"name\":\"Bio-Kiefernhonig- 460 g\"}]},{\"@type\":\"WebSite\",\"@id\":\"https:\/\/ellados-shop.com\/de\/#website\",\"url\":\"https:\/\/ellados-shop.com\/de\/\",\"name\":\"Ellados\",\"description\":\"\",\"potentialAction\":[{\"@type\":\"SearchAction\",\"target\":{\"@type\":\"EntryPoint\",\"urlTemplate\":\"https:\/\/ellados-shop.com\/de\/?s={search_term_string}\"},\"query-input\":{\"@type\":\"PropertyValueSpecification\",\"valueRequired\":true,\"valueName\":\"search_term_string\"}}],\"inLanguage\":\"de\"}]}<\/script>\n<!-- \/ Yoast SEO plugin. -->","yoast_head_json":{"title":"Bio-Kiefernhonig- 460 g - Ellados","description":"Kiefern honig, ein seltener und wertvoller Honig mit geringem Zuckergehalt! Genie\u00dfen Sie diesen Honig mit bet\u00f6renden Aromen, die einige karamelisierte Noten enth\u00fcllen.","robots":{"index":"index","follow":"follow","max-snippet":"max-snippet:-1","max-image-preview":"max-image-preview:large","max-video-preview":"max-video-preview:-1"},"canonical":"https:\/\/ellados-shop.com\/de\/laden\/lebensmittelgeschaft\/sus\/bio-kiefernhonig-460-g\/","og_locale":"de_DE","og_type":"article","og_title":"Bio-Kiefernhonig- 460 g - Ellados","og_description":"Kiefern honig, ein seltener und wertvoller Honig mit geringem Zuckergehalt! Genie\u00dfen Sie diesen Honig mit bet\u00f6renden Aromen, die einige karamelisierte Noten enth\u00fcllen.","og_url":"https:\/\/ellados-shop.com\/de\/laden\/lebensmittelgeschaft\/sus\/bio-kiefernhonig-460-g\/","og_site_name":"Ellados","article_modified_time":"2024-09-30T15:27:14+00:00","og_image":[{"width":450,"height":600,"url":"https:\/\/ellados-shop.com\/wp-content\/uploads\/MIEL-BIO-DE-PIN.png","type":"image\/png"}],"twitter_card":"summary_large_image","twitter_misc":{"Gesch\u00e4tzte Lesezeit":"1\u00a0Minute"},"schema":{"@context":"https:\/\/schema.org","@graph":[{"@type":"WebPage","@id":"https:\/\/ellados-shop.com\/de\/laden\/lebensmittelgeschaft\/sus\/bio-kiefernhonig-460-g\/","url":"https:\/\/ellados-shop.com\/de\/laden\/lebensmittelgeschaft\/sus\/bio-kiefernhonig-460-g\/","name":"Bio-Kiefernhonig- 460 g - Ellados","isPartOf":{"@id":"https:\/\/ellados-shop.com\/de\/#website"},"primaryImageOfPage":{"@id":"https:\/\/ellados-shop.com\/de\/laden\/lebensmittelgeschaft\/sus\/bio-kiefernhonig-460-g\/#primaryimage"},"image":{"@id":"https:\/\/ellados-shop.com\/de\/laden\/lebensmittelgeschaft\/sus\/bio-kiefernhonig-460-g\/#primaryimage"},"thumbnailUrl":"https:\/\/ellados-shop.com\/wp-content\/uploads\/Miel-pin-bio.png","datePublished":"2024-09-23T13:04:56+00:00","dateModified":"2024-09-30T15:27:14+00:00","description":"Kiefern honig, ein seltener und wertvoller Honig mit geringem Zuckergehalt! Genie\u00dfen Sie diesen Honig mit bet\u00f6renden Aromen, die einige karamelisierte Noten enth\u00fcllen.","breadcrumb":{"@id":"https:\/\/ellados-shop.com\/de\/laden\/lebensmittelgeschaft\/sus\/bio-kiefernhonig-460-g\/#breadcrumb"},"inLanguage":"de","potentialAction":[{"@type":"ReadAction","target":["https:\/\/ellados-shop.com\/de\/laden\/lebensmittelgeschaft\/sus\/bio-kiefernhonig-460-g\/"]}]},{"@type":"ImageObject","inLanguage":"de","@id":"https:\/\/ellados-shop.com\/de\/laden\/lebensmittelgeschaft\/sus\/bio-kiefernhonig-460-g\/#primaryimage","url":"https:\/\/ellados-shop.com\/wp-content\/uploads\/Miel-pin-bio.png","contentUrl":"https:\/\/ellados-shop.com\/wp-content\/uploads\/Miel-pin-bio.png","width":450,"height":450,"caption":"Miel de pin bio"},{"@type":"BreadcrumbList","@id":"https:\/\/ellados-shop.com\/de\/laden\/lebensmittelgeschaft\/sus\/bio-kiefernhonig-460-g\/#breadcrumb","itemListElement":[{"@type":"ListItem","position":1,"name":"Accueil","item":"https:\/\/ellados-shop.com\/de\/accueil-v2\/"},{"@type":"ListItem","position":2,"name":"Boutique","item":"https:\/\/ellados-shop.com\/boutique\/"},{"@type":"ListItem","position":3,"name":"Bio-Kiefernhonig- 460 g"}]},{"@type":"WebSite","@id":"https:\/\/ellados-shop.com\/de\/#website","url":"https:\/\/ellados-shop.com\/de\/","name":"Ellados","description":"","potentialAction":[{"@type":"SearchAction","target":{"@type":"EntryPoint","urlTemplate":"https:\/\/ellados-shop.com\/de\/?s={search_term_string}"},"query-input":{"@type":"PropertyValueSpecification","valueRequired":true,"valueName":"search_term_string"}}],"inLanguage":"de"}]}},"_links":{"self":[{"href":"https:\/\/ellados-shop.com\/de\/wp-json\/wp\/v2\/product\/5160","targetHints":{"allow":["GET"]}}],"collection":[{"href":"https:\/\/ellados-shop.com\/de\/wp-json\/wp\/v2\/product"}],"about":[{"href":"https:\/\/ellados-shop.com\/de\/wp-json\/wp\/v2\/types\/product"}],"replies":[{"embeddable":true,"href":"https:\/\/ellados-shop.com\/de\/wp-json\/wp\/v2\/comments?post=5160"}],"wp:featuredmedia":[{"embeddable":true,"href":"https:\/\/ellados-shop.com\/de\/wp-json\/wp\/v2\/media\/5911"}],"wp:attachment":[{"href":"https:\/\/ellados-shop.com\/de\/wp-json\/wp\/v2\/media?parent=5160"}],"wp:term":[{"taxonomy":"product_brand","embeddable":true,"href":"https:\/\/ellados-shop.com\/de\/wp-json\/wp\/v2\/product_brand?post=5160"},{"taxonomy":"product_cat","embeddable":true,"href":"https:\/\/ellados-shop.com\/de\/wp-json\/wp\/v2\/product_cat?post=5160"},{"taxonomy":"product_tag","embeddable":true,"href":"https:\/\/ellados-shop.com\/de\/wp-json\/wp\/v2\/product_tag?post=5160"}],"curies":[{"name":"wp","href":"https:\/\/api.w.org\/{rel}","templated":true}]}}