{"id":5161,"date":"2024-09-22T12:34:03","date_gmt":"2024-09-22T10:34:03","guid":{"rendered":"https:\/\/ellados-shop.com\/?post_type=product&#038;p=5161"},"modified":"2025-12-12T09:24:11","modified_gmt":"2025-12-12T08:24:11","slug":"balsamico-truffel-perlen-50-ml","status":"publish","type":"product","link":"https:\/\/ellados-shop.com\/de\/laden\/griechische-olivenole\/balsamico-truffel-perlen-50-ml\/","title":{"rendered":"Balsamico-Tr\u00fcffel-Perlen- 50 ml"},"content":{"rendered":"<p>G\u00f6nnen Sie sich ein seltenes und <strong>au\u00dfergew\u00f6hnliches Produkt <\/strong>mit diesen Balsamico-Perlen <strong>mit Tr\u00fcffel<\/strong>, hergestellt von der Firma PAPADEAS in Kalamata.<strong> <\/strong>Verleihen Sie Ihren Gerichten den letzten Schliff und bringen Sie einen Hauch von Eleganz in Ihre K\u00fcche mit diesem originellen Gew\u00fcrz! Handwerklich in Griechenland hergestellt, sind diese kleinen, zarten Sph\u00e4ren die perfekte Kombination aus Tradition und Luxus. Knackig und mit einem Knall im Mund entfalten die Balsamico-Perlen mit Tr\u00fcffel die charakteristischen Aromen von Balsamico und Tr\u00fcffel. Ein sofortiges Gef\u00fchl f\u00fcr sofortigen Genuss! Dank ihrer einzigartigen Textur und der eleganten Pr\u00e4sentation verk\u00f6rpern diese Perlen eine moderne und innovative K\u00fcche. Sie bringen einen <strong>Hauch von Originalit\u00e4t und Gastronomie<\/strong> in Ihre Kochkunst<strong>.<\/strong> Sie k\u00f6nnen sie beispielsweise in Ihre Tapas-Rezepte integrieren oder mit Ihren raffinierten Canap\u00e9s kombinieren. Diese Perlen heben auch alle Fischgerichte, ob roh oder gekocht, sowie Ihre Salate hervor. <strong>Bestellen <\/strong>Sie jetzt Ihre Tr\u00fcffel-Balsamico-Perlen und schenken Sie Ihrem Gaumen ein unvergessliches sensorisches Erlebnis. Bringen Sie mit dieser Fusion aus <strong>Tradition<\/strong> und <strong>genussvollem Luxus <\/strong>einen neuen Schwung in Ihre kulinarischen Kreationen.       <\/p>\n","protected":false},"excerpt":{"rendered":"<p>Um eine raffinierte und moderne K\u00fcche zu unterzeichnen, entscheiden Sie sich f\u00fcr diese <strong>Balsamico-Perlen mit Tr\u00fcffel. Originell und innovativ,  <\/strong>bringen sie einen Hauch subtiler Eleganz in viele Ihrer Gerichte und Aperitifs.<\/p>\n","protected":false},"featured_media":5859,"comment_status":"closed","ping_status":"closed","template":"","meta":[],"product_brand":[],"product_cat":[68,88],"product_tag":[],"class_list":{"0":"post-5161","1":"product","2":"type-product","3":"status-publish","4":"has-post-thumbnail","6":"product_cat-laden","7":"product_cat-griechische-olivenole","9":"first","10":"outofstock","11":"taxable","12":"shipping-taxable","13":"purchasable","14":"product-type-simple"},"yoast_head":"<!-- This site is optimized with the Yoast SEO plugin v26.8 - https:\/\/yoast.com\/product\/yoast-seo-wordpress\/ -->\n<title>Balsamico-Tr\u00fcffel-Perlen- 50 ml - Ellados<\/title>\n<meta name=\"description\" content=\"Lassen Sie sich von einem seltenen und au\u00dfergew\u00f6hnlichen Produkt verf\u00fchren, das Tradition und Moderne vereint \u2013 diesen Balsamico-Perlen mit Tr\u00fcffel und intensiven Aromen.\" \/>\n<meta name=\"robots\" content=\"index, follow, max-snippet:-1, max-image-preview:large, max-video-preview:-1\" \/>\n<link rel=\"canonical\" href=\"https:\/\/ellados-shop.com\/de\/laden\/griechische-olivenole\/balsamico-truffel-perlen-50-ml\/\" \/>\n<meta property=\"og:locale\" content=\"de_DE\" \/>\n<meta property=\"og:type\" content=\"article\" \/>\n<meta property=\"og:title\" content=\"Balsamico-Tr\u00fcffel-Perlen- 50 ml - Ellados\" \/>\n<meta property=\"og:description\" content=\"Lassen Sie sich von einem seltenen und au\u00dfergew\u00f6hnlichen Produkt verf\u00fchren, das Tradition und Moderne vereint \u2013 diesen Balsamico-Perlen mit Tr\u00fcffel und intensiven Aromen.\" \/>\n<meta property=\"og:url\" content=\"https:\/\/ellados-shop.com\/de\/laden\/griechische-olivenole\/balsamico-truffel-perlen-50-ml\/\" \/>\n<meta property=\"og:site_name\" content=\"Ellados\" \/>\n<meta property=\"article:modified_time\" content=\"2025-12-12T08:24:11+00:00\" \/>\n<meta property=\"og:image\" content=\"https:\/\/ellados-shop.com\/wp-content\/uploads\/Perles-vinaigre-truffe-.png\" \/>\n\t<meta property=\"og:image:width\" content=\"450\" \/>\n\t<meta property=\"og:image:height\" content=\"450\" \/>\n\t<meta property=\"og:image:type\" content=\"image\/png\" \/>\n<meta name=\"twitter:card\" content=\"summary_large_image\" \/>\n<meta name=\"twitter:label1\" content=\"Gesch\u00e4tzte Lesezeit\" \/>\n\t<meta name=\"twitter:data1\" content=\"1\u00a0Minute\" \/>\n<script type=\"application\/ld+json\" class=\"yoast-schema-graph\">{\"@context\":\"https:\/\/schema.org\",\"@graph\":[{\"@type\":\"WebPage\",\"@id\":\"https:\/\/ellados-shop.com\/de\/laden\/griechische-olivenole\/balsamico-truffel-perlen-50-ml\/\",\"url\":\"https:\/\/ellados-shop.com\/de\/laden\/griechische-olivenole\/balsamico-truffel-perlen-50-ml\/\",\"name\":\"Balsamico-Tr\u00fcffel-Perlen- 50 ml - Ellados\",\"isPartOf\":{\"@id\":\"https:\/\/ellados-shop.com\/de\/#website\"},\"primaryImageOfPage\":{\"@id\":\"https:\/\/ellados-shop.com\/de\/laden\/griechische-olivenole\/balsamico-truffel-perlen-50-ml\/#primaryimage\"},\"image\":{\"@id\":\"https:\/\/ellados-shop.com\/de\/laden\/griechische-olivenole\/balsamico-truffel-perlen-50-ml\/#primaryimage\"},\"thumbnailUrl\":\"https:\/\/ellados-shop.com\/wp-content\/uploads\/Perles-vinaigre-truffe-.png\",\"datePublished\":\"2024-09-22T10:34:03+00:00\",\"dateModified\":\"2025-12-12T08:24:11+00:00\",\"description\":\"Lassen Sie sich von einem seltenen und au\u00dfergew\u00f6hnlichen Produkt verf\u00fchren, das Tradition und Moderne vereint \u2013 diesen Balsamico-Perlen mit Tr\u00fcffel und intensiven Aromen.\",\"breadcrumb\":{\"@id\":\"https:\/\/ellados-shop.com\/de\/laden\/griechische-olivenole\/balsamico-truffel-perlen-50-ml\/#breadcrumb\"},\"inLanguage\":\"de\",\"potentialAction\":[{\"@type\":\"ReadAction\",\"target\":[\"https:\/\/ellados-shop.com\/de\/laden\/griechische-olivenole\/balsamico-truffel-perlen-50-ml\/\"]}]},{\"@type\":\"ImageObject\",\"inLanguage\":\"de\",\"@id\":\"https:\/\/ellados-shop.com\/de\/laden\/griechische-olivenole\/balsamico-truffel-perlen-50-ml\/#primaryimage\",\"url\":\"https:\/\/ellados-shop.com\/wp-content\/uploads\/Perles-vinaigre-truffe-.png\",\"contentUrl\":\"https:\/\/ellados-shop.com\/wp-content\/uploads\/Perles-vinaigre-truffe-.png\",\"width\":450,\"height\":450,\"caption\":\"perles vinaigre truffe\"},{\"@type\":\"BreadcrumbList\",\"@id\":\"https:\/\/ellados-shop.com\/de\/laden\/griechische-olivenole\/balsamico-truffel-perlen-50-ml\/#breadcrumb\",\"itemListElement\":[{\"@type\":\"ListItem\",\"position\":1,\"name\":\"Accueil\",\"item\":\"https:\/\/ellados-shop.com\/de\/accueil-v2\/\"},{\"@type\":\"ListItem\",\"position\":2,\"name\":\"Boutique\",\"item\":\"https:\/\/ellados-shop.com\/boutique\/\"},{\"@type\":\"ListItem\",\"position\":3,\"name\":\"Balsamico-Tr\u00fcffel-Perlen- 50 ml\"}]},{\"@type\":\"WebSite\",\"@id\":\"https:\/\/ellados-shop.com\/de\/#website\",\"url\":\"https:\/\/ellados-shop.com\/de\/\",\"name\":\"Ellados\",\"description\":\"\",\"potentialAction\":[{\"@type\":\"SearchAction\",\"target\":{\"@type\":\"EntryPoint\",\"urlTemplate\":\"https:\/\/ellados-shop.com\/de\/?s={search_term_string}\"},\"query-input\":{\"@type\":\"PropertyValueSpecification\",\"valueRequired\":true,\"valueName\":\"search_term_string\"}}],\"inLanguage\":\"de\"}]}<\/script>\n<!-- \/ Yoast SEO plugin. -->","yoast_head_json":{"title":"Balsamico-Tr\u00fcffel-Perlen- 50 ml - Ellados","description":"Lassen Sie sich von einem seltenen und au\u00dfergew\u00f6hnlichen Produkt verf\u00fchren, das Tradition und Moderne vereint \u2013 diesen Balsamico-Perlen mit Tr\u00fcffel und intensiven Aromen.","robots":{"index":"index","follow":"follow","max-snippet":"max-snippet:-1","max-image-preview":"max-image-preview:large","max-video-preview":"max-video-preview:-1"},"canonical":"https:\/\/ellados-shop.com\/de\/laden\/griechische-olivenole\/balsamico-truffel-perlen-50-ml\/","og_locale":"de_DE","og_type":"article","og_title":"Balsamico-Tr\u00fcffel-Perlen- 50 ml - Ellados","og_description":"Lassen Sie sich von einem seltenen und au\u00dfergew\u00f6hnlichen Produkt verf\u00fchren, das Tradition und Moderne vereint \u2013 diesen Balsamico-Perlen mit Tr\u00fcffel und intensiven Aromen.","og_url":"https:\/\/ellados-shop.com\/de\/laden\/griechische-olivenole\/balsamico-truffel-perlen-50-ml\/","og_site_name":"Ellados","article_modified_time":"2025-12-12T08:24:11+00:00","og_image":[{"width":450,"height":450,"url":"https:\/\/ellados-shop.com\/wp-content\/uploads\/Perles-vinaigre-truffe-.png","type":"image\/png"}],"twitter_card":"summary_large_image","twitter_misc":{"Gesch\u00e4tzte Lesezeit":"1\u00a0Minute"},"schema":{"@context":"https:\/\/schema.org","@graph":[{"@type":"WebPage","@id":"https:\/\/ellados-shop.com\/de\/laden\/griechische-olivenole\/balsamico-truffel-perlen-50-ml\/","url":"https:\/\/ellados-shop.com\/de\/laden\/griechische-olivenole\/balsamico-truffel-perlen-50-ml\/","name":"Balsamico-Tr\u00fcffel-Perlen- 50 ml - Ellados","isPartOf":{"@id":"https:\/\/ellados-shop.com\/de\/#website"},"primaryImageOfPage":{"@id":"https:\/\/ellados-shop.com\/de\/laden\/griechische-olivenole\/balsamico-truffel-perlen-50-ml\/#primaryimage"},"image":{"@id":"https:\/\/ellados-shop.com\/de\/laden\/griechische-olivenole\/balsamico-truffel-perlen-50-ml\/#primaryimage"},"thumbnailUrl":"https:\/\/ellados-shop.com\/wp-content\/uploads\/Perles-vinaigre-truffe-.png","datePublished":"2024-09-22T10:34:03+00:00","dateModified":"2025-12-12T08:24:11+00:00","description":"Lassen Sie sich von einem seltenen und au\u00dfergew\u00f6hnlichen Produkt verf\u00fchren, das Tradition und Moderne vereint \u2013 diesen Balsamico-Perlen mit Tr\u00fcffel und intensiven Aromen.","breadcrumb":{"@id":"https:\/\/ellados-shop.com\/de\/laden\/griechische-olivenole\/balsamico-truffel-perlen-50-ml\/#breadcrumb"},"inLanguage":"de","potentialAction":[{"@type":"ReadAction","target":["https:\/\/ellados-shop.com\/de\/laden\/griechische-olivenole\/balsamico-truffel-perlen-50-ml\/"]}]},{"@type":"ImageObject","inLanguage":"de","@id":"https:\/\/ellados-shop.com\/de\/laden\/griechische-olivenole\/balsamico-truffel-perlen-50-ml\/#primaryimage","url":"https:\/\/ellados-shop.com\/wp-content\/uploads\/Perles-vinaigre-truffe-.png","contentUrl":"https:\/\/ellados-shop.com\/wp-content\/uploads\/Perles-vinaigre-truffe-.png","width":450,"height":450,"caption":"perles vinaigre truffe"},{"@type":"BreadcrumbList","@id":"https:\/\/ellados-shop.com\/de\/laden\/griechische-olivenole\/balsamico-truffel-perlen-50-ml\/#breadcrumb","itemListElement":[{"@type":"ListItem","position":1,"name":"Accueil","item":"https:\/\/ellados-shop.com\/de\/accueil-v2\/"},{"@type":"ListItem","position":2,"name":"Boutique","item":"https:\/\/ellados-shop.com\/boutique\/"},{"@type":"ListItem","position":3,"name":"Balsamico-Tr\u00fcffel-Perlen- 50 ml"}]},{"@type":"WebSite","@id":"https:\/\/ellados-shop.com\/de\/#website","url":"https:\/\/ellados-shop.com\/de\/","name":"Ellados","description":"","potentialAction":[{"@type":"SearchAction","target":{"@type":"EntryPoint","urlTemplate":"https:\/\/ellados-shop.com\/de\/?s={search_term_string}"},"query-input":{"@type":"PropertyValueSpecification","valueRequired":true,"valueName":"search_term_string"}}],"inLanguage":"de"}]}},"_links":{"self":[{"href":"https:\/\/ellados-shop.com\/de\/wp-json\/wp\/v2\/product\/5161","targetHints":{"allow":["GET"]}}],"collection":[{"href":"https:\/\/ellados-shop.com\/de\/wp-json\/wp\/v2\/product"}],"about":[{"href":"https:\/\/ellados-shop.com\/de\/wp-json\/wp\/v2\/types\/product"}],"replies":[{"embeddable":true,"href":"https:\/\/ellados-shop.com\/de\/wp-json\/wp\/v2\/comments?post=5161"}],"wp:featuredmedia":[{"embeddable":true,"href":"https:\/\/ellados-shop.com\/de\/wp-json\/wp\/v2\/media\/5859"}],"wp:attachment":[{"href":"https:\/\/ellados-shop.com\/de\/wp-json\/wp\/v2\/media?parent=5161"}],"wp:term":[{"taxonomy":"product_brand","embeddable":true,"href":"https:\/\/ellados-shop.com\/de\/wp-json\/wp\/v2\/product_brand?post=5161"},{"taxonomy":"product_cat","embeddable":true,"href":"https:\/\/ellados-shop.com\/de\/wp-json\/wp\/v2\/product_cat?post=5161"},{"taxonomy":"product_tag","embeddable":true,"href":"https:\/\/ellados-shop.com\/de\/wp-json\/wp\/v2\/product_tag?post=5161"}],"curies":[{"name":"wp","href":"https:\/\/api.w.org\/{rel}","templated":true}]}}