{"id":5162,"date":"2024-09-20T20:14:42","date_gmt":"2024-09-20T18:14:42","guid":{"rendered":"https:\/\/ellados-shop.com\/?post_type=product&#038;p=5162"},"modified":"2025-02-05T23:02:04","modified_gmt":"2025-02-05T22:02:04","slug":"naturlicher-orangenhonig-460-g","status":"publish","type":"product","link":"https:\/\/ellados-shop.com\/de\/laden\/lebensmittelgeschaft\/sus\/naturlicher-orangenhonig-460-g\/","title":{"rendered":"Nat\u00fcrlicher Orangenhonig &#8211; 460 g"},"content":{"rendered":"<p>Der nat\u00fcrliche <strong>Orangenhonig<\/strong>, produziert von Melifimos, stammt aus den sonnenverw\u00f6hnten Obstg\u00e4rten von Kalamata in Griechenland. Das mediterrane Klima, das sich durch milde Winter und hei\u00dfe Sommer auszeichnet, f\u00f6rdert die Bl\u00fcte der Orangenb\u00e4ume und erm\u00f6glicht es den Bienen, einen Honig mit unvergleichlichen <strong>fruchtigen und floralen Aromen<\/strong> zu erzeugen. Dieser nat\u00fcrliche Honig ist das Ergebnis einer natur- und traditionsbewussten Imkerei, die von dem Team um Konstantinos betrieben wird. Dank dieser <strong>handwerklichen Produktionsmethoden<\/strong> bewahrt dieser Orangenhonig seine Reinheit und seine wohltuenden Eigenschaften.<br \/>Ein einzigartiger und raffinierter Geschmack: Der nat\u00fcrliche Orangenhonig ist bekannt f\u00fcr seinen dezent aromatischen Geschmack und sein perfektes Gleichgewicht zwischen S\u00fc\u00dfe und S\u00e4ure. Er zeichnet sich durch seine subtil fruchtigen, s\u00fc\u00dfen Noten aus, die an das Aroma der bl\u00fchenden Orangenbl\u00fcten erinnern. Neben diesen geschmacklichen Besonderheiten bietet Honig zahlreiche <strong>gesundheitliche<\/strong> Vorteile. Reich an Antioxidantien tr\u00e4gt er zur St\u00e4rkung des Immunsystems bei und hilft, die freien Radikale zu bek\u00e4mpfen, die f\u00fcr die Zellalterung verantwortlich sind. Dank seiner nat\u00fcrlichen antiseptischen Eigenschaften ist er auch wirksam zur <strong>Linderung von Halsschmerzen<\/strong> und zur <strong>F\u00f6rderung einer guten Verdauung.<\/strong><br \/>Seine glatte und cremige Textur macht ihn zu einer idealen Erg\u00e4nzung f\u00fcr Ihre Tees, Joghurts oder Brote. Er harmoniert auch perfekt mit Geb\u00e4ck, Desserts oder Marinaden und verleiht Ihren kulinarischen Kreationen eine feine Note.          &nbsp;<\/p>\n<p>&nbsp;<\/p>\n","protected":false},"excerpt":{"rendered":"<p>Entdecken Sie einen nat\u00fcrlichen Orangenhonig <strong>ohne Zusatzstoffe oder Konservierungsmittel<\/strong>, geerntet in der N\u00e4he der Orangenhaine von Kalamata in Griechenland. Lassen Sie sich von seiner cremigen Textur und seinem <strong>einzigartigen Geschmack<\/strong> verf\u00fchren! <\/p>\n","protected":false},"featured_media":5908,"comment_status":"closed","ping_status":"closed","template":"","meta":[],"product_brand":[],"product_cat":[68,92,110],"product_tag":[],"class_list":{"0":"post-5162","1":"product","2":"type-product","3":"status-publish","4":"has-post-thumbnail","6":"product_cat-laden","7":"product_cat-lebensmittelgeschaft","8":"product_cat-sus","10":"first","11":"instock","12":"taxable","13":"shipping-taxable","14":"purchasable","15":"product-type-simple"},"yoast_head":"<!-- This site is optimized with the Yoast SEO plugin v26.8 - https:\/\/yoast.com\/product\/yoast-seo-wordpress\/ -->\n<title>Nat\u00fcrlicher Orangenhonig - 460 g - Ellados<\/title>\n<meta name=\"description\" content=\"Genie\u00dfen Sie diesen nat\u00fcrlichen Orangenhonig, ohne Zusatzstoffe oder Konservierungsmittel. Erleben Sie einen zart aromatischen Geschmack und ein perfektes Gleichgewicht zwischen S\u00fc\u00dfe und S\u00e4ure.\" \/>\n<meta name=\"robots\" content=\"index, follow, max-snippet:-1, max-image-preview:large, max-video-preview:-1\" \/>\n<link rel=\"canonical\" href=\"https:\/\/ellados-shop.com\/de\/laden\/lebensmittelgeschaft\/sus\/naturlicher-orangenhonig-460-g\/\" \/>\n<meta property=\"og:locale\" content=\"de_DE\" \/>\n<meta property=\"og:type\" content=\"article\" \/>\n<meta property=\"og:title\" content=\"Nat\u00fcrlicher Orangenhonig - 460 g - Ellados\" \/>\n<meta property=\"og:description\" content=\"Genie\u00dfen Sie diesen nat\u00fcrlichen Orangenhonig, ohne Zusatzstoffe oder Konservierungsmittel. Erleben Sie einen zart aromatischen Geschmack und ein perfektes Gleichgewicht zwischen S\u00fc\u00dfe und S\u00e4ure.\" \/>\n<meta property=\"og:url\" content=\"https:\/\/ellados-shop.com\/de\/laden\/lebensmittelgeschaft\/sus\/naturlicher-orangenhonig-460-g\/\" \/>\n<meta property=\"og:site_name\" content=\"Ellados\" \/>\n<meta property=\"article:modified_time\" content=\"2025-02-05T22:02:04+00:00\" \/>\n<meta property=\"og:image\" content=\"https:\/\/ellados-shop.com\/wp-content\/uploads\/MIEL-D-ORANGE.png\" \/>\n\t<meta property=\"og:image:width\" content=\"450\" \/>\n\t<meta property=\"og:image:height\" content=\"600\" \/>\n\t<meta property=\"og:image:type\" content=\"image\/png\" \/>\n<meta name=\"twitter:card\" content=\"summary_large_image\" \/>\n<meta name=\"twitter:label1\" content=\"Gesch\u00e4tzte Lesezeit\" \/>\n\t<meta name=\"twitter:data1\" content=\"1\u00a0Minute\" \/>\n<script type=\"application\/ld+json\" class=\"yoast-schema-graph\">{\"@context\":\"https:\/\/schema.org\",\"@graph\":[{\"@type\":\"WebPage\",\"@id\":\"https:\/\/ellados-shop.com\/de\/laden\/lebensmittelgeschaft\/sus\/naturlicher-orangenhonig-460-g\/\",\"url\":\"https:\/\/ellados-shop.com\/de\/laden\/lebensmittelgeschaft\/sus\/naturlicher-orangenhonig-460-g\/\",\"name\":\"Nat\u00fcrlicher Orangenhonig - 460 g - Ellados\",\"isPartOf\":{\"@id\":\"https:\/\/ellados-shop.com\/de\/#website\"},\"primaryImageOfPage\":{\"@id\":\"https:\/\/ellados-shop.com\/de\/laden\/lebensmittelgeschaft\/sus\/naturlicher-orangenhonig-460-g\/#primaryimage\"},\"image\":{\"@id\":\"https:\/\/ellados-shop.com\/de\/laden\/lebensmittelgeschaft\/sus\/naturlicher-orangenhonig-460-g\/#primaryimage\"},\"thumbnailUrl\":\"https:\/\/ellados-shop.com\/wp-content\/uploads\/Miel-Orange.png\",\"datePublished\":\"2024-09-20T18:14:42+00:00\",\"dateModified\":\"2025-02-05T22:02:04+00:00\",\"description\":\"Genie\u00dfen Sie diesen nat\u00fcrlichen Orangenhonig, ohne Zusatzstoffe oder Konservierungsmittel. Erleben Sie einen zart aromatischen Geschmack und ein perfektes Gleichgewicht zwischen S\u00fc\u00dfe und S\u00e4ure.\",\"breadcrumb\":{\"@id\":\"https:\/\/ellados-shop.com\/de\/laden\/lebensmittelgeschaft\/sus\/naturlicher-orangenhonig-460-g\/#breadcrumb\"},\"inLanguage\":\"de\",\"potentialAction\":[{\"@type\":\"ReadAction\",\"target\":[\"https:\/\/ellados-shop.com\/de\/laden\/lebensmittelgeschaft\/sus\/naturlicher-orangenhonig-460-g\/\"]}]},{\"@type\":\"ImageObject\",\"inLanguage\":\"de\",\"@id\":\"https:\/\/ellados-shop.com\/de\/laden\/lebensmittelgeschaft\/sus\/naturlicher-orangenhonig-460-g\/#primaryimage\",\"url\":\"https:\/\/ellados-shop.com\/wp-content\/uploads\/Miel-Orange.png\",\"contentUrl\":\"https:\/\/ellados-shop.com\/wp-content\/uploads\/Miel-Orange.png\",\"width\":450,\"height\":450,\"caption\":\"Miel orange\"},{\"@type\":\"BreadcrumbList\",\"@id\":\"https:\/\/ellados-shop.com\/de\/laden\/lebensmittelgeschaft\/sus\/naturlicher-orangenhonig-460-g\/#breadcrumb\",\"itemListElement\":[{\"@type\":\"ListItem\",\"position\":1,\"name\":\"Accueil\",\"item\":\"https:\/\/ellados-shop.com\/de\/accueil-v2\/\"},{\"@type\":\"ListItem\",\"position\":2,\"name\":\"Boutique\",\"item\":\"https:\/\/ellados-shop.com\/boutique\/\"},{\"@type\":\"ListItem\",\"position\":3,\"name\":\"Nat\u00fcrlicher Orangenhonig &#8211; 460 g\"}]},{\"@type\":\"WebSite\",\"@id\":\"https:\/\/ellados-shop.com\/de\/#website\",\"url\":\"https:\/\/ellados-shop.com\/de\/\",\"name\":\"Ellados\",\"description\":\"\",\"potentialAction\":[{\"@type\":\"SearchAction\",\"target\":{\"@type\":\"EntryPoint\",\"urlTemplate\":\"https:\/\/ellados-shop.com\/de\/?s={search_term_string}\"},\"query-input\":{\"@type\":\"PropertyValueSpecification\",\"valueRequired\":true,\"valueName\":\"search_term_string\"}}],\"inLanguage\":\"de\"}]}<\/script>\n<!-- \/ Yoast SEO plugin. -->","yoast_head_json":{"title":"Nat\u00fcrlicher Orangenhonig - 460 g - Ellados","description":"Genie\u00dfen Sie diesen nat\u00fcrlichen Orangenhonig, ohne Zusatzstoffe oder Konservierungsmittel. Erleben Sie einen zart aromatischen Geschmack und ein perfektes Gleichgewicht zwischen S\u00fc\u00dfe und S\u00e4ure.","robots":{"index":"index","follow":"follow","max-snippet":"max-snippet:-1","max-image-preview":"max-image-preview:large","max-video-preview":"max-video-preview:-1"},"canonical":"https:\/\/ellados-shop.com\/de\/laden\/lebensmittelgeschaft\/sus\/naturlicher-orangenhonig-460-g\/","og_locale":"de_DE","og_type":"article","og_title":"Nat\u00fcrlicher Orangenhonig - 460 g - Ellados","og_description":"Genie\u00dfen Sie diesen nat\u00fcrlichen Orangenhonig, ohne Zusatzstoffe oder Konservierungsmittel. Erleben Sie einen zart aromatischen Geschmack und ein perfektes Gleichgewicht zwischen S\u00fc\u00dfe und S\u00e4ure.","og_url":"https:\/\/ellados-shop.com\/de\/laden\/lebensmittelgeschaft\/sus\/naturlicher-orangenhonig-460-g\/","og_site_name":"Ellados","article_modified_time":"2025-02-05T22:02:04+00:00","og_image":[{"width":450,"height":600,"url":"https:\/\/ellados-shop.com\/wp-content\/uploads\/MIEL-D-ORANGE.png","type":"image\/png"}],"twitter_card":"summary_large_image","twitter_misc":{"Gesch\u00e4tzte Lesezeit":"1\u00a0Minute"},"schema":{"@context":"https:\/\/schema.org","@graph":[{"@type":"WebPage","@id":"https:\/\/ellados-shop.com\/de\/laden\/lebensmittelgeschaft\/sus\/naturlicher-orangenhonig-460-g\/","url":"https:\/\/ellados-shop.com\/de\/laden\/lebensmittelgeschaft\/sus\/naturlicher-orangenhonig-460-g\/","name":"Nat\u00fcrlicher Orangenhonig - 460 g - Ellados","isPartOf":{"@id":"https:\/\/ellados-shop.com\/de\/#website"},"primaryImageOfPage":{"@id":"https:\/\/ellados-shop.com\/de\/laden\/lebensmittelgeschaft\/sus\/naturlicher-orangenhonig-460-g\/#primaryimage"},"image":{"@id":"https:\/\/ellados-shop.com\/de\/laden\/lebensmittelgeschaft\/sus\/naturlicher-orangenhonig-460-g\/#primaryimage"},"thumbnailUrl":"https:\/\/ellados-shop.com\/wp-content\/uploads\/Miel-Orange.png","datePublished":"2024-09-20T18:14:42+00:00","dateModified":"2025-02-05T22:02:04+00:00","description":"Genie\u00dfen Sie diesen nat\u00fcrlichen Orangenhonig, ohne Zusatzstoffe oder Konservierungsmittel. Erleben Sie einen zart aromatischen Geschmack und ein perfektes Gleichgewicht zwischen S\u00fc\u00dfe und S\u00e4ure.","breadcrumb":{"@id":"https:\/\/ellados-shop.com\/de\/laden\/lebensmittelgeschaft\/sus\/naturlicher-orangenhonig-460-g\/#breadcrumb"},"inLanguage":"de","potentialAction":[{"@type":"ReadAction","target":["https:\/\/ellados-shop.com\/de\/laden\/lebensmittelgeschaft\/sus\/naturlicher-orangenhonig-460-g\/"]}]},{"@type":"ImageObject","inLanguage":"de","@id":"https:\/\/ellados-shop.com\/de\/laden\/lebensmittelgeschaft\/sus\/naturlicher-orangenhonig-460-g\/#primaryimage","url":"https:\/\/ellados-shop.com\/wp-content\/uploads\/Miel-Orange.png","contentUrl":"https:\/\/ellados-shop.com\/wp-content\/uploads\/Miel-Orange.png","width":450,"height":450,"caption":"Miel orange"},{"@type":"BreadcrumbList","@id":"https:\/\/ellados-shop.com\/de\/laden\/lebensmittelgeschaft\/sus\/naturlicher-orangenhonig-460-g\/#breadcrumb","itemListElement":[{"@type":"ListItem","position":1,"name":"Accueil","item":"https:\/\/ellados-shop.com\/de\/accueil-v2\/"},{"@type":"ListItem","position":2,"name":"Boutique","item":"https:\/\/ellados-shop.com\/boutique\/"},{"@type":"ListItem","position":3,"name":"Nat\u00fcrlicher Orangenhonig &#8211; 460 g"}]},{"@type":"WebSite","@id":"https:\/\/ellados-shop.com\/de\/#website","url":"https:\/\/ellados-shop.com\/de\/","name":"Ellados","description":"","potentialAction":[{"@type":"SearchAction","target":{"@type":"EntryPoint","urlTemplate":"https:\/\/ellados-shop.com\/de\/?s={search_term_string}"},"query-input":{"@type":"PropertyValueSpecification","valueRequired":true,"valueName":"search_term_string"}}],"inLanguage":"de"}]}},"_links":{"self":[{"href":"https:\/\/ellados-shop.com\/de\/wp-json\/wp\/v2\/product\/5162","targetHints":{"allow":["GET"]}}],"collection":[{"href":"https:\/\/ellados-shop.com\/de\/wp-json\/wp\/v2\/product"}],"about":[{"href":"https:\/\/ellados-shop.com\/de\/wp-json\/wp\/v2\/types\/product"}],"replies":[{"embeddable":true,"href":"https:\/\/ellados-shop.com\/de\/wp-json\/wp\/v2\/comments?post=5162"}],"wp:featuredmedia":[{"embeddable":true,"href":"https:\/\/ellados-shop.com\/de\/wp-json\/wp\/v2\/media\/5908"}],"wp:attachment":[{"href":"https:\/\/ellados-shop.com\/de\/wp-json\/wp\/v2\/media?parent=5162"}],"wp:term":[{"taxonomy":"product_brand","embeddable":true,"href":"https:\/\/ellados-shop.com\/de\/wp-json\/wp\/v2\/product_brand?post=5162"},{"taxonomy":"product_cat","embeddable":true,"href":"https:\/\/ellados-shop.com\/de\/wp-json\/wp\/v2\/product_cat?post=5162"},{"taxonomy":"product_tag","embeddable":true,"href":"https:\/\/ellados-shop.com\/de\/wp-json\/wp\/v2\/product_tag?post=5162"}],"curies":[{"name":"wp","href":"https:\/\/api.w.org\/{rel}","templated":true}]}}