{"id":5182,"date":"2024-09-25T15:45:21","date_gmt":"2024-09-25T13:45:21","guid":{"rendered":"https:\/\/ellados-shop.com\/?post_type=product&#038;p=5182"},"modified":"2025-02-05T23:02:03","modified_gmt":"2025-02-05T22:02:03","slug":"tomaten-und-fetasose-280-g","status":"publish","type":"product","link":"https:\/\/ellados-shop.com\/de\/laden\/lebensmittelgeschaft\/gesalzen\/tomaten-und-fetasose-280-g\/","title":{"rendered":"Tomaten- und Fetaso\u00dfe &#8211; 280 g"},"content":{"rendered":"<p>Genie\u00dfen Sie diese <strong>Tomaten-Feta-Sauce<\/strong>, eine k\u00f6stliche mediterrane Spezialit\u00e4t, die in Griechenland hergestellt wird. Die gelungene Verbindung der griechischen Tradition mit Feta und der Frische eines s\u00fcdlichen Gem\u00fcses, der Tomate. Dieses exquisite Gemisch vereint die S\u00fc\u00dfe sonnenreifer Tomaten mit der cremigen Reichhaltigkeit des Fetas. G\u00f6nnen Sie sich ein einzigartiges Geschmackserlebnis, das Sie direkt an die Ufer der \u00c4g\u00e4is versetzt. Die Tomaten-Feta-Sauce ist die ideale Wahl, um Ihre Gerichte und Rezepte zu verfeinern. Perfekt f\u00fcr <strong>Pasta,<\/strong> eignet sie sich auch hervorragend als <strong>Pizzaboden<\/strong>. Sie bringt eine frische Note und Tiefe in Ihre kulinarischen Kreationen. Ihre <strong>cremige Textur <\/strong>und ihr <strong>k\u00f6stlicher Geschmack <\/strong>machen sie zu einem unverzichtbaren Gew\u00fcrz f\u00fcr Liebhaber der mediterranen K\u00fcche. Sorgf\u00e4ltig in der N\u00e4he von Athen in Griechenland hergestellt, wird die Sauce aus hochwertigen lokalen Tomaten und cremigem Feta mit unverwechselbarem Geschmack hergestellt. <strong>Ohne Konservierungsstoffe oder k\u00fcnstliche Farbstoffe<\/strong> sind die verwendeten Rohstoffe nat\u00fcrlich. Jedes Glas ist mit Leidenschaft und Tradition gef\u00fcllt und respektiert handwerkliche Methoden, um eine au\u00dfergew\u00f6hnliche Qualit\u00e4t zu gew\u00e4hrleisten. Dieses Produkt spiegelt die Authentizit\u00e4t der griechischen Gastronomie wider, mit sorgf\u00e4ltig ausgew\u00e4hlten Zutaten, um die nat\u00fcrlichen Aromen zu bewahren. F\u00fcgen Sie die Tomaten-Feta-Sauce Ihrer K\u00fcche hinzu, um einfache, <strong>schnelle, gesunde und k\u00f6stliche Mahlzeiten zu kreieren<\/strong>. Ob f\u00fcr ein Familienessen oder ein Essen mit Freunden, diese Sauce wird Ihre G\u00e4ste begeistern und jedes Gericht zu einem Moment des Teilens machen.           <\/p>\n","protected":false},"excerpt":{"rendered":"<p>Eine Tomaten-Feta-Sauce mit <strong>cremigem<\/strong> und <strong>reichhaltigem Geschmack<\/strong> f\u00fcr ein unvergessliches Aroma! In dieser Sauce finden Sie die Urspr\u00fcnge Griechenlands. Sie ist die perfekte Begleitung f\u00fcr Ihre Pasta, Reis oder Pizzen. <\/p>\n","protected":false},"featured_media":5829,"comment_status":"closed","ping_status":"closed","template":"","meta":[],"product_brand":[],"product_cat":[68,92,106],"product_tag":[],"class_list":{"0":"post-5182","1":"product","2":"type-product","3":"status-publish","4":"has-post-thumbnail","6":"product_cat-laden","7":"product_cat-lebensmittelgeschaft","8":"product_cat-gesalzen","10":"first","11":"outofstock","12":"taxable","13":"shipping-taxable","14":"purchasable","15":"product-type-simple"},"yoast_head":"<!-- This site is optimized with the Yoast SEO plugin v26.8 - https:\/\/yoast.com\/product\/yoast-seo-wordpress\/ -->\n<title>Tomaten- und Fetaso\u00dfe - 280 g - Ellados<\/title>\n<meta name=\"description\" content=\"Ein einzigartiger und authentischer Geschmack! W\u00e4hlen Sie die Tomaten-Feta-Sauce und entdecken Sie eine originelle Sauce mit den Aromen und D\u00fcften Griechenlands.\" \/>\n<meta name=\"robots\" content=\"index, follow, max-snippet:-1, max-image-preview:large, max-video-preview:-1\" \/>\n<link rel=\"canonical\" href=\"https:\/\/ellados-shop.com\/de\/laden\/lebensmittelgeschaft\/gesalzen\/tomaten-und-fetasose-280-g\/\" \/>\n<meta property=\"og:locale\" content=\"de_DE\" \/>\n<meta property=\"og:type\" content=\"article\" \/>\n<meta property=\"og:title\" content=\"Tomaten- und Fetaso\u00dfe - 280 g - Ellados\" \/>\n<meta property=\"og:description\" content=\"Ein einzigartiger und authentischer Geschmack! W\u00e4hlen Sie die Tomaten-Feta-Sauce und entdecken Sie eine originelle Sauce mit den Aromen und D\u00fcften Griechenlands.\" \/>\n<meta property=\"og:url\" content=\"https:\/\/ellados-shop.com\/de\/laden\/lebensmittelgeschaft\/gesalzen\/tomaten-und-fetasose-280-g\/\" \/>\n<meta property=\"og:site_name\" content=\"Ellados\" \/>\n<meta property=\"article:modified_time\" content=\"2025-02-05T22:02:03+00:00\" \/>\n<meta property=\"og:image\" content=\"https:\/\/ellados-shop.com\/wp-content\/uploads\/SAUCE-TOMATE-FETA.jpg\" \/>\n\t<meta property=\"og:image:width\" content=\"450\" \/>\n\t<meta property=\"og:image:height\" content=\"600\" \/>\n\t<meta property=\"og:image:type\" content=\"image\/jpeg\" \/>\n<meta name=\"twitter:card\" content=\"summary_large_image\" \/>\n<meta name=\"twitter:label1\" content=\"Gesch\u00e4tzte Lesezeit\" \/>\n\t<meta name=\"twitter:data1\" content=\"1\u00a0Minute\" \/>\n<script type=\"application\/ld+json\" class=\"yoast-schema-graph\">{\"@context\":\"https:\/\/schema.org\",\"@graph\":[{\"@type\":\"WebPage\",\"@id\":\"https:\/\/ellados-shop.com\/de\/laden\/lebensmittelgeschaft\/gesalzen\/tomaten-und-fetasose-280-g\/\",\"url\":\"https:\/\/ellados-shop.com\/de\/laden\/lebensmittelgeschaft\/gesalzen\/tomaten-und-fetasose-280-g\/\",\"name\":\"Tomaten- und Fetaso\u00dfe - 280 g - Ellados\",\"isPartOf\":{\"@id\":\"https:\/\/ellados-shop.com\/de\/#website\"},\"primaryImageOfPage\":{\"@id\":\"https:\/\/ellados-shop.com\/de\/laden\/lebensmittelgeschaft\/gesalzen\/tomaten-und-fetasose-280-g\/#primaryimage\"},\"image\":{\"@id\":\"https:\/\/ellados-shop.com\/de\/laden\/lebensmittelgeschaft\/gesalzen\/tomaten-und-fetasose-280-g\/#primaryimage\"},\"thumbnailUrl\":\"https:\/\/ellados-shop.com\/wp-content\/uploads\/Sauce-Tomate-Feta-1-1.png\",\"datePublished\":\"2024-09-25T13:45:21+00:00\",\"dateModified\":\"2025-02-05T22:02:03+00:00\",\"description\":\"Ein einzigartiger und authentischer Geschmack! W\u00e4hlen Sie die Tomaten-Feta-Sauce und entdecken Sie eine originelle Sauce mit den Aromen und D\u00fcften Griechenlands.\",\"breadcrumb\":{\"@id\":\"https:\/\/ellados-shop.com\/de\/laden\/lebensmittelgeschaft\/gesalzen\/tomaten-und-fetasose-280-g\/#breadcrumb\"},\"inLanguage\":\"de\",\"potentialAction\":[{\"@type\":\"ReadAction\",\"target\":[\"https:\/\/ellados-shop.com\/de\/laden\/lebensmittelgeschaft\/gesalzen\/tomaten-und-fetasose-280-g\/\"]}]},{\"@type\":\"ImageObject\",\"inLanguage\":\"de\",\"@id\":\"https:\/\/ellados-shop.com\/de\/laden\/lebensmittelgeschaft\/gesalzen\/tomaten-und-fetasose-280-g\/#primaryimage\",\"url\":\"https:\/\/ellados-shop.com\/wp-content\/uploads\/Sauce-Tomate-Feta-1-1.png\",\"contentUrl\":\"https:\/\/ellados-shop.com\/wp-content\/uploads\/Sauce-Tomate-Feta-1-1.png\",\"width\":450,\"height\":450,\"caption\":\"sauce tomate feta\"},{\"@type\":\"BreadcrumbList\",\"@id\":\"https:\/\/ellados-shop.com\/de\/laden\/lebensmittelgeschaft\/gesalzen\/tomaten-und-fetasose-280-g\/#breadcrumb\",\"itemListElement\":[{\"@type\":\"ListItem\",\"position\":1,\"name\":\"Accueil\",\"item\":\"https:\/\/ellados-shop.com\/de\/accueil-v2\/\"},{\"@type\":\"ListItem\",\"position\":2,\"name\":\"Boutique\",\"item\":\"https:\/\/ellados-shop.com\/boutique\/\"},{\"@type\":\"ListItem\",\"position\":3,\"name\":\"Tomaten- und Fetaso\u00dfe &#8211; 280 g\"}]},{\"@type\":\"WebSite\",\"@id\":\"https:\/\/ellados-shop.com\/de\/#website\",\"url\":\"https:\/\/ellados-shop.com\/de\/\",\"name\":\"Ellados\",\"description\":\"\",\"potentialAction\":[{\"@type\":\"SearchAction\",\"target\":{\"@type\":\"EntryPoint\",\"urlTemplate\":\"https:\/\/ellados-shop.com\/de\/?s={search_term_string}\"},\"query-input\":{\"@type\":\"PropertyValueSpecification\",\"valueRequired\":true,\"valueName\":\"search_term_string\"}}],\"inLanguage\":\"de\"}]}<\/script>\n<!-- \/ Yoast SEO plugin. -->","yoast_head_json":{"title":"Tomaten- und Fetaso\u00dfe - 280 g - Ellados","description":"Ein einzigartiger und authentischer Geschmack! W\u00e4hlen Sie die Tomaten-Feta-Sauce und entdecken Sie eine originelle Sauce mit den Aromen und D\u00fcften Griechenlands.","robots":{"index":"index","follow":"follow","max-snippet":"max-snippet:-1","max-image-preview":"max-image-preview:large","max-video-preview":"max-video-preview:-1"},"canonical":"https:\/\/ellados-shop.com\/de\/laden\/lebensmittelgeschaft\/gesalzen\/tomaten-und-fetasose-280-g\/","og_locale":"de_DE","og_type":"article","og_title":"Tomaten- und Fetaso\u00dfe - 280 g - Ellados","og_description":"Ein einzigartiger und authentischer Geschmack! W\u00e4hlen Sie die Tomaten-Feta-Sauce und entdecken Sie eine originelle Sauce mit den Aromen und D\u00fcften Griechenlands.","og_url":"https:\/\/ellados-shop.com\/de\/laden\/lebensmittelgeschaft\/gesalzen\/tomaten-und-fetasose-280-g\/","og_site_name":"Ellados","article_modified_time":"2025-02-05T22:02:03+00:00","og_image":[{"width":450,"height":600,"url":"https:\/\/ellados-shop.com\/wp-content\/uploads\/SAUCE-TOMATE-FETA.jpg","type":"image\/jpeg"}],"twitter_card":"summary_large_image","twitter_misc":{"Gesch\u00e4tzte Lesezeit":"1\u00a0Minute"},"schema":{"@context":"https:\/\/schema.org","@graph":[{"@type":"WebPage","@id":"https:\/\/ellados-shop.com\/de\/laden\/lebensmittelgeschaft\/gesalzen\/tomaten-und-fetasose-280-g\/","url":"https:\/\/ellados-shop.com\/de\/laden\/lebensmittelgeschaft\/gesalzen\/tomaten-und-fetasose-280-g\/","name":"Tomaten- und Fetaso\u00dfe - 280 g - Ellados","isPartOf":{"@id":"https:\/\/ellados-shop.com\/de\/#website"},"primaryImageOfPage":{"@id":"https:\/\/ellados-shop.com\/de\/laden\/lebensmittelgeschaft\/gesalzen\/tomaten-und-fetasose-280-g\/#primaryimage"},"image":{"@id":"https:\/\/ellados-shop.com\/de\/laden\/lebensmittelgeschaft\/gesalzen\/tomaten-und-fetasose-280-g\/#primaryimage"},"thumbnailUrl":"https:\/\/ellados-shop.com\/wp-content\/uploads\/Sauce-Tomate-Feta-1-1.png","datePublished":"2024-09-25T13:45:21+00:00","dateModified":"2025-02-05T22:02:03+00:00","description":"Ein einzigartiger und authentischer Geschmack! W\u00e4hlen Sie die Tomaten-Feta-Sauce und entdecken Sie eine originelle Sauce mit den Aromen und D\u00fcften Griechenlands.","breadcrumb":{"@id":"https:\/\/ellados-shop.com\/de\/laden\/lebensmittelgeschaft\/gesalzen\/tomaten-und-fetasose-280-g\/#breadcrumb"},"inLanguage":"de","potentialAction":[{"@type":"ReadAction","target":["https:\/\/ellados-shop.com\/de\/laden\/lebensmittelgeschaft\/gesalzen\/tomaten-und-fetasose-280-g\/"]}]},{"@type":"ImageObject","inLanguage":"de","@id":"https:\/\/ellados-shop.com\/de\/laden\/lebensmittelgeschaft\/gesalzen\/tomaten-und-fetasose-280-g\/#primaryimage","url":"https:\/\/ellados-shop.com\/wp-content\/uploads\/Sauce-Tomate-Feta-1-1.png","contentUrl":"https:\/\/ellados-shop.com\/wp-content\/uploads\/Sauce-Tomate-Feta-1-1.png","width":450,"height":450,"caption":"sauce tomate feta"},{"@type":"BreadcrumbList","@id":"https:\/\/ellados-shop.com\/de\/laden\/lebensmittelgeschaft\/gesalzen\/tomaten-und-fetasose-280-g\/#breadcrumb","itemListElement":[{"@type":"ListItem","position":1,"name":"Accueil","item":"https:\/\/ellados-shop.com\/de\/accueil-v2\/"},{"@type":"ListItem","position":2,"name":"Boutique","item":"https:\/\/ellados-shop.com\/boutique\/"},{"@type":"ListItem","position":3,"name":"Tomaten- und Fetaso\u00dfe &#8211; 280 g"}]},{"@type":"WebSite","@id":"https:\/\/ellados-shop.com\/de\/#website","url":"https:\/\/ellados-shop.com\/de\/","name":"Ellados","description":"","potentialAction":[{"@type":"SearchAction","target":{"@type":"EntryPoint","urlTemplate":"https:\/\/ellados-shop.com\/de\/?s={search_term_string}"},"query-input":{"@type":"PropertyValueSpecification","valueRequired":true,"valueName":"search_term_string"}}],"inLanguage":"de"}]}},"_links":{"self":[{"href":"https:\/\/ellados-shop.com\/de\/wp-json\/wp\/v2\/product\/5182","targetHints":{"allow":["GET"]}}],"collection":[{"href":"https:\/\/ellados-shop.com\/de\/wp-json\/wp\/v2\/product"}],"about":[{"href":"https:\/\/ellados-shop.com\/de\/wp-json\/wp\/v2\/types\/product"}],"replies":[{"embeddable":true,"href":"https:\/\/ellados-shop.com\/de\/wp-json\/wp\/v2\/comments?post=5182"}],"wp:featuredmedia":[{"embeddable":true,"href":"https:\/\/ellados-shop.com\/de\/wp-json\/wp\/v2\/media\/5829"}],"wp:attachment":[{"href":"https:\/\/ellados-shop.com\/de\/wp-json\/wp\/v2\/media?parent=5182"}],"wp:term":[{"taxonomy":"product_brand","embeddable":true,"href":"https:\/\/ellados-shop.com\/de\/wp-json\/wp\/v2\/product_brand?post=5182"},{"taxonomy":"product_cat","embeddable":true,"href":"https:\/\/ellados-shop.com\/de\/wp-json\/wp\/v2\/product_cat?post=5182"},{"taxonomy":"product_tag","embeddable":true,"href":"https:\/\/ellados-shop.com\/de\/wp-json\/wp\/v2\/product_tag?post=5182"}],"curies":[{"name":"wp","href":"https:\/\/api.w.org\/{rel}","templated":true}]}}