{"id":5193,"date":"2024-09-25T16:07:34","date_gmt":"2024-09-25T14:07:34","guid":{"rendered":"https:\/\/ellados-shop.com\/?post_type=product&#038;p=5193"},"modified":"2025-02-05T23:02:03","modified_gmt":"2025-02-05T22:02:03","slug":"orzo-mit-pilzen-240-g","status":"publish","type":"product","link":"https:\/\/ellados-shop.com\/de\/laden\/lebensmittelgeschaft\/gesalzen\/orzo-mit-pilzen-240-g\/","title":{"rendered":"Orzo mit Pilzen &#8211; 240 g"},"content":{"rendered":"<p>Entdecken Sie dieses <strong>Orzo mit gefriergetrockneten Champignons<\/strong>. Eine k\u00f6stliche griechische Spezialit\u00e4t, die Tradition und Innovation verbindet. Hergestellt in Griechenland mit hochwertigen Zutaten, wird dieses Orzo mit schmackhaften Champignons verfeinert, die sorgf\u00e4ltig gefriergetrocknet wurden, um ihre nat\u00fcrlichen Aromen und ihre Textur zu bewahren. Dieses <strong>handwerkliche Produkt<\/strong> bietet Ihnen ein authentisches Gericht f\u00fcr 4 Personen, das in nur <strong>wenigen Minuten zubereitet werden kann.<\/strong><br \/>Ein Gericht, das reich an Aromen und einfach zuzubereiten ist: <strong>Orzo<\/strong> ist auch unter dem Namen &#8222;Kritharaki&#8220; in Griechenland bekannt. Es handelt sich um eine kleine Pasta in Form eines Reiskorns, ideal f\u00fcr warme und tr\u00f6stliche Gerichte. Mit der Zugabe von <strong>gefriergetrockneten Champignons <\/strong>wird es zu einer k\u00f6stlichen und geschmackvollen Option f\u00fcr Gro\u00df und Klein.<br \/>Dieses Orzo mit Champignons eignet sich f\u00fcr viele Rezepte. Es kann beispielsweise als Risotto zubereitet oder zu Suppen hinzugef\u00fcgt werden. Sie k\u00f6nnen es auch als Beilage zu<strong> Fleisch<\/strong> oder <strong>Fisch<\/strong> servieren. Dank seiner <strong>schnellen und einfachen Zubereitung<\/strong> ist das Orzo mit Champignons perfekt f\u00fcr ausgewogene und schmackhafte Mahlzeiten.<br \/>Sorgf\u00e4ltig in der N\u00e4he von Athen in Griechenland hergestellt, besteht dieses Orzo aus nat\u00fcrlichen und lokalen Zutaten. Es ist ein authentisches Produkt aus Griechenland. Die <strong>gefriergetrockneten Champignons<\/strong> werden in ausgew\u00e4hlten Regionen wegen ihrer Qualit\u00e4t geerntet und so getrocknet, dass alle N\u00e4hrstoffe und ihr einzigartiger Geschmack erhalten bleiben. Diese Mischung aus Orzo und Champignons bringt einen Hauch <strong>mediterraner Gastronomie <\/strong>in Ihre K\u00fcche.             <\/p>\n","protected":false},"excerpt":{"rendered":"<p>Eine k\u00f6stliche griechische Spezialit\u00e4t, die <strong>einfach<\/strong> und <strong>schnell<\/strong> f\u00fcr die ganze Familie zubereitet werden kann. Fertig in weniger als 10 Minuten! Entdecken Sie ein Gericht, das reich an Aromen ist und das Sie nach Belieben anpassen k\u00f6nnen.  <\/p>\n","protected":false},"featured_media":5832,"comment_status":"closed","ping_status":"closed","template":"","meta":[],"product_brand":[],"product_cat":[68,92,106],"product_tag":[],"class_list":{"0":"post-5193","1":"product","2":"type-product","3":"status-publish","4":"has-post-thumbnail","6":"product_cat-laden","7":"product_cat-lebensmittelgeschaft","8":"product_cat-gesalzen","10":"first","11":"outofstock","12":"taxable","13":"shipping-taxable","14":"purchasable","15":"product-type-simple"},"yoast_head":"<!-- This site is optimized with the Yoast SEO plugin v26.8 - https:\/\/yoast.com\/product\/yoast-seo-wordpress\/ -->\n<title>Orzo mit Pilzen - 240 g - Ellados<\/title>\n<meta name=\"description\" content=\"Das Orzo mit Champignons, einfach und in 10 Minuten zubereitet, bringt alle Aromen einer k\u00f6stlichen traditionellen griechischen Spezialit\u00e4t zur\u00fcck.\" \/>\n<meta name=\"robots\" content=\"index, follow, max-snippet:-1, max-image-preview:large, max-video-preview:-1\" \/>\n<link rel=\"canonical\" href=\"https:\/\/ellados-shop.com\/de\/laden\/lebensmittelgeschaft\/gesalzen\/orzo-mit-pilzen-240-g\/\" \/>\n<meta property=\"og:locale\" content=\"de_DE\" \/>\n<meta property=\"og:type\" content=\"article\" \/>\n<meta property=\"og:title\" content=\"Orzo mit Pilzen - 240 g - Ellados\" \/>\n<meta property=\"og:description\" content=\"Das Orzo mit Champignons, einfach und in 10 Minuten zubereitet, bringt alle Aromen einer k\u00f6stlichen traditionellen griechischen Spezialit\u00e4t zur\u00fcck.\" \/>\n<meta property=\"og:url\" content=\"https:\/\/ellados-shop.com\/de\/laden\/lebensmittelgeschaft\/gesalzen\/orzo-mit-pilzen-240-g\/\" \/>\n<meta property=\"og:site_name\" content=\"Ellados\" \/>\n<meta property=\"article:modified_time\" content=\"2025-02-05T22:02:03+00:00\" \/>\n<meta property=\"og:image\" content=\"https:\/\/ellados-shop.com\/wp-content\/uploads\/ORZO-AUX-CHAMPIGNONS.png\" \/>\n\t<meta property=\"og:image:width\" content=\"450\" \/>\n\t<meta property=\"og:image:height\" content=\"600\" \/>\n\t<meta property=\"og:image:type\" content=\"image\/png\" \/>\n<meta name=\"twitter:card\" content=\"summary_large_image\" \/>\n<meta name=\"twitter:label1\" content=\"Gesch\u00e4tzte Lesezeit\" \/>\n\t<meta name=\"twitter:data1\" content=\"1\u00a0Minute\" \/>\n<script type=\"application\/ld+json\" class=\"yoast-schema-graph\">{\"@context\":\"https:\/\/schema.org\",\"@graph\":[{\"@type\":\"WebPage\",\"@id\":\"https:\/\/ellados-shop.com\/de\/laden\/lebensmittelgeschaft\/gesalzen\/orzo-mit-pilzen-240-g\/\",\"url\":\"https:\/\/ellados-shop.com\/de\/laden\/lebensmittelgeschaft\/gesalzen\/orzo-mit-pilzen-240-g\/\",\"name\":\"Orzo mit Pilzen - 240 g - Ellados\",\"isPartOf\":{\"@id\":\"https:\/\/ellados-shop.com\/de\/#website\"},\"primaryImageOfPage\":{\"@id\":\"https:\/\/ellados-shop.com\/de\/laden\/lebensmittelgeschaft\/gesalzen\/orzo-mit-pilzen-240-g\/#primaryimage\"},\"image\":{\"@id\":\"https:\/\/ellados-shop.com\/de\/laden\/lebensmittelgeschaft\/gesalzen\/orzo-mit-pilzen-240-g\/#primaryimage\"},\"thumbnailUrl\":\"https:\/\/ellados-shop.com\/wp-content\/uploads\/Orzo-Champignon-1-1.png\",\"datePublished\":\"2024-09-25T14:07:34+00:00\",\"dateModified\":\"2025-02-05T22:02:03+00:00\",\"description\":\"Das Orzo mit Champignons, einfach und in 10 Minuten zubereitet, bringt alle Aromen einer k\u00f6stlichen traditionellen griechischen Spezialit\u00e4t zur\u00fcck.\",\"breadcrumb\":{\"@id\":\"https:\/\/ellados-shop.com\/de\/laden\/lebensmittelgeschaft\/gesalzen\/orzo-mit-pilzen-240-g\/#breadcrumb\"},\"inLanguage\":\"de\",\"potentialAction\":[{\"@type\":\"ReadAction\",\"target\":[\"https:\/\/ellados-shop.com\/de\/laden\/lebensmittelgeschaft\/gesalzen\/orzo-mit-pilzen-240-g\/\"]}]},{\"@type\":\"ImageObject\",\"inLanguage\":\"de\",\"@id\":\"https:\/\/ellados-shop.com\/de\/laden\/lebensmittelgeschaft\/gesalzen\/orzo-mit-pilzen-240-g\/#primaryimage\",\"url\":\"https:\/\/ellados-shop.com\/wp-content\/uploads\/Orzo-Champignon-1-1.png\",\"contentUrl\":\"https:\/\/ellados-shop.com\/wp-content\/uploads\/Orzo-Champignon-1-1.png\",\"width\":450,\"height\":450,\"caption\":\"orzo chamignons\"},{\"@type\":\"BreadcrumbList\",\"@id\":\"https:\/\/ellados-shop.com\/de\/laden\/lebensmittelgeschaft\/gesalzen\/orzo-mit-pilzen-240-g\/#breadcrumb\",\"itemListElement\":[{\"@type\":\"ListItem\",\"position\":1,\"name\":\"Accueil\",\"item\":\"https:\/\/ellados-shop.com\/de\/accueil-v2\/\"},{\"@type\":\"ListItem\",\"position\":2,\"name\":\"Boutique\",\"item\":\"https:\/\/ellados-shop.com\/boutique\/\"},{\"@type\":\"ListItem\",\"position\":3,\"name\":\"Orzo mit Pilzen &#8211; 240 g\"}]},{\"@type\":\"WebSite\",\"@id\":\"https:\/\/ellados-shop.com\/de\/#website\",\"url\":\"https:\/\/ellados-shop.com\/de\/\",\"name\":\"Ellados\",\"description\":\"\",\"potentialAction\":[{\"@type\":\"SearchAction\",\"target\":{\"@type\":\"EntryPoint\",\"urlTemplate\":\"https:\/\/ellados-shop.com\/de\/?s={search_term_string}\"},\"query-input\":{\"@type\":\"PropertyValueSpecification\",\"valueRequired\":true,\"valueName\":\"search_term_string\"}}],\"inLanguage\":\"de\"}]}<\/script>\n<!-- \/ Yoast SEO plugin. -->","yoast_head_json":{"title":"Orzo mit Pilzen - 240 g - Ellados","description":"Das Orzo mit Champignons, einfach und in 10 Minuten zubereitet, bringt alle Aromen einer k\u00f6stlichen traditionellen griechischen Spezialit\u00e4t zur\u00fcck.","robots":{"index":"index","follow":"follow","max-snippet":"max-snippet:-1","max-image-preview":"max-image-preview:large","max-video-preview":"max-video-preview:-1"},"canonical":"https:\/\/ellados-shop.com\/de\/laden\/lebensmittelgeschaft\/gesalzen\/orzo-mit-pilzen-240-g\/","og_locale":"de_DE","og_type":"article","og_title":"Orzo mit Pilzen - 240 g - Ellados","og_description":"Das Orzo mit Champignons, einfach und in 10 Minuten zubereitet, bringt alle Aromen einer k\u00f6stlichen traditionellen griechischen Spezialit\u00e4t zur\u00fcck.","og_url":"https:\/\/ellados-shop.com\/de\/laden\/lebensmittelgeschaft\/gesalzen\/orzo-mit-pilzen-240-g\/","og_site_name":"Ellados","article_modified_time":"2025-02-05T22:02:03+00:00","og_image":[{"width":450,"height":600,"url":"https:\/\/ellados-shop.com\/wp-content\/uploads\/ORZO-AUX-CHAMPIGNONS.png","type":"image\/png"}],"twitter_card":"summary_large_image","twitter_misc":{"Gesch\u00e4tzte Lesezeit":"1\u00a0Minute"},"schema":{"@context":"https:\/\/schema.org","@graph":[{"@type":"WebPage","@id":"https:\/\/ellados-shop.com\/de\/laden\/lebensmittelgeschaft\/gesalzen\/orzo-mit-pilzen-240-g\/","url":"https:\/\/ellados-shop.com\/de\/laden\/lebensmittelgeschaft\/gesalzen\/orzo-mit-pilzen-240-g\/","name":"Orzo mit Pilzen - 240 g - Ellados","isPartOf":{"@id":"https:\/\/ellados-shop.com\/de\/#website"},"primaryImageOfPage":{"@id":"https:\/\/ellados-shop.com\/de\/laden\/lebensmittelgeschaft\/gesalzen\/orzo-mit-pilzen-240-g\/#primaryimage"},"image":{"@id":"https:\/\/ellados-shop.com\/de\/laden\/lebensmittelgeschaft\/gesalzen\/orzo-mit-pilzen-240-g\/#primaryimage"},"thumbnailUrl":"https:\/\/ellados-shop.com\/wp-content\/uploads\/Orzo-Champignon-1-1.png","datePublished":"2024-09-25T14:07:34+00:00","dateModified":"2025-02-05T22:02:03+00:00","description":"Das Orzo mit Champignons, einfach und in 10 Minuten zubereitet, bringt alle Aromen einer k\u00f6stlichen traditionellen griechischen Spezialit\u00e4t zur\u00fcck.","breadcrumb":{"@id":"https:\/\/ellados-shop.com\/de\/laden\/lebensmittelgeschaft\/gesalzen\/orzo-mit-pilzen-240-g\/#breadcrumb"},"inLanguage":"de","potentialAction":[{"@type":"ReadAction","target":["https:\/\/ellados-shop.com\/de\/laden\/lebensmittelgeschaft\/gesalzen\/orzo-mit-pilzen-240-g\/"]}]},{"@type":"ImageObject","inLanguage":"de","@id":"https:\/\/ellados-shop.com\/de\/laden\/lebensmittelgeschaft\/gesalzen\/orzo-mit-pilzen-240-g\/#primaryimage","url":"https:\/\/ellados-shop.com\/wp-content\/uploads\/Orzo-Champignon-1-1.png","contentUrl":"https:\/\/ellados-shop.com\/wp-content\/uploads\/Orzo-Champignon-1-1.png","width":450,"height":450,"caption":"orzo chamignons"},{"@type":"BreadcrumbList","@id":"https:\/\/ellados-shop.com\/de\/laden\/lebensmittelgeschaft\/gesalzen\/orzo-mit-pilzen-240-g\/#breadcrumb","itemListElement":[{"@type":"ListItem","position":1,"name":"Accueil","item":"https:\/\/ellados-shop.com\/de\/accueil-v2\/"},{"@type":"ListItem","position":2,"name":"Boutique","item":"https:\/\/ellados-shop.com\/boutique\/"},{"@type":"ListItem","position":3,"name":"Orzo mit Pilzen &#8211; 240 g"}]},{"@type":"WebSite","@id":"https:\/\/ellados-shop.com\/de\/#website","url":"https:\/\/ellados-shop.com\/de\/","name":"Ellados","description":"","potentialAction":[{"@type":"SearchAction","target":{"@type":"EntryPoint","urlTemplate":"https:\/\/ellados-shop.com\/de\/?s={search_term_string}"},"query-input":{"@type":"PropertyValueSpecification","valueRequired":true,"valueName":"search_term_string"}}],"inLanguage":"de"}]}},"_links":{"self":[{"href":"https:\/\/ellados-shop.com\/de\/wp-json\/wp\/v2\/product\/5193","targetHints":{"allow":["GET"]}}],"collection":[{"href":"https:\/\/ellados-shop.com\/de\/wp-json\/wp\/v2\/product"}],"about":[{"href":"https:\/\/ellados-shop.com\/de\/wp-json\/wp\/v2\/types\/product"}],"replies":[{"embeddable":true,"href":"https:\/\/ellados-shop.com\/de\/wp-json\/wp\/v2\/comments?post=5193"}],"wp:featuredmedia":[{"embeddable":true,"href":"https:\/\/ellados-shop.com\/de\/wp-json\/wp\/v2\/media\/5832"}],"wp:attachment":[{"href":"https:\/\/ellados-shop.com\/de\/wp-json\/wp\/v2\/media?parent=5193"}],"wp:term":[{"taxonomy":"product_brand","embeddable":true,"href":"https:\/\/ellados-shop.com\/de\/wp-json\/wp\/v2\/product_brand?post=5193"},{"taxonomy":"product_cat","embeddable":true,"href":"https:\/\/ellados-shop.com\/de\/wp-json\/wp\/v2\/product_cat?post=5193"},{"taxonomy":"product_tag","embeddable":true,"href":"https:\/\/ellados-shop.com\/de\/wp-json\/wp\/v2\/product_tag?post=5193"}],"curies":[{"name":"wp","href":"https:\/\/api.w.org\/{rel}","templated":true}]}}