{"id":5225,"date":"2024-09-25T21:57:05","date_gmt":"2024-09-25T19:57:05","guid":{"rendered":"https:\/\/ellados-shop.com\/?post_type=product&#038;p=5225"},"modified":"2025-03-20T14:32:00","modified_gmt":"2025-03-20T13:32:00","slug":"oliven-und-feta-tapenade","status":"publish","type":"product","link":"https:\/\/ellados-shop.com\/de\/laden\/lebensmittelgeschaft\/gesalzen\/oliven-und-feta-tapenade\/","title":{"rendered":"Oliven- und Feta-Tapenade"},"content":{"rendered":"<p>Die <strong>Oliven-Feta-Tapenade<\/strong>: eine k\u00f6stliche mediterrane Spezialit\u00e4t, die handwerklich in der N\u00e4he von Athen hergestellt wird. Dieses einzigartige Rezept vereint hochwertige <strong>gr\u00fcne Oliven<\/strong>, die unter der griechischen Sonne geerntet werden, mit <strong>cremigem Feta.<\/strong> Diese Kombination aus typischen Produkten bietet eine perfekt ausgewogene Mischung aus der S\u00fc\u00dfe der Oliven und der Reichhaltigkeit des Fetas. Hergestellt aus nat\u00fcrlichen und lokalen Zutaten enth\u00e4lt diese <strong>griechische Tapenade<\/strong> keine Konservierungsstoffe oder k\u00fcnstlichen Farbstoffe. Jedes Glas spiegelt das authentische Handwerk griechischer Produzenten wider, die die kulinarischen Traditionen der Region respektieren und gleichzeitig den modernen Erwartungen der Verbraucher gerecht werden. Die Tapenade ist ideal f\u00fcr einen Aperitif mit Freunden oder um Ihre Gerichte zu verfeinern, sei es auf knusprigen Toasts, in Sandwiches oder als Beilage zu <strong>Rohkost<\/strong>. Dieses Produkt f\u00fcgt sich perfekt in eine <strong>mediterrane Ern\u00e4hrung <\/strong>ein. Reich an gesunden <strong>Fetts\u00e4uren <\/strong>und authentischen Aromen, bietet diese <strong>Oliven-<\/strong> <strong>Feta tapenade<\/strong> eine genussvolle Note f\u00fcr Ihre Mahlzeiten. Sie ist auch f\u00fcr Vegetarier geeignet und stellt eine hervorragende Option f\u00fcr einen gesunden und ausgewogenen Snack dar. F\u00fcgen Sie die <strong>Oliven-Feta-Tapenade<\/strong> Ihrer K\u00fcche hinzu f\u00fcr ein kulinarisches Erlebnis, das Sie direkt nach Griechenland entf\u00fchrt. Perfekt zur Bereicherung Ihrer Mahlzeiten wird diese Tapenade schnell zu einem unverzichtbaren Bestandteil Ihrer Tische. Genie\u00dfen Sie eine griechische Spezialit\u00e4t, die Tradition und Modernit\u00e4t vereint und gleichzeitig <strong>ern\u00e4hrungsphysiologische Vorteile<\/strong> bietet. Ein einzigartiges Geschmackserlebnis, das Sie nicht verpassen sollten!            <\/p>\n","protected":false},"excerpt":{"rendered":"<p>Eine Abwandlung der Tapenade, um Ihre Geschmacksknospen zu erfreuen! Dieses einzigartige Rezept vereint hochwertige <strong>gr\u00fcne Oliven<\/strong> mit sorgf\u00e4ltig ausgew\u00e4hltem <strong>cremigem Feta<\/strong>. Ein perfektes Gleichgewicht f\u00fcr ein sanftes Ergebnis.  <\/p>\n","protected":false},"featured_media":5811,"comment_status":"closed","ping_status":"closed","template":"","meta":[],"product_brand":[],"product_cat":[68,92,106],"product_tag":[],"class_list":{"0":"post-5225","1":"product","2":"type-product","3":"status-publish","4":"has-post-thumbnail","6":"product_cat-laden","7":"product_cat-lebensmittelgeschaft","8":"product_cat-gesalzen","10":"first","11":"outofstock","12":"taxable","13":"shipping-taxable","14":"purchasable","15":"product-type-simple"},"yoast_head":"<!-- This site is optimized with the Yoast SEO plugin v26.8 - https:\/\/yoast.com\/product\/yoast-seo-wordpress\/ -->\n<title>Oliven- und Feta-Tapenade - Ellados<\/title>\n<meta name=\"description\" content=\"Oliven- und Feta-Tapenade.Entdecken Sie ein einzigartiges Rezept, das hochwertige Oliven mit cremigem Feta kombiniert. Ein wahrer Genuss!\" \/>\n<meta name=\"robots\" content=\"index, follow, max-snippet:-1, max-image-preview:large, max-video-preview:-1\" \/>\n<link rel=\"canonical\" href=\"https:\/\/ellados-shop.com\/de\/laden\/lebensmittelgeschaft\/gesalzen\/oliven-und-feta-tapenade\/\" \/>\n<meta property=\"og:locale\" content=\"de_DE\" \/>\n<meta property=\"og:type\" content=\"article\" \/>\n<meta property=\"og:title\" content=\"Oliven- und Feta-Tapenade - Ellados\" \/>\n<meta property=\"og:description\" content=\"Oliven- und Feta-Tapenade.Entdecken Sie ein einzigartiges Rezept, das hochwertige Oliven mit cremigem Feta kombiniert. Ein wahrer Genuss!\" \/>\n<meta property=\"og:url\" content=\"https:\/\/ellados-shop.com\/de\/laden\/lebensmittelgeschaft\/gesalzen\/oliven-und-feta-tapenade\/\" \/>\n<meta property=\"og:site_name\" content=\"Ellados\" \/>\n<meta property=\"article:modified_time\" content=\"2025-03-20T13:32:00+00:00\" \/>\n<meta property=\"og:image\" content=\"https:\/\/ellados-shop.com\/wp-content\/uploads\/TAPENADE-OLIVES-VERTES-FETA.png\" \/>\n\t<meta property=\"og:image:width\" content=\"450\" \/>\n\t<meta property=\"og:image:height\" content=\"600\" \/>\n\t<meta property=\"og:image:type\" content=\"image\/png\" \/>\n<meta name=\"twitter:card\" content=\"summary_large_image\" \/>\n<meta name=\"twitter:label1\" content=\"Gesch\u00e4tzte Lesezeit\" \/>\n\t<meta name=\"twitter:data1\" content=\"1\u00a0Minute\" \/>\n<script type=\"application\/ld+json\" class=\"yoast-schema-graph\">{\"@context\":\"https:\/\/schema.org\",\"@graph\":[{\"@type\":\"WebPage\",\"@id\":\"https:\/\/ellados-shop.com\/de\/laden\/lebensmittelgeschaft\/gesalzen\/oliven-und-feta-tapenade\/\",\"url\":\"https:\/\/ellados-shop.com\/de\/laden\/lebensmittelgeschaft\/gesalzen\/oliven-und-feta-tapenade\/\",\"name\":\"Oliven- und Feta-Tapenade - Ellados\",\"isPartOf\":{\"@id\":\"https:\/\/ellados-shop.com\/de\/#website\"},\"primaryImageOfPage\":{\"@id\":\"https:\/\/ellados-shop.com\/de\/laden\/lebensmittelgeschaft\/gesalzen\/oliven-und-feta-tapenade\/#primaryimage\"},\"image\":{\"@id\":\"https:\/\/ellados-shop.com\/de\/laden\/lebensmittelgeschaft\/gesalzen\/oliven-und-feta-tapenade\/#primaryimage\"},\"thumbnailUrl\":\"https:\/\/ellados-shop.com\/wp-content\/uploads\/Tapenade-olives-vertes-feta-1.png\",\"datePublished\":\"2024-09-25T19:57:05+00:00\",\"dateModified\":\"2025-03-20T13:32:00+00:00\",\"description\":\"Oliven- und Feta-Tapenade.Entdecken Sie ein einzigartiges Rezept, das hochwertige Oliven mit cremigem Feta kombiniert. Ein wahrer Genuss!\",\"breadcrumb\":{\"@id\":\"https:\/\/ellados-shop.com\/de\/laden\/lebensmittelgeschaft\/gesalzen\/oliven-und-feta-tapenade\/#breadcrumb\"},\"inLanguage\":\"de\",\"potentialAction\":[{\"@type\":\"ReadAction\",\"target\":[\"https:\/\/ellados-shop.com\/de\/laden\/lebensmittelgeschaft\/gesalzen\/oliven-und-feta-tapenade\/\"]}]},{\"@type\":\"ImageObject\",\"inLanguage\":\"de\",\"@id\":\"https:\/\/ellados-shop.com\/de\/laden\/lebensmittelgeschaft\/gesalzen\/oliven-und-feta-tapenade\/#primaryimage\",\"url\":\"https:\/\/ellados-shop.com\/wp-content\/uploads\/Tapenade-olives-vertes-feta-1.png\",\"contentUrl\":\"https:\/\/ellados-shop.com\/wp-content\/uploads\/Tapenade-olives-vertes-feta-1.png\",\"width\":450,\"height\":450,\"caption\":\"Tapenade olives feta\"},{\"@type\":\"BreadcrumbList\",\"@id\":\"https:\/\/ellados-shop.com\/de\/laden\/lebensmittelgeschaft\/gesalzen\/oliven-und-feta-tapenade\/#breadcrumb\",\"itemListElement\":[{\"@type\":\"ListItem\",\"position\":1,\"name\":\"Accueil\",\"item\":\"https:\/\/ellados-shop.com\/de\/accueil-v2\/\"},{\"@type\":\"ListItem\",\"position\":2,\"name\":\"Boutique\",\"item\":\"https:\/\/ellados-shop.com\/boutique\/\"},{\"@type\":\"ListItem\",\"position\":3,\"name\":\"Oliven- und Feta-Tapenade\"}]},{\"@type\":\"WebSite\",\"@id\":\"https:\/\/ellados-shop.com\/de\/#website\",\"url\":\"https:\/\/ellados-shop.com\/de\/\",\"name\":\"Ellados\",\"description\":\"\",\"potentialAction\":[{\"@type\":\"SearchAction\",\"target\":{\"@type\":\"EntryPoint\",\"urlTemplate\":\"https:\/\/ellados-shop.com\/de\/?s={search_term_string}\"},\"query-input\":{\"@type\":\"PropertyValueSpecification\",\"valueRequired\":true,\"valueName\":\"search_term_string\"}}],\"inLanguage\":\"de\"}]}<\/script>\n<!-- \/ Yoast SEO plugin. -->","yoast_head_json":{"title":"Oliven- und Feta-Tapenade - Ellados","description":"Oliven- und Feta-Tapenade.Entdecken Sie ein einzigartiges Rezept, das hochwertige Oliven mit cremigem Feta kombiniert. Ein wahrer Genuss!","robots":{"index":"index","follow":"follow","max-snippet":"max-snippet:-1","max-image-preview":"max-image-preview:large","max-video-preview":"max-video-preview:-1"},"canonical":"https:\/\/ellados-shop.com\/de\/laden\/lebensmittelgeschaft\/gesalzen\/oliven-und-feta-tapenade\/","og_locale":"de_DE","og_type":"article","og_title":"Oliven- und Feta-Tapenade - Ellados","og_description":"Oliven- und Feta-Tapenade.Entdecken Sie ein einzigartiges Rezept, das hochwertige Oliven mit cremigem Feta kombiniert. Ein wahrer Genuss!","og_url":"https:\/\/ellados-shop.com\/de\/laden\/lebensmittelgeschaft\/gesalzen\/oliven-und-feta-tapenade\/","og_site_name":"Ellados","article_modified_time":"2025-03-20T13:32:00+00:00","og_image":[{"width":450,"height":600,"url":"https:\/\/ellados-shop.com\/wp-content\/uploads\/TAPENADE-OLIVES-VERTES-FETA.png","type":"image\/png"}],"twitter_card":"summary_large_image","twitter_misc":{"Gesch\u00e4tzte Lesezeit":"1\u00a0Minute"},"schema":{"@context":"https:\/\/schema.org","@graph":[{"@type":"WebPage","@id":"https:\/\/ellados-shop.com\/de\/laden\/lebensmittelgeschaft\/gesalzen\/oliven-und-feta-tapenade\/","url":"https:\/\/ellados-shop.com\/de\/laden\/lebensmittelgeschaft\/gesalzen\/oliven-und-feta-tapenade\/","name":"Oliven- und Feta-Tapenade - Ellados","isPartOf":{"@id":"https:\/\/ellados-shop.com\/de\/#website"},"primaryImageOfPage":{"@id":"https:\/\/ellados-shop.com\/de\/laden\/lebensmittelgeschaft\/gesalzen\/oliven-und-feta-tapenade\/#primaryimage"},"image":{"@id":"https:\/\/ellados-shop.com\/de\/laden\/lebensmittelgeschaft\/gesalzen\/oliven-und-feta-tapenade\/#primaryimage"},"thumbnailUrl":"https:\/\/ellados-shop.com\/wp-content\/uploads\/Tapenade-olives-vertes-feta-1.png","datePublished":"2024-09-25T19:57:05+00:00","dateModified":"2025-03-20T13:32:00+00:00","description":"Oliven- und Feta-Tapenade.Entdecken Sie ein einzigartiges Rezept, das hochwertige Oliven mit cremigem Feta kombiniert. Ein wahrer Genuss!","breadcrumb":{"@id":"https:\/\/ellados-shop.com\/de\/laden\/lebensmittelgeschaft\/gesalzen\/oliven-und-feta-tapenade\/#breadcrumb"},"inLanguage":"de","potentialAction":[{"@type":"ReadAction","target":["https:\/\/ellados-shop.com\/de\/laden\/lebensmittelgeschaft\/gesalzen\/oliven-und-feta-tapenade\/"]}]},{"@type":"ImageObject","inLanguage":"de","@id":"https:\/\/ellados-shop.com\/de\/laden\/lebensmittelgeschaft\/gesalzen\/oliven-und-feta-tapenade\/#primaryimage","url":"https:\/\/ellados-shop.com\/wp-content\/uploads\/Tapenade-olives-vertes-feta-1.png","contentUrl":"https:\/\/ellados-shop.com\/wp-content\/uploads\/Tapenade-olives-vertes-feta-1.png","width":450,"height":450,"caption":"Tapenade olives feta"},{"@type":"BreadcrumbList","@id":"https:\/\/ellados-shop.com\/de\/laden\/lebensmittelgeschaft\/gesalzen\/oliven-und-feta-tapenade\/#breadcrumb","itemListElement":[{"@type":"ListItem","position":1,"name":"Accueil","item":"https:\/\/ellados-shop.com\/de\/accueil-v2\/"},{"@type":"ListItem","position":2,"name":"Boutique","item":"https:\/\/ellados-shop.com\/boutique\/"},{"@type":"ListItem","position":3,"name":"Oliven- und Feta-Tapenade"}]},{"@type":"WebSite","@id":"https:\/\/ellados-shop.com\/de\/#website","url":"https:\/\/ellados-shop.com\/de\/","name":"Ellados","description":"","potentialAction":[{"@type":"SearchAction","target":{"@type":"EntryPoint","urlTemplate":"https:\/\/ellados-shop.com\/de\/?s={search_term_string}"},"query-input":{"@type":"PropertyValueSpecification","valueRequired":true,"valueName":"search_term_string"}}],"inLanguage":"de"}]}},"_links":{"self":[{"href":"https:\/\/ellados-shop.com\/de\/wp-json\/wp\/v2\/product\/5225","targetHints":{"allow":["GET"]}}],"collection":[{"href":"https:\/\/ellados-shop.com\/de\/wp-json\/wp\/v2\/product"}],"about":[{"href":"https:\/\/ellados-shop.com\/de\/wp-json\/wp\/v2\/types\/product"}],"replies":[{"embeddable":true,"href":"https:\/\/ellados-shop.com\/de\/wp-json\/wp\/v2\/comments?post=5225"}],"wp:featuredmedia":[{"embeddable":true,"href":"https:\/\/ellados-shop.com\/de\/wp-json\/wp\/v2\/media\/5811"}],"wp:attachment":[{"href":"https:\/\/ellados-shop.com\/de\/wp-json\/wp\/v2\/media?parent=5225"}],"wp:term":[{"taxonomy":"product_brand","embeddable":true,"href":"https:\/\/ellados-shop.com\/de\/wp-json\/wp\/v2\/product_brand?post=5225"},{"taxonomy":"product_cat","embeddable":true,"href":"https:\/\/ellados-shop.com\/de\/wp-json\/wp\/v2\/product_cat?post=5225"},{"taxonomy":"product_tag","embeddable":true,"href":"https:\/\/ellados-shop.com\/de\/wp-json\/wp\/v2\/product_tag?post=5225"}],"curies":[{"name":"wp","href":"https:\/\/api.w.org\/{rel}","templated":true}]}}