{"id":5237,"date":"2024-09-28T13:58:57","date_gmt":"2024-09-28T11:58:57","guid":{"rendered":"https:\/\/ellados-shop.com\/?post_type=product&#038;p=5237"},"modified":"2025-02-05T23:02:03","modified_gmt":"2025-02-05T22:02:03","slug":"tomatensose-aubergine-280-g","status":"publish","type":"product","link":"https:\/\/ellados-shop.com\/de\/laden\/lebensmittelgeschaft\/gesalzen\/tomatensose-aubergine-280-g\/","title":{"rendered":"Tomatenso\u00dfe Aubergine -280 g"},"content":{"rendered":"<p>Entdecken Sie die authentische <strong>Auberginen-Tomatensauce<\/strong>, direkt aus den sonnenverw\u00f6hnten Regionen Griechenlands, nahe Athen. Nach einem traditionellen Rezept zubereitet, ist diese Sauce der pure Ausdruck mediterraner Aromen. Sie vereint die Reichhaltigkeit von schmelzenden Auberginen mit der S\u00fc\u00dfe sonnenreifer Tomaten. Die Auberginen-Tomatensauce ist v\u00f6llig nat\u00fcrlich, <strong>ohne Konservierungsstoffe oder Zusatzstoffe<\/strong>, und spiegelt das Beste der griechischen K\u00fcche wider.<br \/>Hergestellt aus sorgf\u00e4ltig ausgew\u00e4hlten Zutaten bietet sie eine ideale N\u00e4hrstoffreichhaltigkeit f\u00fcr gesunde Mahlzeiten und alle Feinschmecker. Die verwendeten Gem\u00fcse werden sorgf\u00e4ltig auf Frische und Qualit\u00e4t ausgew\u00e4hlt und garantieren ein Geschmackserlebnis bei jedem Bissen. Die Sauce wird sanft geschmort, um alle nat\u00fcrlichen Aromen der <strong>saftigen Tomaten<\/strong> und der<strong> gegrillten Auberginen<\/strong> freizusetzen. So bietet sie eine samtige Textur und einen exquisiten Geschmack.<br \/>Die Auberginen-Tomatensauce bietet zahlreiche ern\u00e4hrungsphysiologische Vorteile. Sie ist reich an Gem\u00fcse und nat\u00fcrlichen Zutaten. Zum einen liefern die <strong>Tomaten<\/strong> <strong>Vitamin C,<\/strong> <strong>Antioxidantien<\/strong> und <strong>Ballaststoffe<\/strong>. Zum anderen ist die Aubergine ebenfalls eine wichtige Quelle f\u00fcr <strong>Ballaststoffe<\/strong> und <strong>kalorienarm<\/strong>. Deshalb kann man sagen, dass diese Auberginen-Tomatensauce ideal f\u00fcr Menschen ist, die nach einem gesunden, ausgewogenen und schmackhaften Produkt suchen. Sie vereint Genuss und ern\u00e4hrungsphysiologische Vorteile und tr\u00e4gt somit zu einer gesunden und k\u00f6stlichen Ern\u00e4hrung bei.<br \/>Diese Sauce ist ideal, um<strong> Pasta, <a href=\"https:\/\/ellados-shop.com\/boutique\/epicerie\/epicerie-grecque-salee\/riz-aux-herbes-240-g\/\">Reis<\/a> <\/strong>zu begleiten, <strong>Pizza<\/strong> zu belegen oder Ihre Fleisch- und Gem\u00fcsegerichte zu verfeinern. Au\u00dferdem f\u00fcgt sie sich perfekt in eine gesunde und feine K\u00fcche ein. Liebhaber der <strong>mediterranen K\u00fcche<\/strong> werden ihre subtilen Noten von aromatischen Kr\u00e4utern und ihren bezaubernden Charakter zu sch\u00e4tzen wissen. Lassen Sie Ihre Geschmacksnerven mit dieser griechischen Auberginen-Tomatensauce auf Reisen gehen \u2013 eine Einladung, die Authentizit\u00e4t einer sonnenverw\u00f6hnten Gastronomie direkt aus Ihrer K\u00fcche zu genie\u00dfen.                 <\/p>\n<h3><\/h3>\n","protected":false},"excerpt":{"rendered":"<p><strong>Ohne Konservierungsstoffe oder Zusatzstoffe<\/strong> wird die Auberginen-Tomatensauce aus nat\u00fcrlichen Zutaten zubereitet. Sie ist der <strong>perfekte Begleiter<\/strong> f\u00fcr Ihre Pasta, hausgemachte Pizzen oder Fischgerichte in Sauce. Mit dieser Sauce k\u00f6nnen Sie die Rezepte variieren und gleichzeitig Zeit in der K\u00fcche sparen.  <\/p>\n","protected":false},"featured_media":5688,"comment_status":"closed","ping_status":"closed","template":"","meta":[],"product_brand":[],"product_cat":[68,106],"product_tag":[],"class_list":{"0":"post-5237","1":"product","2":"type-product","3":"status-publish","4":"has-post-thumbnail","6":"product_cat-laden","7":"product_cat-gesalzen","9":"first","10":"outofstock","11":"taxable","12":"shipping-taxable","13":"purchasable","14":"product-type-simple"},"yoast_head":"<!-- This site is optimized with the Yoast SEO plugin v26.8 - https:\/\/yoast.com\/product\/yoast-seo-wordpress\/ -->\n<title>Tomatenso\u00dfe Aubergine -280 g - Ellados<\/title>\n<meta name=\"description\" content=\"Diese Auberginen-Tomatensauce, eine Spezialit\u00e4t der mediterranen K\u00fcche, erm\u00f6glicht es Ihnen, Ihre Rezepte zu variieren und gleichzeitig Zeit in der K\u00fcche zu sparen.\" \/>\n<meta name=\"robots\" content=\"index, follow, max-snippet:-1, max-image-preview:large, max-video-preview:-1\" \/>\n<link rel=\"canonical\" href=\"https:\/\/ellados-shop.com\/de\/laden\/lebensmittelgeschaft\/gesalzen\/tomatensose-aubergine-280-g\/\" \/>\n<meta property=\"og:locale\" content=\"de_DE\" \/>\n<meta property=\"og:type\" content=\"article\" \/>\n<meta property=\"og:title\" content=\"Tomatenso\u00dfe Aubergine -280 g - Ellados\" \/>\n<meta property=\"og:description\" content=\"Diese Auberginen-Tomatensauce, eine Spezialit\u00e4t der mediterranen K\u00fcche, erm\u00f6glicht es Ihnen, Ihre Rezepte zu variieren und gleichzeitig Zeit in der K\u00fcche zu sparen.\" \/>\n<meta property=\"og:url\" content=\"https:\/\/ellados-shop.com\/de\/laden\/lebensmittelgeschaft\/gesalzen\/tomatensose-aubergine-280-g\/\" \/>\n<meta property=\"og:site_name\" content=\"Ellados\" \/>\n<meta property=\"article:modified_time\" content=\"2025-02-05T22:02:03+00:00\" \/>\n<meta property=\"og:image\" content=\"https:\/\/ellados-shop.com\/wp-content\/uploads\/SAUCE-TOMATE-AUBERGINE.jpg\" \/>\n\t<meta property=\"og:image:width\" content=\"460\" \/>\n\t<meta property=\"og:image:height\" content=\"600\" \/>\n\t<meta property=\"og:image:type\" content=\"image\/jpeg\" \/>\n<meta name=\"twitter:card\" content=\"summary_large_image\" \/>\n<meta name=\"twitter:label1\" content=\"Gesch\u00e4tzte Lesezeit\" \/>\n\t<meta name=\"twitter:data1\" content=\"1\u00a0Minute\" \/>\n<script type=\"application\/ld+json\" class=\"yoast-schema-graph\">{\"@context\":\"https:\/\/schema.org\",\"@graph\":[{\"@type\":\"WebPage\",\"@id\":\"https:\/\/ellados-shop.com\/de\/laden\/lebensmittelgeschaft\/gesalzen\/tomatensose-aubergine-280-g\/\",\"url\":\"https:\/\/ellados-shop.com\/de\/laden\/lebensmittelgeschaft\/gesalzen\/tomatensose-aubergine-280-g\/\",\"name\":\"Tomatenso\u00dfe Aubergine -280 g - Ellados\",\"isPartOf\":{\"@id\":\"https:\/\/ellados-shop.com\/de\/#website\"},\"primaryImageOfPage\":{\"@id\":\"https:\/\/ellados-shop.com\/de\/laden\/lebensmittelgeschaft\/gesalzen\/tomatensose-aubergine-280-g\/#primaryimage\"},\"image\":{\"@id\":\"https:\/\/ellados-shop.com\/de\/laden\/lebensmittelgeschaft\/gesalzen\/tomatensose-aubergine-280-g\/#primaryimage\"},\"thumbnailUrl\":\"https:\/\/ellados-shop.com\/wp-content\/uploads\/Sauce-Tomage-Aubergine.png\",\"datePublished\":\"2024-09-28T11:58:57+00:00\",\"dateModified\":\"2025-02-05T22:02:03+00:00\",\"description\":\"Diese Auberginen-Tomatensauce, eine Spezialit\u00e4t der mediterranen K\u00fcche, erm\u00f6glicht es Ihnen, Ihre Rezepte zu variieren und gleichzeitig Zeit in der K\u00fcche zu sparen.\",\"breadcrumb\":{\"@id\":\"https:\/\/ellados-shop.com\/de\/laden\/lebensmittelgeschaft\/gesalzen\/tomatensose-aubergine-280-g\/#breadcrumb\"},\"inLanguage\":\"de\",\"potentialAction\":[{\"@type\":\"ReadAction\",\"target\":[\"https:\/\/ellados-shop.com\/de\/laden\/lebensmittelgeschaft\/gesalzen\/tomatensose-aubergine-280-g\/\"]}]},{\"@type\":\"ImageObject\",\"inLanguage\":\"de\",\"@id\":\"https:\/\/ellados-shop.com\/de\/laden\/lebensmittelgeschaft\/gesalzen\/tomatensose-aubergine-280-g\/#primaryimage\",\"url\":\"https:\/\/ellados-shop.com\/wp-content\/uploads\/Sauce-Tomage-Aubergine.png\",\"contentUrl\":\"https:\/\/ellados-shop.com\/wp-content\/uploads\/Sauce-Tomage-Aubergine.png\",\"width\":450,\"height\":450,\"caption\":\"sauce tomate aubergine\"},{\"@type\":\"BreadcrumbList\",\"@id\":\"https:\/\/ellados-shop.com\/de\/laden\/lebensmittelgeschaft\/gesalzen\/tomatensose-aubergine-280-g\/#breadcrumb\",\"itemListElement\":[{\"@type\":\"ListItem\",\"position\":1,\"name\":\"Accueil\",\"item\":\"https:\/\/ellados-shop.com\/de\/accueil-v2\/\"},{\"@type\":\"ListItem\",\"position\":2,\"name\":\"Boutique\",\"item\":\"https:\/\/ellados-shop.com\/boutique\/\"},{\"@type\":\"ListItem\",\"position\":3,\"name\":\"Tomatenso\u00dfe Aubergine -280 g\"}]},{\"@type\":\"WebSite\",\"@id\":\"https:\/\/ellados-shop.com\/de\/#website\",\"url\":\"https:\/\/ellados-shop.com\/de\/\",\"name\":\"Ellados\",\"description\":\"\",\"potentialAction\":[{\"@type\":\"SearchAction\",\"target\":{\"@type\":\"EntryPoint\",\"urlTemplate\":\"https:\/\/ellados-shop.com\/de\/?s={search_term_string}\"},\"query-input\":{\"@type\":\"PropertyValueSpecification\",\"valueRequired\":true,\"valueName\":\"search_term_string\"}}],\"inLanguage\":\"de\"}]}<\/script>\n<!-- \/ Yoast SEO plugin. -->","yoast_head_json":{"title":"Tomatenso\u00dfe Aubergine -280 g - Ellados","description":"Diese Auberginen-Tomatensauce, eine Spezialit\u00e4t der mediterranen K\u00fcche, erm\u00f6glicht es Ihnen, Ihre Rezepte zu variieren und gleichzeitig Zeit in der K\u00fcche zu sparen.","robots":{"index":"index","follow":"follow","max-snippet":"max-snippet:-1","max-image-preview":"max-image-preview:large","max-video-preview":"max-video-preview:-1"},"canonical":"https:\/\/ellados-shop.com\/de\/laden\/lebensmittelgeschaft\/gesalzen\/tomatensose-aubergine-280-g\/","og_locale":"de_DE","og_type":"article","og_title":"Tomatenso\u00dfe Aubergine -280 g - Ellados","og_description":"Diese Auberginen-Tomatensauce, eine Spezialit\u00e4t der mediterranen K\u00fcche, erm\u00f6glicht es Ihnen, Ihre Rezepte zu variieren und gleichzeitig Zeit in der K\u00fcche zu sparen.","og_url":"https:\/\/ellados-shop.com\/de\/laden\/lebensmittelgeschaft\/gesalzen\/tomatensose-aubergine-280-g\/","og_site_name":"Ellados","article_modified_time":"2025-02-05T22:02:03+00:00","og_image":[{"width":460,"height":600,"url":"https:\/\/ellados-shop.com\/wp-content\/uploads\/SAUCE-TOMATE-AUBERGINE.jpg","type":"image\/jpeg"}],"twitter_card":"summary_large_image","twitter_misc":{"Gesch\u00e4tzte Lesezeit":"1\u00a0Minute"},"schema":{"@context":"https:\/\/schema.org","@graph":[{"@type":"WebPage","@id":"https:\/\/ellados-shop.com\/de\/laden\/lebensmittelgeschaft\/gesalzen\/tomatensose-aubergine-280-g\/","url":"https:\/\/ellados-shop.com\/de\/laden\/lebensmittelgeschaft\/gesalzen\/tomatensose-aubergine-280-g\/","name":"Tomatenso\u00dfe Aubergine -280 g - Ellados","isPartOf":{"@id":"https:\/\/ellados-shop.com\/de\/#website"},"primaryImageOfPage":{"@id":"https:\/\/ellados-shop.com\/de\/laden\/lebensmittelgeschaft\/gesalzen\/tomatensose-aubergine-280-g\/#primaryimage"},"image":{"@id":"https:\/\/ellados-shop.com\/de\/laden\/lebensmittelgeschaft\/gesalzen\/tomatensose-aubergine-280-g\/#primaryimage"},"thumbnailUrl":"https:\/\/ellados-shop.com\/wp-content\/uploads\/Sauce-Tomage-Aubergine.png","datePublished":"2024-09-28T11:58:57+00:00","dateModified":"2025-02-05T22:02:03+00:00","description":"Diese Auberginen-Tomatensauce, eine Spezialit\u00e4t der mediterranen K\u00fcche, erm\u00f6glicht es Ihnen, Ihre Rezepte zu variieren und gleichzeitig Zeit in der K\u00fcche zu sparen.","breadcrumb":{"@id":"https:\/\/ellados-shop.com\/de\/laden\/lebensmittelgeschaft\/gesalzen\/tomatensose-aubergine-280-g\/#breadcrumb"},"inLanguage":"de","potentialAction":[{"@type":"ReadAction","target":["https:\/\/ellados-shop.com\/de\/laden\/lebensmittelgeschaft\/gesalzen\/tomatensose-aubergine-280-g\/"]}]},{"@type":"ImageObject","inLanguage":"de","@id":"https:\/\/ellados-shop.com\/de\/laden\/lebensmittelgeschaft\/gesalzen\/tomatensose-aubergine-280-g\/#primaryimage","url":"https:\/\/ellados-shop.com\/wp-content\/uploads\/Sauce-Tomage-Aubergine.png","contentUrl":"https:\/\/ellados-shop.com\/wp-content\/uploads\/Sauce-Tomage-Aubergine.png","width":450,"height":450,"caption":"sauce tomate aubergine"},{"@type":"BreadcrumbList","@id":"https:\/\/ellados-shop.com\/de\/laden\/lebensmittelgeschaft\/gesalzen\/tomatensose-aubergine-280-g\/#breadcrumb","itemListElement":[{"@type":"ListItem","position":1,"name":"Accueil","item":"https:\/\/ellados-shop.com\/de\/accueil-v2\/"},{"@type":"ListItem","position":2,"name":"Boutique","item":"https:\/\/ellados-shop.com\/boutique\/"},{"@type":"ListItem","position":3,"name":"Tomatenso\u00dfe Aubergine -280 g"}]},{"@type":"WebSite","@id":"https:\/\/ellados-shop.com\/de\/#website","url":"https:\/\/ellados-shop.com\/de\/","name":"Ellados","description":"","potentialAction":[{"@type":"SearchAction","target":{"@type":"EntryPoint","urlTemplate":"https:\/\/ellados-shop.com\/de\/?s={search_term_string}"},"query-input":{"@type":"PropertyValueSpecification","valueRequired":true,"valueName":"search_term_string"}}],"inLanguage":"de"}]}},"_links":{"self":[{"href":"https:\/\/ellados-shop.com\/de\/wp-json\/wp\/v2\/product\/5237","targetHints":{"allow":["GET"]}}],"collection":[{"href":"https:\/\/ellados-shop.com\/de\/wp-json\/wp\/v2\/product"}],"about":[{"href":"https:\/\/ellados-shop.com\/de\/wp-json\/wp\/v2\/types\/product"}],"replies":[{"embeddable":true,"href":"https:\/\/ellados-shop.com\/de\/wp-json\/wp\/v2\/comments?post=5237"}],"wp:featuredmedia":[{"embeddable":true,"href":"https:\/\/ellados-shop.com\/de\/wp-json\/wp\/v2\/media\/5688"}],"wp:attachment":[{"href":"https:\/\/ellados-shop.com\/de\/wp-json\/wp\/v2\/media?parent=5237"}],"wp:term":[{"taxonomy":"product_brand","embeddable":true,"href":"https:\/\/ellados-shop.com\/de\/wp-json\/wp\/v2\/product_brand?post=5237"},{"taxonomy":"product_cat","embeddable":true,"href":"https:\/\/ellados-shop.com\/de\/wp-json\/wp\/v2\/product_cat?post=5237"},{"taxonomy":"product_tag","embeddable":true,"href":"https:\/\/ellados-shop.com\/de\/wp-json\/wp\/v2\/product_tag?post=5237"}],"curies":[{"name":"wp","href":"https:\/\/api.w.org\/{rel}","templated":true}]}}