{"id":5248,"date":"2024-09-30T15:47:31","date_gmt":"2024-09-30T13:47:31","guid":{"rendered":"https:\/\/ellados-shop.com\/?post_type=product&#038;p=5248"},"modified":"2025-03-20T14:31:26","modified_gmt":"2025-03-20T13:31:26","slug":"tapenade-aus-kalamata-oliven-180-g-copie","status":"publish","type":"product","link":"https:\/\/ellados-shop.com\/de\/laden\/lebensmittelgeschaft\/gesalzen\/tapenade-aus-kalamata-oliven-180-g-copie\/","title":{"rendered":"Tapenade mit schwarzen Oliven &#8211; 200 g"},"content":{"rendered":"<p>Entdecken Sie die <strong>Tapenade aus schwarzen Oliven<\/strong> von Amvrosia Gourmet \u2013 eine wahre Einladung in das Herz des Mittelmeers. Hergestellt aus den besten griechischen schwarzen Oliven, wird dieses authentische und naturbelassene Produkt Liebhaber der <strong>vegetarischen K\u00fcche<\/strong> und gesunder Lebensmittel begeistern.<br \/>Die Firma Amvrosia Gourmet ist bekannt f\u00fcr ihr handwerkliches K\u00f6nnen und ihr Engagement f\u00fcr Qualit\u00e4t. Deshalb bietet sie uns eine Tapenade mit einer <strong>cremigen Textur<\/strong> und einem intensiven Geschmack an. Zubereitet ohne Zusatzstoffe oder Konservierungsmittel, ist diese kulinarische Spezialit\u00e4t die ideale Begleiterin f\u00fcr vegetarische Ern\u00e4hrungsweisen. Diese Tapenade mit ihrem reichen und intensiven Geschmack wird sowohl Gro\u00df als auch Klein begeistern und dabei einen gesunden und nat\u00fcrlichen Lebensstil respektieren.<br \/>Diese Tapenade aus griechischen schwarzen Oliven ist ein Muss. Sie passt perfekt zu Aperitifs, verfeinert einen Salat oder veredelt ein vegetarisches Rezept. Einfach auf ger\u00f6stetem Brot verteilt oder als Beilage zu knackigem Gem\u00fcse serviert, wird diese streichf\u00e4hige Tapenade zu einem k\u00f6stlichen und ausgewogenen Begleiter bei jedem Aperitif.<br \/>Reich an Antioxidantien und gesunden Fetts\u00e4uren, ist die Tapenade von Amvrosia Gourmet ein wahres Gesundheitselixier \u2013 und <strong>gleichzeitig ein unwiderstehlicher Genuss<\/strong>. Machen Sie mit diesem vegetarischen Spitzenprodukt eine geschmackliche Reise, das Ihre Gerichte auf nat\u00fcrliche und gesunde Weise verfeinert. Bringen Sie einen Hauch Mittelmeer in Ihre Mahlzeiten mit dieser Tapenade aus schwarzen Oliven, perfekt f\u00fcr eine ausgewogene und k\u00f6stliche K\u00fcche.              <\/p>\n<div class=\"mt-1 flex gap-3 empty:hidden\">\n<div class=\"text-gray-400 flex self-end lg:self-center items-center justify-center lg:justify-start mt-0 -ml-1 h-7 gap-[2px] visible\"><\/div>\n<\/div>\n<div class=\"flex\"><\/div>\n","protected":false},"excerpt":{"rendered":"<p>Probieren Sie diese <strong>Tapenade aus schwarzen Kalamata-Oliven<\/strong>. Ein <strong>100 % nat\u00fcrliches <\/strong>Produkt. Genie\u00dfen Sie sie auf Crackern oder einfach auf leicht ger\u00f6stetem Brot. <\/p>\n","protected":false},"featured_media":5802,"comment_status":"closed","ping_status":"closed","template":"","meta":[],"product_brand":[],"product_cat":[68,92,106],"product_tag":[],"class_list":{"0":"post-5248","1":"product","2":"type-product","3":"status-publish","4":"has-post-thumbnail","6":"product_cat-laden","7":"product_cat-lebensmittelgeschaft","8":"product_cat-gesalzen","10":"first","11":"outofstock","12":"sale","13":"taxable","14":"shipping-taxable","15":"purchasable","16":"product-type-simple"},"yoast_head":"<!-- This site is optimized with the Yoast SEO plugin v26.8 - https:\/\/yoast.com\/product\/yoast-seo-wordpress\/ -->\n<title>Tapenade mit schwarzen Oliven - Ellados<\/title>\n<meta name=\"description\" content=\"Eine 100 % nat\u00fcrliche Tapenade aus schwarzen Oliven! Genie\u00dfen Sie sie sowohl als Beilage zu Ihren Aperitifs als auch in der K\u00fcche. &quot;Ein Genuss, den man teilen kann.\" \/>\n<meta name=\"robots\" content=\"index, follow, max-snippet:-1, max-image-preview:large, max-video-preview:-1\" \/>\n<link rel=\"canonical\" href=\"https:\/\/ellados-shop.com\/de\/laden\/lebensmittelgeschaft\/gesalzen\/tapenade-aus-kalamata-oliven-180-g-copie\/\" \/>\n<meta property=\"og:locale\" content=\"de_DE\" \/>\n<meta property=\"og:type\" content=\"article\" \/>\n<meta property=\"og:title\" content=\"Tapenade mit schwarzen Oliven - Ellados\" \/>\n<meta property=\"og:description\" content=\"Eine 100 % nat\u00fcrliche Tapenade aus schwarzen Oliven! Genie\u00dfen Sie sie sowohl als Beilage zu Ihren Aperitifs als auch in der K\u00fcche. &quot;Ein Genuss, den man teilen kann.\" \/>\n<meta property=\"og:url\" content=\"https:\/\/ellados-shop.com\/de\/laden\/lebensmittelgeschaft\/gesalzen\/tapenade-aus-kalamata-oliven-180-g-copie\/\" \/>\n<meta property=\"og:site_name\" content=\"Ellados\" \/>\n<meta property=\"article:modified_time\" content=\"2025-03-20T13:31:26+00:00\" \/>\n<meta property=\"og:image\" content=\"https:\/\/ellados-shop.com\/wp-content\/uploads\/TAPENADE-OLIVES-NOIRES.png\" \/>\n\t<meta property=\"og:image:width\" content=\"460\" \/>\n\t<meta property=\"og:image:height\" content=\"600\" \/>\n\t<meta property=\"og:image:type\" content=\"image\/png\" \/>\n<meta name=\"twitter:card\" content=\"summary_large_image\" \/>\n<meta name=\"twitter:label1\" content=\"Gesch\u00e4tzte Lesezeit\" \/>\n\t<meta name=\"twitter:data1\" content=\"1\u00a0Minute\" \/>\n<script type=\"application\/ld+json\" class=\"yoast-schema-graph\">{\"@context\":\"https:\/\/schema.org\",\"@graph\":[{\"@type\":\"WebPage\",\"@id\":\"https:\/\/ellados-shop.com\/de\/laden\/lebensmittelgeschaft\/gesalzen\/tapenade-aus-kalamata-oliven-180-g-copie\/\",\"url\":\"https:\/\/ellados-shop.com\/de\/laden\/lebensmittelgeschaft\/gesalzen\/tapenade-aus-kalamata-oliven-180-g-copie\/\",\"name\":\"Tapenade mit schwarzen Oliven - Ellados\",\"isPartOf\":{\"@id\":\"https:\/\/ellados-shop.com\/de\/#website\"},\"primaryImageOfPage\":{\"@id\":\"https:\/\/ellados-shop.com\/de\/laden\/lebensmittelgeschaft\/gesalzen\/tapenade-aus-kalamata-oliven-180-g-copie\/#primaryimage\"},\"image\":{\"@id\":\"https:\/\/ellados-shop.com\/de\/laden\/lebensmittelgeschaft\/gesalzen\/tapenade-aus-kalamata-oliven-180-g-copie\/#primaryimage\"},\"thumbnailUrl\":\"https:\/\/ellados-shop.com\/wp-content\/uploads\/Tapenade-olives-noires-1.png\",\"datePublished\":\"2024-09-30T13:47:31+00:00\",\"dateModified\":\"2025-03-20T13:31:26+00:00\",\"description\":\"Eine 100 % nat\u00fcrliche Tapenade aus schwarzen Oliven! Genie\u00dfen Sie sie sowohl als Beilage zu Ihren Aperitifs als auch in der K\u00fcche. \\\"Ein Genuss, den man teilen kann.\",\"breadcrumb\":{\"@id\":\"https:\/\/ellados-shop.com\/de\/laden\/lebensmittelgeschaft\/gesalzen\/tapenade-aus-kalamata-oliven-180-g-copie\/#breadcrumb\"},\"inLanguage\":\"de\",\"potentialAction\":[{\"@type\":\"ReadAction\",\"target\":[\"https:\/\/ellados-shop.com\/de\/laden\/lebensmittelgeschaft\/gesalzen\/tapenade-aus-kalamata-oliven-180-g-copie\/\"]}]},{\"@type\":\"ImageObject\",\"inLanguage\":\"de\",\"@id\":\"https:\/\/ellados-shop.com\/de\/laden\/lebensmittelgeschaft\/gesalzen\/tapenade-aus-kalamata-oliven-180-g-copie\/#primaryimage\",\"url\":\"https:\/\/ellados-shop.com\/wp-content\/uploads\/Tapenade-olives-noires-1.png\",\"contentUrl\":\"https:\/\/ellados-shop.com\/wp-content\/uploads\/Tapenade-olives-noires-1.png\",\"width\":450,\"height\":450,\"caption\":\"tapenade olives noires\"},{\"@type\":\"BreadcrumbList\",\"@id\":\"https:\/\/ellados-shop.com\/de\/laden\/lebensmittelgeschaft\/gesalzen\/tapenade-aus-kalamata-oliven-180-g-copie\/#breadcrumb\",\"itemListElement\":[{\"@type\":\"ListItem\",\"position\":1,\"name\":\"Accueil\",\"item\":\"https:\/\/ellados-shop.com\/de\/accueil-v2\/\"},{\"@type\":\"ListItem\",\"position\":2,\"name\":\"Boutique\",\"item\":\"https:\/\/ellados-shop.com\/boutique\/\"},{\"@type\":\"ListItem\",\"position\":3,\"name\":\"Tapenade mit schwarzen Oliven &#8211; 200 g\"}]},{\"@type\":\"WebSite\",\"@id\":\"https:\/\/ellados-shop.com\/de\/#website\",\"url\":\"https:\/\/ellados-shop.com\/de\/\",\"name\":\"Ellados\",\"description\":\"\",\"potentialAction\":[{\"@type\":\"SearchAction\",\"target\":{\"@type\":\"EntryPoint\",\"urlTemplate\":\"https:\/\/ellados-shop.com\/de\/?s={search_term_string}\"},\"query-input\":{\"@type\":\"PropertyValueSpecification\",\"valueRequired\":true,\"valueName\":\"search_term_string\"}}],\"inLanguage\":\"de\"}]}<\/script>\n<!-- \/ Yoast SEO plugin. -->","yoast_head_json":{"title":"Tapenade mit schwarzen Oliven - Ellados","description":"Eine 100 % nat\u00fcrliche Tapenade aus schwarzen Oliven! Genie\u00dfen Sie sie sowohl als Beilage zu Ihren Aperitifs als auch in der K\u00fcche. \"Ein Genuss, den man teilen kann.","robots":{"index":"index","follow":"follow","max-snippet":"max-snippet:-1","max-image-preview":"max-image-preview:large","max-video-preview":"max-video-preview:-1"},"canonical":"https:\/\/ellados-shop.com\/de\/laden\/lebensmittelgeschaft\/gesalzen\/tapenade-aus-kalamata-oliven-180-g-copie\/","og_locale":"de_DE","og_type":"article","og_title":"Tapenade mit schwarzen Oliven - Ellados","og_description":"Eine 100 % nat\u00fcrliche Tapenade aus schwarzen Oliven! Genie\u00dfen Sie sie sowohl als Beilage zu Ihren Aperitifs als auch in der K\u00fcche. \"Ein Genuss, den man teilen kann.","og_url":"https:\/\/ellados-shop.com\/de\/laden\/lebensmittelgeschaft\/gesalzen\/tapenade-aus-kalamata-oliven-180-g-copie\/","og_site_name":"Ellados","article_modified_time":"2025-03-20T13:31:26+00:00","og_image":[{"width":460,"height":600,"url":"https:\/\/ellados-shop.com\/wp-content\/uploads\/TAPENADE-OLIVES-NOIRES.png","type":"image\/png"}],"twitter_card":"summary_large_image","twitter_misc":{"Gesch\u00e4tzte Lesezeit":"1\u00a0Minute"},"schema":{"@context":"https:\/\/schema.org","@graph":[{"@type":"WebPage","@id":"https:\/\/ellados-shop.com\/de\/laden\/lebensmittelgeschaft\/gesalzen\/tapenade-aus-kalamata-oliven-180-g-copie\/","url":"https:\/\/ellados-shop.com\/de\/laden\/lebensmittelgeschaft\/gesalzen\/tapenade-aus-kalamata-oliven-180-g-copie\/","name":"Tapenade mit schwarzen Oliven - Ellados","isPartOf":{"@id":"https:\/\/ellados-shop.com\/de\/#website"},"primaryImageOfPage":{"@id":"https:\/\/ellados-shop.com\/de\/laden\/lebensmittelgeschaft\/gesalzen\/tapenade-aus-kalamata-oliven-180-g-copie\/#primaryimage"},"image":{"@id":"https:\/\/ellados-shop.com\/de\/laden\/lebensmittelgeschaft\/gesalzen\/tapenade-aus-kalamata-oliven-180-g-copie\/#primaryimage"},"thumbnailUrl":"https:\/\/ellados-shop.com\/wp-content\/uploads\/Tapenade-olives-noires-1.png","datePublished":"2024-09-30T13:47:31+00:00","dateModified":"2025-03-20T13:31:26+00:00","description":"Eine 100 % nat\u00fcrliche Tapenade aus schwarzen Oliven! Genie\u00dfen Sie sie sowohl als Beilage zu Ihren Aperitifs als auch in der K\u00fcche. \"Ein Genuss, den man teilen kann.","breadcrumb":{"@id":"https:\/\/ellados-shop.com\/de\/laden\/lebensmittelgeschaft\/gesalzen\/tapenade-aus-kalamata-oliven-180-g-copie\/#breadcrumb"},"inLanguage":"de","potentialAction":[{"@type":"ReadAction","target":["https:\/\/ellados-shop.com\/de\/laden\/lebensmittelgeschaft\/gesalzen\/tapenade-aus-kalamata-oliven-180-g-copie\/"]}]},{"@type":"ImageObject","inLanguage":"de","@id":"https:\/\/ellados-shop.com\/de\/laden\/lebensmittelgeschaft\/gesalzen\/tapenade-aus-kalamata-oliven-180-g-copie\/#primaryimage","url":"https:\/\/ellados-shop.com\/wp-content\/uploads\/Tapenade-olives-noires-1.png","contentUrl":"https:\/\/ellados-shop.com\/wp-content\/uploads\/Tapenade-olives-noires-1.png","width":450,"height":450,"caption":"tapenade olives noires"},{"@type":"BreadcrumbList","@id":"https:\/\/ellados-shop.com\/de\/laden\/lebensmittelgeschaft\/gesalzen\/tapenade-aus-kalamata-oliven-180-g-copie\/#breadcrumb","itemListElement":[{"@type":"ListItem","position":1,"name":"Accueil","item":"https:\/\/ellados-shop.com\/de\/accueil-v2\/"},{"@type":"ListItem","position":2,"name":"Boutique","item":"https:\/\/ellados-shop.com\/boutique\/"},{"@type":"ListItem","position":3,"name":"Tapenade mit schwarzen Oliven &#8211; 200 g"}]},{"@type":"WebSite","@id":"https:\/\/ellados-shop.com\/de\/#website","url":"https:\/\/ellados-shop.com\/de\/","name":"Ellados","description":"","potentialAction":[{"@type":"SearchAction","target":{"@type":"EntryPoint","urlTemplate":"https:\/\/ellados-shop.com\/de\/?s={search_term_string}"},"query-input":{"@type":"PropertyValueSpecification","valueRequired":true,"valueName":"search_term_string"}}],"inLanguage":"de"}]}},"_links":{"self":[{"href":"https:\/\/ellados-shop.com\/de\/wp-json\/wp\/v2\/product\/5248","targetHints":{"allow":["GET"]}}],"collection":[{"href":"https:\/\/ellados-shop.com\/de\/wp-json\/wp\/v2\/product"}],"about":[{"href":"https:\/\/ellados-shop.com\/de\/wp-json\/wp\/v2\/types\/product"}],"replies":[{"embeddable":true,"href":"https:\/\/ellados-shop.com\/de\/wp-json\/wp\/v2\/comments?post=5248"}],"wp:featuredmedia":[{"embeddable":true,"href":"https:\/\/ellados-shop.com\/de\/wp-json\/wp\/v2\/media\/5802"}],"wp:attachment":[{"href":"https:\/\/ellados-shop.com\/de\/wp-json\/wp\/v2\/media?parent=5248"}],"wp:term":[{"taxonomy":"product_brand","embeddable":true,"href":"https:\/\/ellados-shop.com\/de\/wp-json\/wp\/v2\/product_brand?post=5248"},{"taxonomy":"product_cat","embeddable":true,"href":"https:\/\/ellados-shop.com\/de\/wp-json\/wp\/v2\/product_cat?post=5248"},{"taxonomy":"product_tag","embeddable":true,"href":"https:\/\/ellados-shop.com\/de\/wp-json\/wp\/v2\/product_tag?post=5248"}],"curies":[{"name":"wp","href":"https:\/\/api.w.org\/{rel}","templated":true}]}}