{"id":5278,"date":"2024-10-14T16:46:16","date_gmt":"2024-10-14T14:46:16","guid":{"rendered":"https:\/\/ellados-shop.com\/?post_type=product&#038;p=5278"},"modified":"2024-12-10T18:14:25","modified_gmt":"2024-12-10T17:14:25","slug":"auberginen-hummus","status":"publish","type":"product","link":"https:\/\/ellados-shop.com\/de\/laden\/lebensmittelgeschaft\/gesalzen\/auberginen-hummus\/","title":{"rendered":"Auberginen Houmous"},"content":{"rendered":"<p>Entdecken Sie unseren k\u00f6stlichen <strong>Auberginen-Hummus<\/strong>, ein <strong>100 % nat\u00fcrliches<\/strong> und <strong>handwerklich<\/strong> in Griechenland hergestelltes Produkt. Dieser Hummus vereint die Cremigkeit von Kichererbsen mit der S\u00fc\u00dfe von <strong>ger\u00f6steten Auberginen<\/strong> und verk\u00f6rpert die Authentizit\u00e4t der griechischen K\u00fcche. Nach einem traditionellen Rezept zubereitet, enth\u00e4lt er keine Konservierungsstoffe und Zusatzstoffe, was f\u00fcr einen reinen und nat\u00fcrlichen Geschmack sorgt. <strong>Ideal f\u00fcr Ihre Aperitifs<\/strong> oder als Beilage ist dieser Auberginen-Hummus eine gesunde und schmackhafte Brotaufstrich, perfekt, um Ihre Alltagsgerichte zu verfeinern. Er ist zudem glutenfrei und eignet sich f\u00fcr vegane Ern\u00e4hrungsweisen, was ihn zur idealen Wahl f\u00fcr alle macht. Hergestellt aus hochwertigen Zutaten wie <strong><a href=\"https:\/\/ellados-shop.com\/boutique\/huiles-olive-grecque\/\">griechischem extra nativem Oliven\u00f6l <\/a><\/strong>spiegelt er die Exzellenz der Produkte unserer <strong>Feinkost wider<\/strong>. Genie\u00dfen Sie die Einfachheit und Feinheit der mediterranen Aromen direkt bei Ihnen zu Hause dank unseres <strong>schnellen Lieferservices<\/strong>. Verpassen Sie nicht die Gelegenheit, diese einzigartige griechische Spezialit\u00e4t zu probieren. Bestellen Sie noch heute und lassen Sie sich von der <strong>griechischen Gastronomie<\/strong> verf\u00fchren!  <\/p>\n","protected":false},"excerpt":{"rendered":"<p>Gesund und schmackhaft, ist dieser Auberginen-Hummus <strong>ideal f\u00fcr Ihre Aperitifs<\/strong> oder als Beilage zu Ihren Lieblingsrezepten.<\/p>\n","protected":false},"featured_media":5649,"comment_status":"closed","ping_status":"closed","template":"","meta":[],"product_brand":[],"product_cat":[68,92,106],"product_tag":[],"class_list":{"0":"post-5278","1":"product","2":"type-product","3":"status-publish","4":"has-post-thumbnail","6":"product_cat-laden","7":"product_cat-lebensmittelgeschaft","8":"product_cat-gesalzen","10":"first","11":"outofstock","12":"sale","13":"taxable","14":"shipping-taxable","15":"purchasable","16":"product-type-simple"},"yoast_head":"<!-- This site is optimized with the Yoast SEO plugin v26.8 - https:\/\/yoast.com\/product\/yoast-seo-wordpress\/ -->\n<title>Auberginen Houmous - Ellados<\/title>\n<meta name=\"description\" content=\"Hergestellt aus 100 % nat\u00fcrlichen Zutaten, wird dieser Auberginen-Hummus Sie mit seinem Geschmack begeistern. Er ist bestens f\u00fcr vegane Ern\u00e4hrungsweisen geeignet.\" \/>\n<meta name=\"robots\" content=\"index, follow, max-snippet:-1, max-image-preview:large, max-video-preview:-1\" \/>\n<link rel=\"canonical\" href=\"https:\/\/ellados-shop.com\/de\/laden\/lebensmittelgeschaft\/gesalzen\/auberginen-hummus\/\" \/>\n<meta property=\"og:locale\" content=\"de_DE\" \/>\n<meta property=\"og:type\" content=\"article\" \/>\n<meta property=\"og:title\" content=\"Auberginen Houmous - Ellados\" \/>\n<meta property=\"og:description\" content=\"Hergestellt aus 100 % nat\u00fcrlichen Zutaten, wird dieser Auberginen-Hummus Sie mit seinem Geschmack begeistern. Er ist bestens f\u00fcr vegane Ern\u00e4hrungsweisen geeignet.\" \/>\n<meta property=\"og:url\" content=\"https:\/\/ellados-shop.com\/de\/laden\/lebensmittelgeschaft\/gesalzen\/auberginen-hummus\/\" \/>\n<meta property=\"og:site_name\" content=\"Ellados\" \/>\n<meta property=\"article:modified_time\" content=\"2024-12-10T17:14:25+00:00\" \/>\n<meta property=\"og:image\" content=\"https:\/\/ellados-shop.com\/wp-content\/uploads\/HOUMOUS-AUX-AUBERGINES.png\" \/>\n\t<meta property=\"og:image:width\" content=\"460\" \/>\n\t<meta property=\"og:image:height\" content=\"600\" \/>\n\t<meta property=\"og:image:type\" content=\"image\/png\" \/>\n<meta name=\"twitter:card\" content=\"summary_large_image\" \/>\n<meta name=\"twitter:label1\" content=\"Gesch\u00e4tzte Lesezeit\" \/>\n\t<meta name=\"twitter:data1\" content=\"1\u00a0Minute\" \/>\n<script type=\"application\/ld+json\" class=\"yoast-schema-graph\">{\"@context\":\"https:\/\/schema.org\",\"@graph\":[{\"@type\":\"WebPage\",\"@id\":\"https:\/\/ellados-shop.com\/de\/laden\/lebensmittelgeschaft\/gesalzen\/auberginen-hummus\/\",\"url\":\"https:\/\/ellados-shop.com\/de\/laden\/lebensmittelgeschaft\/gesalzen\/auberginen-hummus\/\",\"name\":\"Auberginen Houmous - Ellados\",\"isPartOf\":{\"@id\":\"https:\/\/ellados-shop.com\/de\/#website\"},\"primaryImageOfPage\":{\"@id\":\"https:\/\/ellados-shop.com\/de\/laden\/lebensmittelgeschaft\/gesalzen\/auberginen-hummus\/#primaryimage\"},\"image\":{\"@id\":\"https:\/\/ellados-shop.com\/de\/laden\/lebensmittelgeschaft\/gesalzen\/auberginen-hummus\/#primaryimage\"},\"thumbnailUrl\":\"https:\/\/ellados-shop.com\/wp-content\/uploads\/Houmous-aubergine.png\",\"datePublished\":\"2024-10-14T14:46:16+00:00\",\"dateModified\":\"2024-12-10T17:14:25+00:00\",\"description\":\"Hergestellt aus 100 % nat\u00fcrlichen Zutaten, wird dieser Auberginen-Hummus Sie mit seinem Geschmack begeistern. Er ist bestens f\u00fcr vegane Ern\u00e4hrungsweisen geeignet.\",\"breadcrumb\":{\"@id\":\"https:\/\/ellados-shop.com\/de\/laden\/lebensmittelgeschaft\/gesalzen\/auberginen-hummus\/#breadcrumb\"},\"inLanguage\":\"de\",\"potentialAction\":[{\"@type\":\"ReadAction\",\"target\":[\"https:\/\/ellados-shop.com\/de\/laden\/lebensmittelgeschaft\/gesalzen\/auberginen-hummus\/\"]}]},{\"@type\":\"ImageObject\",\"inLanguage\":\"de\",\"@id\":\"https:\/\/ellados-shop.com\/de\/laden\/lebensmittelgeschaft\/gesalzen\/auberginen-hummus\/#primaryimage\",\"url\":\"https:\/\/ellados-shop.com\/wp-content\/uploads\/Houmous-aubergine.png\",\"contentUrl\":\"https:\/\/ellados-shop.com\/wp-content\/uploads\/Houmous-aubergine.png\",\"width\":450,\"height\":450,\"caption\":\"houmous aperitif\"},{\"@type\":\"BreadcrumbList\",\"@id\":\"https:\/\/ellados-shop.com\/de\/laden\/lebensmittelgeschaft\/gesalzen\/auberginen-hummus\/#breadcrumb\",\"itemListElement\":[{\"@type\":\"ListItem\",\"position\":1,\"name\":\"Accueil\",\"item\":\"https:\/\/ellados-shop.com\/de\/accueil-v2\/\"},{\"@type\":\"ListItem\",\"position\":2,\"name\":\"Boutique\",\"item\":\"https:\/\/ellados-shop.com\/boutique\/\"},{\"@type\":\"ListItem\",\"position\":3,\"name\":\"Auberginen Houmous\"}]},{\"@type\":\"WebSite\",\"@id\":\"https:\/\/ellados-shop.com\/de\/#website\",\"url\":\"https:\/\/ellados-shop.com\/de\/\",\"name\":\"Ellados\",\"description\":\"\",\"potentialAction\":[{\"@type\":\"SearchAction\",\"target\":{\"@type\":\"EntryPoint\",\"urlTemplate\":\"https:\/\/ellados-shop.com\/de\/?s={search_term_string}\"},\"query-input\":{\"@type\":\"PropertyValueSpecification\",\"valueRequired\":true,\"valueName\":\"search_term_string\"}}],\"inLanguage\":\"de\"}]}<\/script>\n<!-- \/ Yoast SEO plugin. -->","yoast_head_json":{"title":"Auberginen Houmous - Ellados","description":"Hergestellt aus 100 % nat\u00fcrlichen Zutaten, wird dieser Auberginen-Hummus Sie mit seinem Geschmack begeistern. Er ist bestens f\u00fcr vegane Ern\u00e4hrungsweisen geeignet.","robots":{"index":"index","follow":"follow","max-snippet":"max-snippet:-1","max-image-preview":"max-image-preview:large","max-video-preview":"max-video-preview:-1"},"canonical":"https:\/\/ellados-shop.com\/de\/laden\/lebensmittelgeschaft\/gesalzen\/auberginen-hummus\/","og_locale":"de_DE","og_type":"article","og_title":"Auberginen Houmous - Ellados","og_description":"Hergestellt aus 100 % nat\u00fcrlichen Zutaten, wird dieser Auberginen-Hummus Sie mit seinem Geschmack begeistern. Er ist bestens f\u00fcr vegane Ern\u00e4hrungsweisen geeignet.","og_url":"https:\/\/ellados-shop.com\/de\/laden\/lebensmittelgeschaft\/gesalzen\/auberginen-hummus\/","og_site_name":"Ellados","article_modified_time":"2024-12-10T17:14:25+00:00","og_image":[{"width":460,"height":600,"url":"https:\/\/ellados-shop.com\/wp-content\/uploads\/HOUMOUS-AUX-AUBERGINES.png","type":"image\/png"}],"twitter_card":"summary_large_image","twitter_misc":{"Gesch\u00e4tzte Lesezeit":"1\u00a0Minute"},"schema":{"@context":"https:\/\/schema.org","@graph":[{"@type":"WebPage","@id":"https:\/\/ellados-shop.com\/de\/laden\/lebensmittelgeschaft\/gesalzen\/auberginen-hummus\/","url":"https:\/\/ellados-shop.com\/de\/laden\/lebensmittelgeschaft\/gesalzen\/auberginen-hummus\/","name":"Auberginen Houmous - Ellados","isPartOf":{"@id":"https:\/\/ellados-shop.com\/de\/#website"},"primaryImageOfPage":{"@id":"https:\/\/ellados-shop.com\/de\/laden\/lebensmittelgeschaft\/gesalzen\/auberginen-hummus\/#primaryimage"},"image":{"@id":"https:\/\/ellados-shop.com\/de\/laden\/lebensmittelgeschaft\/gesalzen\/auberginen-hummus\/#primaryimage"},"thumbnailUrl":"https:\/\/ellados-shop.com\/wp-content\/uploads\/Houmous-aubergine.png","datePublished":"2024-10-14T14:46:16+00:00","dateModified":"2024-12-10T17:14:25+00:00","description":"Hergestellt aus 100 % nat\u00fcrlichen Zutaten, wird dieser Auberginen-Hummus Sie mit seinem Geschmack begeistern. Er ist bestens f\u00fcr vegane Ern\u00e4hrungsweisen geeignet.","breadcrumb":{"@id":"https:\/\/ellados-shop.com\/de\/laden\/lebensmittelgeschaft\/gesalzen\/auberginen-hummus\/#breadcrumb"},"inLanguage":"de","potentialAction":[{"@type":"ReadAction","target":["https:\/\/ellados-shop.com\/de\/laden\/lebensmittelgeschaft\/gesalzen\/auberginen-hummus\/"]}]},{"@type":"ImageObject","inLanguage":"de","@id":"https:\/\/ellados-shop.com\/de\/laden\/lebensmittelgeschaft\/gesalzen\/auberginen-hummus\/#primaryimage","url":"https:\/\/ellados-shop.com\/wp-content\/uploads\/Houmous-aubergine.png","contentUrl":"https:\/\/ellados-shop.com\/wp-content\/uploads\/Houmous-aubergine.png","width":450,"height":450,"caption":"houmous aperitif"},{"@type":"BreadcrumbList","@id":"https:\/\/ellados-shop.com\/de\/laden\/lebensmittelgeschaft\/gesalzen\/auberginen-hummus\/#breadcrumb","itemListElement":[{"@type":"ListItem","position":1,"name":"Accueil","item":"https:\/\/ellados-shop.com\/de\/accueil-v2\/"},{"@type":"ListItem","position":2,"name":"Boutique","item":"https:\/\/ellados-shop.com\/boutique\/"},{"@type":"ListItem","position":3,"name":"Auberginen Houmous"}]},{"@type":"WebSite","@id":"https:\/\/ellados-shop.com\/de\/#website","url":"https:\/\/ellados-shop.com\/de\/","name":"Ellados","description":"","potentialAction":[{"@type":"SearchAction","target":{"@type":"EntryPoint","urlTemplate":"https:\/\/ellados-shop.com\/de\/?s={search_term_string}"},"query-input":{"@type":"PropertyValueSpecification","valueRequired":true,"valueName":"search_term_string"}}],"inLanguage":"de"}]}},"_links":{"self":[{"href":"https:\/\/ellados-shop.com\/de\/wp-json\/wp\/v2\/product\/5278","targetHints":{"allow":["GET"]}}],"collection":[{"href":"https:\/\/ellados-shop.com\/de\/wp-json\/wp\/v2\/product"}],"about":[{"href":"https:\/\/ellados-shop.com\/de\/wp-json\/wp\/v2\/types\/product"}],"replies":[{"embeddable":true,"href":"https:\/\/ellados-shop.com\/de\/wp-json\/wp\/v2\/comments?post=5278"}],"wp:featuredmedia":[{"embeddable":true,"href":"https:\/\/ellados-shop.com\/de\/wp-json\/wp\/v2\/media\/5649"}],"wp:attachment":[{"href":"https:\/\/ellados-shop.com\/de\/wp-json\/wp\/v2\/media?parent=5278"}],"wp:term":[{"taxonomy":"product_brand","embeddable":true,"href":"https:\/\/ellados-shop.com\/de\/wp-json\/wp\/v2\/product_brand?post=5278"},{"taxonomy":"product_cat","embeddable":true,"href":"https:\/\/ellados-shop.com\/de\/wp-json\/wp\/v2\/product_cat?post=5278"},{"taxonomy":"product_tag","embeddable":true,"href":"https:\/\/ellados-shop.com\/de\/wp-json\/wp\/v2\/product_tag?post=5278"}],"curies":[{"name":"wp","href":"https:\/\/api.w.org\/{rel}","templated":true}]}}