{"id":5289,"date":"2024-10-16T16:40:38","date_gmt":"2024-10-16T14:40:38","guid":{"rendered":"https:\/\/ellados-shop.com\/?post_type=product&#038;p=5289"},"modified":"2025-02-05T23:02:03","modified_gmt":"2025-02-05T22:02:03","slug":"tomatensose-aubergine-280-g-copie","status":"publish","type":"product","link":"https:\/\/ellados-shop.com\/de\/laden\/lebensmittelgeschaft\/gesalzen\/tomatensose-aubergine-280-g-copie\/","title":{"rendered":"Tomatenso\u00dfe Mavrodaphn\u00e9 -280 g"},"content":{"rendered":"<p>Entdecken Sie die <strong>handwerklich hergestellte Tomatenso\u00dfe Mavrodaphn\u00e9,<\/strong> die auf der Grundlage eines s\u00fc\u00dfen Rotweins hergestellt wird.<strong> <\/strong>Diese authentische Sauce wird direkt auf den sonnigen B\u00f6den Griechenlands, in der N\u00e4he von Athen, produziert. Nach einem traditionellen Rezept zubereitet, ist diese Sauce der reine Ausdruck mediterraner Aromen. Sie vereint die S\u00fc\u00dfe des Mavrodaphne-Rotweins und den Geschmack sonnenverw\u00f6hnter Tomaten. Der Mavrodaphn\u00e9-Rotwein ist ein s\u00fc\u00dfer, vollmundiger Wein, der aus der gleichnamigen Rebsorte hergestellt wird. In der Region Patras, im Norden Griechenlands, produzieren die Winzer diesen Wein in kleinen Mengen unter Beachtung alter Methoden, was ihn zu einem seltenen und kostbaren Wein macht.<br \/>Die Mavrodaphn\u00e9-Tomatensauce ist vollst\u00e4ndig nat\u00fcrlich, <strong>ohne Konservierungsstoffe oder Zusatzstoffe<\/strong>. Sie spiegelt das Beste der griechischen K\u00fcche wider. Zubereitet mit sorgf\u00e4ltig ausgew\u00e4hlten Tomaten und einem k\u00f6stlichen Wein, bietet sie einen idealen N\u00e4hrstoffreichtum f\u00fcr gesunde und schmackhafte Mahlzeiten. Die Sauce wird sanft geschmort, um alle nat\u00fcrlichen Aromen der <strong>saftigen Tomaten<\/strong> und des Rotweins freizusetzen<strong>.<\/strong> So entsteht eine samtige Textur und ein exquisiter Geschmack.<br \/>Diese Tomatensauce bietet zahlreiche ern\u00e4hrungsphysiologische Vorteile. Sie ist reich an Gem\u00fcse und nat\u00fcrlichen Zutaten. Sie vereint geschmackliche Freude und ern\u00e4hrungsphysiologische Vorteile und tr\u00e4gt somit zu einer gesunden und k\u00f6stlichen Ern\u00e4hrung bei. Diese Sauce eignet sich hervorragend zu <strong>Pasta, <a href=\"https:\/\/ellados-shop.com\/boutique\/epicerie\/epicerie-grecque-salee\/riz-aux-herbes-240-g\/\">Reis,<\/a><\/strong> als Belag f\u00fcr <strong>Pizza<\/strong> oder zur Verfeinerung von Fleisch- und Gem\u00fcsegerichten. Au\u00dferdem f\u00fcgt sie sich perfekt in eine gesunde und genussvolle K\u00fcche ein. Liebhaber der <strong>mediterranen K\u00fcche<\/strong> werden ihre subtilen Noten und ihren bezaubernden Charakter zu sch\u00e4tzen wissen. Lassen Sie Ihre Geschmacksknospen mit dieser griechischen Tomatensauce reisen und verleihen Sie Ihren Mahlzeiten eine mediterrane Note.               <\/p>\n","protected":false},"excerpt":{"rendered":"<p>Lassen Sie sich von <strong>einer originellen<\/strong> Tomatensauce <strong>\u00fcberraschen<\/strong>, die durch den Einsatz eines seltenen und kostbaren Weins, dem Mavrodaphn\u00e9, eine angenehme Sanftheit erh\u00e4lt. Diese Sauce ist der <strong>perfekte Begleiter<\/strong> f\u00fcr Ihre Pasta, Ihre hausgemachte Pizza oder Ihre Fischgerichte in Sauce. <\/p>\n","protected":false},"featured_media":5685,"comment_status":"closed","ping_status":"closed","template":"","meta":[],"product_brand":[],"product_cat":[68,106],"product_tag":[],"class_list":{"0":"post-5289","1":"product","2":"type-product","3":"status-publish","4":"has-post-thumbnail","6":"product_cat-laden","7":"product_cat-gesalzen","9":"first","10":"outofstock","11":"taxable","12":"shipping-taxable","13":"purchasable","14":"product-type-simple"},"yoast_head":"<!-- This site is optimized with the Yoast SEO plugin v26.8 - https:\/\/yoast.com\/product\/yoast-seo-wordpress\/ -->\n<title>Tomatenso\u00dfe Mavrodaphn\u00e9 -280 g - Ellados<\/title>\n<meta name=\"description\" content=\"Lassen Sie sich von einer originellen und typique griechischen Tomatensauce \u00fcberraschen, verfeinert mit einem seltenen and kostbaren Rotwein, dem Mavrodaphn\u00e9.\" \/>\n<meta name=\"robots\" content=\"index, follow, max-snippet:-1, max-image-preview:large, max-video-preview:-1\" \/>\n<link rel=\"canonical\" href=\"https:\/\/ellados-shop.com\/de\/laden\/lebensmittelgeschaft\/gesalzen\/tomatensose-aubergine-280-g-copie\/\" \/>\n<meta property=\"og:locale\" content=\"de_DE\" \/>\n<meta property=\"og:type\" content=\"article\" \/>\n<meta property=\"og:title\" content=\"Tomatenso\u00dfe Mavrodaphn\u00e9 -280 g - Ellados\" \/>\n<meta property=\"og:description\" content=\"Lassen Sie sich von einer originellen und typique griechischen Tomatensauce \u00fcberraschen, verfeinert mit einem seltenen and kostbaren Rotwein, dem Mavrodaphn\u00e9.\" \/>\n<meta property=\"og:url\" content=\"https:\/\/ellados-shop.com\/de\/laden\/lebensmittelgeschaft\/gesalzen\/tomatensose-aubergine-280-g-copie\/\" \/>\n<meta property=\"og:site_name\" content=\"Ellados\" \/>\n<meta property=\"article:modified_time\" content=\"2025-02-05T22:02:03+00:00\" \/>\n<meta property=\"og:image\" content=\"https:\/\/ellados-shop.com\/wp-content\/uploads\/SAUCE-TOMATE-MAVRODAPHNE.png\" \/>\n\t<meta property=\"og:image:width\" content=\"460\" \/>\n\t<meta property=\"og:image:height\" content=\"600\" \/>\n\t<meta property=\"og:image:type\" content=\"image\/png\" \/>\n<meta name=\"twitter:card\" content=\"summary_large_image\" \/>\n<meta name=\"twitter:label1\" content=\"Gesch\u00e4tzte Lesezeit\" \/>\n\t<meta name=\"twitter:data1\" content=\"1\u00a0Minute\" \/>\n<script type=\"application\/ld+json\" class=\"yoast-schema-graph\">{\"@context\":\"https:\/\/schema.org\",\"@graph\":[{\"@type\":\"WebPage\",\"@id\":\"https:\/\/ellados-shop.com\/de\/laden\/lebensmittelgeschaft\/gesalzen\/tomatensose-aubergine-280-g-copie\/\",\"url\":\"https:\/\/ellados-shop.com\/de\/laden\/lebensmittelgeschaft\/gesalzen\/tomatensose-aubergine-280-g-copie\/\",\"name\":\"Tomatenso\u00dfe Mavrodaphn\u00e9 -280 g - Ellados\",\"isPartOf\":{\"@id\":\"https:\/\/ellados-shop.com\/de\/#website\"},\"primaryImageOfPage\":{\"@id\":\"https:\/\/ellados-shop.com\/de\/laden\/lebensmittelgeschaft\/gesalzen\/tomatensose-aubergine-280-g-copie\/#primaryimage\"},\"image\":{\"@id\":\"https:\/\/ellados-shop.com\/de\/laden\/lebensmittelgeschaft\/gesalzen\/tomatensose-aubergine-280-g-copie\/#primaryimage\"},\"thumbnailUrl\":\"https:\/\/ellados-shop.com\/wp-content\/uploads\/Sauce-Tomae-Vin.png\",\"datePublished\":\"2024-10-16T14:40:38+00:00\",\"dateModified\":\"2025-02-05T22:02:03+00:00\",\"description\":\"Lassen Sie sich von einer originellen und typique griechischen Tomatensauce \u00fcberraschen, verfeinert mit einem seltenen and kostbaren Rotwein, dem Mavrodaphn\u00e9.\",\"breadcrumb\":{\"@id\":\"https:\/\/ellados-shop.com\/de\/laden\/lebensmittelgeschaft\/gesalzen\/tomatensose-aubergine-280-g-copie\/#breadcrumb\"},\"inLanguage\":\"de\",\"potentialAction\":[{\"@type\":\"ReadAction\",\"target\":[\"https:\/\/ellados-shop.com\/de\/laden\/lebensmittelgeschaft\/gesalzen\/tomatensose-aubergine-280-g-copie\/\"]}]},{\"@type\":\"ImageObject\",\"inLanguage\":\"de\",\"@id\":\"https:\/\/ellados-shop.com\/de\/laden\/lebensmittelgeschaft\/gesalzen\/tomatensose-aubergine-280-g-copie\/#primaryimage\",\"url\":\"https:\/\/ellados-shop.com\/wp-content\/uploads\/Sauce-Tomae-Vin.png\",\"contentUrl\":\"https:\/\/ellados-shop.com\/wp-content\/uploads\/Sauce-Tomae-Vin.png\",\"width\":450,\"height\":450,\"caption\":\"Sauce p\u00e2te\"},{\"@type\":\"BreadcrumbList\",\"@id\":\"https:\/\/ellados-shop.com\/de\/laden\/lebensmittelgeschaft\/gesalzen\/tomatensose-aubergine-280-g-copie\/#breadcrumb\",\"itemListElement\":[{\"@type\":\"ListItem\",\"position\":1,\"name\":\"Accueil\",\"item\":\"https:\/\/ellados-shop.com\/de\/accueil-v2\/\"},{\"@type\":\"ListItem\",\"position\":2,\"name\":\"Boutique\",\"item\":\"https:\/\/ellados-shop.com\/boutique\/\"},{\"@type\":\"ListItem\",\"position\":3,\"name\":\"Tomatenso\u00dfe Mavrodaphn\u00e9 -280 g\"}]},{\"@type\":\"WebSite\",\"@id\":\"https:\/\/ellados-shop.com\/de\/#website\",\"url\":\"https:\/\/ellados-shop.com\/de\/\",\"name\":\"Ellados\",\"description\":\"\",\"potentialAction\":[{\"@type\":\"SearchAction\",\"target\":{\"@type\":\"EntryPoint\",\"urlTemplate\":\"https:\/\/ellados-shop.com\/de\/?s={search_term_string}\"},\"query-input\":{\"@type\":\"PropertyValueSpecification\",\"valueRequired\":true,\"valueName\":\"search_term_string\"}}],\"inLanguage\":\"de\"}]}<\/script>\n<!-- \/ Yoast SEO plugin. -->","yoast_head_json":{"title":"Tomatenso\u00dfe Mavrodaphn\u00e9 -280 g - Ellados","description":"Lassen Sie sich von einer originellen und typique griechischen Tomatensauce \u00fcberraschen, verfeinert mit einem seltenen and kostbaren Rotwein, dem Mavrodaphn\u00e9.","robots":{"index":"index","follow":"follow","max-snippet":"max-snippet:-1","max-image-preview":"max-image-preview:large","max-video-preview":"max-video-preview:-1"},"canonical":"https:\/\/ellados-shop.com\/de\/laden\/lebensmittelgeschaft\/gesalzen\/tomatensose-aubergine-280-g-copie\/","og_locale":"de_DE","og_type":"article","og_title":"Tomatenso\u00dfe Mavrodaphn\u00e9 -280 g - Ellados","og_description":"Lassen Sie sich von einer originellen und typique griechischen Tomatensauce \u00fcberraschen, verfeinert mit einem seltenen and kostbaren Rotwein, dem Mavrodaphn\u00e9.","og_url":"https:\/\/ellados-shop.com\/de\/laden\/lebensmittelgeschaft\/gesalzen\/tomatensose-aubergine-280-g-copie\/","og_site_name":"Ellados","article_modified_time":"2025-02-05T22:02:03+00:00","og_image":[{"width":460,"height":600,"url":"https:\/\/ellados-shop.com\/wp-content\/uploads\/SAUCE-TOMATE-MAVRODAPHNE.png","type":"image\/png"}],"twitter_card":"summary_large_image","twitter_misc":{"Gesch\u00e4tzte Lesezeit":"1\u00a0Minute"},"schema":{"@context":"https:\/\/schema.org","@graph":[{"@type":"WebPage","@id":"https:\/\/ellados-shop.com\/de\/laden\/lebensmittelgeschaft\/gesalzen\/tomatensose-aubergine-280-g-copie\/","url":"https:\/\/ellados-shop.com\/de\/laden\/lebensmittelgeschaft\/gesalzen\/tomatensose-aubergine-280-g-copie\/","name":"Tomatenso\u00dfe Mavrodaphn\u00e9 -280 g - Ellados","isPartOf":{"@id":"https:\/\/ellados-shop.com\/de\/#website"},"primaryImageOfPage":{"@id":"https:\/\/ellados-shop.com\/de\/laden\/lebensmittelgeschaft\/gesalzen\/tomatensose-aubergine-280-g-copie\/#primaryimage"},"image":{"@id":"https:\/\/ellados-shop.com\/de\/laden\/lebensmittelgeschaft\/gesalzen\/tomatensose-aubergine-280-g-copie\/#primaryimage"},"thumbnailUrl":"https:\/\/ellados-shop.com\/wp-content\/uploads\/Sauce-Tomae-Vin.png","datePublished":"2024-10-16T14:40:38+00:00","dateModified":"2025-02-05T22:02:03+00:00","description":"Lassen Sie sich von einer originellen und typique griechischen Tomatensauce \u00fcberraschen, verfeinert mit einem seltenen and kostbaren Rotwein, dem Mavrodaphn\u00e9.","breadcrumb":{"@id":"https:\/\/ellados-shop.com\/de\/laden\/lebensmittelgeschaft\/gesalzen\/tomatensose-aubergine-280-g-copie\/#breadcrumb"},"inLanguage":"de","potentialAction":[{"@type":"ReadAction","target":["https:\/\/ellados-shop.com\/de\/laden\/lebensmittelgeschaft\/gesalzen\/tomatensose-aubergine-280-g-copie\/"]}]},{"@type":"ImageObject","inLanguage":"de","@id":"https:\/\/ellados-shop.com\/de\/laden\/lebensmittelgeschaft\/gesalzen\/tomatensose-aubergine-280-g-copie\/#primaryimage","url":"https:\/\/ellados-shop.com\/wp-content\/uploads\/Sauce-Tomae-Vin.png","contentUrl":"https:\/\/ellados-shop.com\/wp-content\/uploads\/Sauce-Tomae-Vin.png","width":450,"height":450,"caption":"Sauce p\u00e2te"},{"@type":"BreadcrumbList","@id":"https:\/\/ellados-shop.com\/de\/laden\/lebensmittelgeschaft\/gesalzen\/tomatensose-aubergine-280-g-copie\/#breadcrumb","itemListElement":[{"@type":"ListItem","position":1,"name":"Accueil","item":"https:\/\/ellados-shop.com\/de\/accueil-v2\/"},{"@type":"ListItem","position":2,"name":"Boutique","item":"https:\/\/ellados-shop.com\/boutique\/"},{"@type":"ListItem","position":3,"name":"Tomatenso\u00dfe Mavrodaphn\u00e9 -280 g"}]},{"@type":"WebSite","@id":"https:\/\/ellados-shop.com\/de\/#website","url":"https:\/\/ellados-shop.com\/de\/","name":"Ellados","description":"","potentialAction":[{"@type":"SearchAction","target":{"@type":"EntryPoint","urlTemplate":"https:\/\/ellados-shop.com\/de\/?s={search_term_string}"},"query-input":{"@type":"PropertyValueSpecification","valueRequired":true,"valueName":"search_term_string"}}],"inLanguage":"de"}]}},"_links":{"self":[{"href":"https:\/\/ellados-shop.com\/de\/wp-json\/wp\/v2\/product\/5289","targetHints":{"allow":["GET"]}}],"collection":[{"href":"https:\/\/ellados-shop.com\/de\/wp-json\/wp\/v2\/product"}],"about":[{"href":"https:\/\/ellados-shop.com\/de\/wp-json\/wp\/v2\/types\/product"}],"replies":[{"embeddable":true,"href":"https:\/\/ellados-shop.com\/de\/wp-json\/wp\/v2\/comments?post=5289"}],"wp:featuredmedia":[{"embeddable":true,"href":"https:\/\/ellados-shop.com\/de\/wp-json\/wp\/v2\/media\/5685"}],"wp:attachment":[{"href":"https:\/\/ellados-shop.com\/de\/wp-json\/wp\/v2\/media?parent=5289"}],"wp:term":[{"taxonomy":"product_brand","embeddable":true,"href":"https:\/\/ellados-shop.com\/de\/wp-json\/wp\/v2\/product_brand?post=5289"},{"taxonomy":"product_cat","embeddable":true,"href":"https:\/\/ellados-shop.com\/de\/wp-json\/wp\/v2\/product_cat?post=5289"},{"taxonomy":"product_tag","embeddable":true,"href":"https:\/\/ellados-shop.com\/de\/wp-json\/wp\/v2\/product_tag?post=5289"}],"curies":[{"name":"wp","href":"https:\/\/api.w.org\/{rel}","templated":true}]}}