{"id":5334,"date":"2024-10-30T06:23:52","date_gmt":"2024-10-30T05:23:52","guid":{"rendered":"https:\/\/ellados-shop.com\/?post_type=product&#038;p=5334"},"modified":"2024-10-30T17:31:24","modified_gmt":"2024-10-30T16:31:24","slug":"tomatensose-mavrodaphne-280-g-copie","status":"publish","type":"product","link":"https:\/\/ellados-shop.com\/de\/laden\/lebensmittelgeschaft\/gesalzen\/tomatensose-mavrodaphne-280-g-copie\/","title":{"rendered":"Aperitif-Creme Tomate Honig-200g"},"content":{"rendered":"<p>Genie\u00dfen Sie diese <strong>Tomaten-Honig-Aperitifcreme<\/strong> und entdecken Sie die exquisite Kombination aus der S\u00fc\u00dfe des Honigs und der nat\u00fcrlichen S\u00e4ure der Tomate. Perfekt, um Ihre <strong>Aperitifs zu bereichern<\/strong> und <strong>rohes Gem\u00fcse zu begleiten<\/strong>, zeichnet sich diese Creme durch ihre cremige Textur und ihren einzigartigen Geschmack aus. Ideal, um Ihre G\u00e4ste zu beeindrucken!<br \/>Ob als Aufstrich oder als Dip, diese Tomaten-Honig-Creme wird aus sorgf\u00e4ltig ausgew\u00e4hlten Zutaten h\u00f6chster Qualit\u00e4t hergestellt. Simply Delicious, ein griechischer Handwerksbetrieb, garantiert diese Zubereitung <strong>ohne Farb- und Konservierungsstoffe<\/strong>, um alle wichtigen N\u00e4hrstoffe f\u00fcr eine gesunde und ausgewogene Ern\u00e4hrung zu erhalten. Durch die Kombination sonnengereifter Tomaten mit der feinen S\u00fc\u00dfe des Honigs entsteht ein harmonisches Zusammenspiel aus s\u00fc\u00dfen und s\u00e4uerlichen Aromen, das sowohl Liebhaber authentischer als auch Genie\u00dfer besonderer Geschmacksrichtungen begeistern wird.<br \/>Einfach zu <strong>servieren<\/strong>, passt die Creme sowohl zu <strong>rohem Gem\u00fcse<\/strong> wie Karotten, Sellerie und Gurken als auch auf frisches oder <strong>getoastetes Brot<\/strong>. Sie ist die perfekte Erg\u00e4nzung f\u00fcr ein warmes, originelles Aperitif-Erlebnis oder einen geselligen Lunch mit Freunden. Ihr aromatisches Profil macht sie au\u00dferdem zu einem kreativen Begleiter f\u00fcr die Verfeinerung von Saucen, Marinaden und anderen Gerichten. Besonders gut passt sie zu Gerichten mit hellem Fleisch oder frischer Pasta. Lassen Sie sich von diesem mediterran inspirierten Rezept verf\u00fchren, das einen Hauch von Sonne in Ihre <strong>Genussmomente<\/strong> bringt.<br \/>G\u00f6nnen Sie sich die M\u00f6glichkeit, eine handwerklich hergestellte Sauce zu probieren, die selbst die anspruchsvollsten Feinschmecker, die auf der Suche nach hochwertigen und nat\u00fcrlich aromatischen Produkten sind, begeistern wird.              <\/p>\n","protected":false},"excerpt":{"rendered":"<p>Lassen Sie sich von dieser <strong>Tomaten-Honig-Aperitifcreme<\/strong> begeistern! Sie kann auf Toast, als Dip oder als Beilage zu Ihren Gerichten verwendet werden. Diese Tomaten-Honig-Zubereitung wird aus sorgf\u00e4ltig ausgew\u00e4hlten <strong>nat\u00fcrlichen Zutaten<\/strong> hergestellt. <\/p>\n","protected":false},"featured_media":5643,"comment_status":"closed","ping_status":"closed","template":"","meta":[],"product_brand":[],"product_cat":[68,106],"product_tag":[],"class_list":{"0":"post-5334","1":"product","2":"type-product","3":"status-publish","4":"has-post-thumbnail","6":"product_cat-laden","7":"product_cat-gesalzen","9":"first","10":"outofstock","11":"sale","12":"taxable","13":"shipping-taxable","14":"purchasable","15":"product-type-simple"},"yoast_head":"<!-- This site is optimized with the Yoast SEO plugin v26.8 - https:\/\/yoast.com\/product\/yoast-seo-wordpress\/ -->\n<title>Aperitif-Creme Tomate Honig-200g - Ellados<\/title>\n<meta name=\"description\" content=\"Probieren Sie diese Tomaten-Honig-Creme, um Ihre festlichen Momente mit Freunden farbenfroh zu gestalten. Dieses k\u00f6stliche Rezept wird der Star Ihrer Lunches und Aperitifs sein.\" \/>\n<meta name=\"robots\" content=\"index, follow, max-snippet:-1, max-image-preview:large, max-video-preview:-1\" \/>\n<link rel=\"canonical\" href=\"https:\/\/ellados-shop.com\/de\/laden\/lebensmittelgeschaft\/gesalzen\/tomatensose-mavrodaphne-280-g-copie\/\" \/>\n<meta property=\"og:locale\" content=\"de_DE\" \/>\n<meta property=\"og:type\" content=\"article\" \/>\n<meta property=\"og:title\" content=\"Aperitif-Creme Tomate Honig-200g - Ellados\" \/>\n<meta property=\"og:description\" content=\"Probieren Sie diese Tomaten-Honig-Creme, um Ihre festlichen Momente mit Freunden farbenfroh zu gestalten. Dieses k\u00f6stliche Rezept wird der Star Ihrer Lunches und Aperitifs sein.\" \/>\n<meta property=\"og:url\" content=\"https:\/\/ellados-shop.com\/de\/laden\/lebensmittelgeschaft\/gesalzen\/tomatensose-mavrodaphne-280-g-copie\/\" \/>\n<meta property=\"og:site_name\" content=\"Ellados\" \/>\n<meta property=\"article:modified_time\" content=\"2024-10-30T16:31:24+00:00\" \/>\n<meta property=\"og:image\" content=\"https:\/\/ellados-shop.com\/wp-content\/uploads\/SAUCE-TOMATE-MIEL.png\" \/>\n\t<meta property=\"og:image:width\" content=\"460\" \/>\n\t<meta property=\"og:image:height\" content=\"600\" \/>\n\t<meta property=\"og:image:type\" content=\"image\/png\" \/>\n<meta name=\"twitter:card\" content=\"summary_large_image\" \/>\n<meta name=\"twitter:label1\" content=\"Gesch\u00e4tzte Lesezeit\" \/>\n\t<meta name=\"twitter:data1\" content=\"1\u00a0Minute\" \/>\n<script type=\"application\/ld+json\" class=\"yoast-schema-graph\">{\"@context\":\"https:\/\/schema.org\",\"@graph\":[{\"@type\":\"WebPage\",\"@id\":\"https:\/\/ellados-shop.com\/de\/laden\/lebensmittelgeschaft\/gesalzen\/tomatensose-mavrodaphne-280-g-copie\/\",\"url\":\"https:\/\/ellados-shop.com\/de\/laden\/lebensmittelgeschaft\/gesalzen\/tomatensose-mavrodaphne-280-g-copie\/\",\"name\":\"Aperitif-Creme Tomate Honig-200g - Ellados\",\"isPartOf\":{\"@id\":\"https:\/\/ellados-shop.com\/de\/#website\"},\"primaryImageOfPage\":{\"@id\":\"https:\/\/ellados-shop.com\/de\/laden\/lebensmittelgeschaft\/gesalzen\/tomatensose-mavrodaphne-280-g-copie\/#primaryimage\"},\"image\":{\"@id\":\"https:\/\/ellados-shop.com\/de\/laden\/lebensmittelgeschaft\/gesalzen\/tomatensose-mavrodaphne-280-g-copie\/#primaryimage\"},\"thumbnailUrl\":\"https:\/\/ellados-shop.com\/wp-content\/uploads\/Creme-miel-tomate.png\",\"datePublished\":\"2024-10-30T05:23:52+00:00\",\"dateModified\":\"2024-10-30T16:31:24+00:00\",\"description\":\"Probieren Sie diese Tomaten-Honig-Creme, um Ihre festlichen Momente mit Freunden farbenfroh zu gestalten. Dieses k\u00f6stliche Rezept wird der Star Ihrer Lunches und Aperitifs sein.\",\"breadcrumb\":{\"@id\":\"https:\/\/ellados-shop.com\/de\/laden\/lebensmittelgeschaft\/gesalzen\/tomatensose-mavrodaphne-280-g-copie\/#breadcrumb\"},\"inLanguage\":\"de\",\"potentialAction\":[{\"@type\":\"ReadAction\",\"target\":[\"https:\/\/ellados-shop.com\/de\/laden\/lebensmittelgeschaft\/gesalzen\/tomatensose-mavrodaphne-280-g-copie\/\"]}]},{\"@type\":\"ImageObject\",\"inLanguage\":\"de\",\"@id\":\"https:\/\/ellados-shop.com\/de\/laden\/lebensmittelgeschaft\/gesalzen\/tomatensose-mavrodaphne-280-g-copie\/#primaryimage\",\"url\":\"https:\/\/ellados-shop.com\/wp-content\/uploads\/Creme-miel-tomate.png\",\"contentUrl\":\"https:\/\/ellados-shop.com\/wp-content\/uploads\/Creme-miel-tomate.png\",\"width\":450,\"height\":450,\"caption\":\"APERITIF\"},{\"@type\":\"BreadcrumbList\",\"@id\":\"https:\/\/ellados-shop.com\/de\/laden\/lebensmittelgeschaft\/gesalzen\/tomatensose-mavrodaphne-280-g-copie\/#breadcrumb\",\"itemListElement\":[{\"@type\":\"ListItem\",\"position\":1,\"name\":\"Accueil\",\"item\":\"https:\/\/ellados-shop.com\/de\/accueil-v2\/\"},{\"@type\":\"ListItem\",\"position\":2,\"name\":\"Boutique\",\"item\":\"https:\/\/ellados-shop.com\/boutique\/\"},{\"@type\":\"ListItem\",\"position\":3,\"name\":\"Aperitif-Creme Tomate Honig-200g\"}]},{\"@type\":\"WebSite\",\"@id\":\"https:\/\/ellados-shop.com\/de\/#website\",\"url\":\"https:\/\/ellados-shop.com\/de\/\",\"name\":\"Ellados\",\"description\":\"\",\"potentialAction\":[{\"@type\":\"SearchAction\",\"target\":{\"@type\":\"EntryPoint\",\"urlTemplate\":\"https:\/\/ellados-shop.com\/de\/?s={search_term_string}\"},\"query-input\":{\"@type\":\"PropertyValueSpecification\",\"valueRequired\":true,\"valueName\":\"search_term_string\"}}],\"inLanguage\":\"de\"}]}<\/script>\n<!-- \/ Yoast SEO plugin. -->","yoast_head_json":{"title":"Aperitif-Creme Tomate Honig-200g - Ellados","description":"Probieren Sie diese Tomaten-Honig-Creme, um Ihre festlichen Momente mit Freunden farbenfroh zu gestalten. Dieses k\u00f6stliche Rezept wird der Star Ihrer Lunches und Aperitifs sein.","robots":{"index":"index","follow":"follow","max-snippet":"max-snippet:-1","max-image-preview":"max-image-preview:large","max-video-preview":"max-video-preview:-1"},"canonical":"https:\/\/ellados-shop.com\/de\/laden\/lebensmittelgeschaft\/gesalzen\/tomatensose-mavrodaphne-280-g-copie\/","og_locale":"de_DE","og_type":"article","og_title":"Aperitif-Creme Tomate Honig-200g - Ellados","og_description":"Probieren Sie diese Tomaten-Honig-Creme, um Ihre festlichen Momente mit Freunden farbenfroh zu gestalten. Dieses k\u00f6stliche Rezept wird der Star Ihrer Lunches und Aperitifs sein.","og_url":"https:\/\/ellados-shop.com\/de\/laden\/lebensmittelgeschaft\/gesalzen\/tomatensose-mavrodaphne-280-g-copie\/","og_site_name":"Ellados","article_modified_time":"2024-10-30T16:31:24+00:00","og_image":[{"width":460,"height":600,"url":"https:\/\/ellados-shop.com\/wp-content\/uploads\/SAUCE-TOMATE-MIEL.png","type":"image\/png"}],"twitter_card":"summary_large_image","twitter_misc":{"Gesch\u00e4tzte Lesezeit":"1\u00a0Minute"},"schema":{"@context":"https:\/\/schema.org","@graph":[{"@type":"WebPage","@id":"https:\/\/ellados-shop.com\/de\/laden\/lebensmittelgeschaft\/gesalzen\/tomatensose-mavrodaphne-280-g-copie\/","url":"https:\/\/ellados-shop.com\/de\/laden\/lebensmittelgeschaft\/gesalzen\/tomatensose-mavrodaphne-280-g-copie\/","name":"Aperitif-Creme Tomate Honig-200g - Ellados","isPartOf":{"@id":"https:\/\/ellados-shop.com\/de\/#website"},"primaryImageOfPage":{"@id":"https:\/\/ellados-shop.com\/de\/laden\/lebensmittelgeschaft\/gesalzen\/tomatensose-mavrodaphne-280-g-copie\/#primaryimage"},"image":{"@id":"https:\/\/ellados-shop.com\/de\/laden\/lebensmittelgeschaft\/gesalzen\/tomatensose-mavrodaphne-280-g-copie\/#primaryimage"},"thumbnailUrl":"https:\/\/ellados-shop.com\/wp-content\/uploads\/Creme-miel-tomate.png","datePublished":"2024-10-30T05:23:52+00:00","dateModified":"2024-10-30T16:31:24+00:00","description":"Probieren Sie diese Tomaten-Honig-Creme, um Ihre festlichen Momente mit Freunden farbenfroh zu gestalten. Dieses k\u00f6stliche Rezept wird der Star Ihrer Lunches und Aperitifs sein.","breadcrumb":{"@id":"https:\/\/ellados-shop.com\/de\/laden\/lebensmittelgeschaft\/gesalzen\/tomatensose-mavrodaphne-280-g-copie\/#breadcrumb"},"inLanguage":"de","potentialAction":[{"@type":"ReadAction","target":["https:\/\/ellados-shop.com\/de\/laden\/lebensmittelgeschaft\/gesalzen\/tomatensose-mavrodaphne-280-g-copie\/"]}]},{"@type":"ImageObject","inLanguage":"de","@id":"https:\/\/ellados-shop.com\/de\/laden\/lebensmittelgeschaft\/gesalzen\/tomatensose-mavrodaphne-280-g-copie\/#primaryimage","url":"https:\/\/ellados-shop.com\/wp-content\/uploads\/Creme-miel-tomate.png","contentUrl":"https:\/\/ellados-shop.com\/wp-content\/uploads\/Creme-miel-tomate.png","width":450,"height":450,"caption":"APERITIF"},{"@type":"BreadcrumbList","@id":"https:\/\/ellados-shop.com\/de\/laden\/lebensmittelgeschaft\/gesalzen\/tomatensose-mavrodaphne-280-g-copie\/#breadcrumb","itemListElement":[{"@type":"ListItem","position":1,"name":"Accueil","item":"https:\/\/ellados-shop.com\/de\/accueil-v2\/"},{"@type":"ListItem","position":2,"name":"Boutique","item":"https:\/\/ellados-shop.com\/boutique\/"},{"@type":"ListItem","position":3,"name":"Aperitif-Creme Tomate Honig-200g"}]},{"@type":"WebSite","@id":"https:\/\/ellados-shop.com\/de\/#website","url":"https:\/\/ellados-shop.com\/de\/","name":"Ellados","description":"","potentialAction":[{"@type":"SearchAction","target":{"@type":"EntryPoint","urlTemplate":"https:\/\/ellados-shop.com\/de\/?s={search_term_string}"},"query-input":{"@type":"PropertyValueSpecification","valueRequired":true,"valueName":"search_term_string"}}],"inLanguage":"de"}]}},"_links":{"self":[{"href":"https:\/\/ellados-shop.com\/de\/wp-json\/wp\/v2\/product\/5334","targetHints":{"allow":["GET"]}}],"collection":[{"href":"https:\/\/ellados-shop.com\/de\/wp-json\/wp\/v2\/product"}],"about":[{"href":"https:\/\/ellados-shop.com\/de\/wp-json\/wp\/v2\/types\/product"}],"replies":[{"embeddable":true,"href":"https:\/\/ellados-shop.com\/de\/wp-json\/wp\/v2\/comments?post=5334"}],"wp:featuredmedia":[{"embeddable":true,"href":"https:\/\/ellados-shop.com\/de\/wp-json\/wp\/v2\/media\/5643"}],"wp:attachment":[{"href":"https:\/\/ellados-shop.com\/de\/wp-json\/wp\/v2\/media?parent=5334"}],"wp:term":[{"taxonomy":"product_brand","embeddable":true,"href":"https:\/\/ellados-shop.com\/de\/wp-json\/wp\/v2\/product_brand?post=5334"},{"taxonomy":"product_cat","embeddable":true,"href":"https:\/\/ellados-shop.com\/de\/wp-json\/wp\/v2\/product_cat?post=5334"},{"taxonomy":"product_tag","embeddable":true,"href":"https:\/\/ellados-shop.com\/de\/wp-json\/wp\/v2\/product_tag?post=5334"}],"curies":[{"name":"wp","href":"https:\/\/api.w.org\/{rel}","templated":true}]}}