{"id":5424,"date":"2024-11-16T13:21:00","date_gmt":"2024-11-16T12:21:00","guid":{"rendered":"https:\/\/ellados-shop.com\/?post_type=product&#038;p=5424"},"modified":"2025-04-08T17:01:33","modified_gmt":"2025-04-08T15:01:33","slug":"honig-sesam-cranberry-riegel-40-g-copie","status":"publish","type":"product","link":"https:\/\/ellados-shop.com\/de\/laden\/lebensmittelgeschaft\/sus\/honig-sesam-cranberry-riegel-40-g-copie\/","title":{"rendered":"Gourmand-Sortiment"},"content":{"rendered":"<div class=\"flex flex-grow flex-col max-w-full\">\n<div class=\"min-h-[20px] text-message flex flex-col items-start gap-3 whitespace-pre-wrap break-words [.text-message+&amp;]:mt-5 overflow-x-auto\" dir=\"auto\" data-message-author-role=\"assistant\" data-message-id=\"b452a892-ffee-4f90-8c8c-770c48c20301\">\n<div class=\"markdown prose w-full break-words dark:prose-invert light\">\n<div class=\"flex flex-grow flex-col max-w-full\">\n<div class=\"min-h-[20px] text-message flex flex-col items-start gap-3 whitespace-pre-wrap break-words [.text-message+&amp;]:mt-5 overflow-x-auto\" dir=\"auto\" data-message-author-role=\"assistant\" data-message-id=\"9846f441-2776-4b9f-86b5-39b14ac9c3ad\">\n<div class=\"markdown prose w-full break-words dark:prose-invert light\"> W\u00e4hlen Sie nicht mehr und entdecken Sie dieses <strong>k\u00f6stliche und authentische Sortiment<\/strong> von 5 handwerklich hergestellten Riegeln, inspiriert von den griechischen Traditionen. Neben ihrem k\u00f6stlichen Geschmack werden diese Riegel aus nat\u00fcrlichen Zutaten wie <strong>Sesam<\/strong>, griechischem <strong>Honig<\/strong> und <strong>Cranberries<\/strong> zubereitet. Diese Kombinationen bieten ein perfektes Gleichgewicht zwischen Knusprigkeit, S\u00fc\u00dfe und Frische. Jeder Riegel ist eine wahre Explosion von Aromen, ideal f\u00fcr Liebhaber gesunder und raffinierter Produkte. Diese Riegel eignen sich auch f\u00fcr Sportler. Sie werden aus <strong>100 % nat\u00fcrlichen und hochwertigen Zutaten<\/strong> hergestellt. Sesam, reich an N\u00e4hrstoffen und Antioxidantien, harmoniert perfekt mit dem griechischen Honig, der f\u00fcr seine au\u00dfergew\u00f6hnlichen Eigenschaften und unvergleichliche S\u00fc\u00dfe bekannt ist. Die Cranberries verleihen eine fruchtige und s\u00e4uerliche Note, die die Reichhaltigkeit des Sesams und des Honigs perfekt ausgleicht.        <strong>Eigenschaften :<\/strong><\/p>\n<ul>\n<li>5 knackige oder zarte Riegel<\/li>\n<li>100% nat\u00fcrliche Zutaten: Sesam, griechischer Honig, Cranberries<\/li>\n<li>Handwerkliche Fertigung in Kalamata<\/li>\n<li>Garantiert frei von Konservierungs- und Zusatzstoffen<\/li>\n<\/ul>\n<p><strong>V\u00f6llig handwerklich hergestellt<\/strong>, werden diese Riegel in Kalamata im Herzen des Peloponnes produziert. Diese Region ist bekannt f\u00fcr ihre kulinarischen Traditionen und ihr handwerkliches Know-how. Jede Bissen bringt Sie direkt ins Herz Griechenlands, mit sorgf\u00e4ltig ausgew\u00e4hlten Zutaten, die eine einwandfreie Qualit\u00e4t garantieren. Daher ist dieses Sortiment aus Sesam-, Honig- und Cranberry-Riegeln die ideale Wahl, sei es f\u00fcr einen genussvollen Snack oder als raffiniertes Geschenk. Diese handwerklichen Produkte sind perfekt f\u00fcr diejenigen, die eine gesunde und k\u00f6stliche Alternative zu traditionellen Snacks suchen. G\u00f6nnen Sie sich mit diesem k\u00f6stlichen Sortiment einen Hauch von Griechenland und genie\u00dfen Sie authentische Momente des Genusses.      <\/div>\n<\/div>\n<\/div>\n<\/div>\n<\/div>\n<\/div>\n","protected":false},"excerpt":{"rendered":"<p><strong>W\u00e4hlen Sie nicht<\/strong> mehr und entdecken Sie dieses <strong>k\u00f6stliche und authentische Sortiment <\/strong>von 5 handwerklich hergestellten Riegeln, inspiriert von den griechischen Traditionen. Erleben Sie die Aromen von Honig, Sesam, Mandeln und Cranberries. <\/p>\n","protected":false},"featured_media":6860,"comment_status":"closed","ping_status":"closed","template":"","meta":[],"product_brand":[],"product_cat":[68,92,110],"product_tag":[],"class_list":{"0":"post-5424","1":"product","2":"type-product","3":"status-publish","4":"has-post-thumbnail","6":"product_cat-laden","7":"product_cat-lebensmittelgeschaft","8":"product_cat-sus","10":"first","11":"outofstock","12":"sale","13":"taxable","14":"shipping-taxable","15":"purchasable","16":"product-type-simple"},"yoast_head":"<!-- This site is optimized with the Yoast SEO plugin v26.8 - https:\/\/yoast.com\/product\/yoast-seo-wordpress\/ -->\n<title>Gourmand-Sortiment - Ellados<\/title>\n<meta name=\"description\" content=\"Z\u00f6gern Sie noch oder wissen Sie nicht, was Sie w\u00e4hlen sollen... STOPP! Entscheiden Sie sich f\u00fcr dieses verf\u00fchrerische Sortiment und entdecken Sie authentische griechische Aromen, 100 % nat\u00fcrlich.\" \/>\n<meta name=\"robots\" content=\"index, follow, max-snippet:-1, max-image-preview:large, max-video-preview:-1\" \/>\n<link rel=\"canonical\" href=\"https:\/\/ellados-shop.com\/de\/laden\/lebensmittelgeschaft\/sus\/honig-sesam-cranberry-riegel-40-g-copie\/\" \/>\n<meta property=\"og:locale\" content=\"de_DE\" \/>\n<meta property=\"og:type\" content=\"article\" \/>\n<meta property=\"og:title\" content=\"Gourmand-Sortiment - Ellados\" \/>\n<meta property=\"og:description\" content=\"Z\u00f6gern Sie noch oder wissen Sie nicht, was Sie w\u00e4hlen sollen... STOPP! Entscheiden Sie sich f\u00fcr dieses verf\u00fchrerische Sortiment und entdecken Sie authentische griechische Aromen, 100 % nat\u00fcrlich.\" \/>\n<meta property=\"og:url\" content=\"https:\/\/ellados-shop.com\/de\/laden\/lebensmittelgeschaft\/sus\/honig-sesam-cranberry-riegel-40-g-copie\/\" \/>\n<meta property=\"og:site_name\" content=\"Ellados\" \/>\n<meta property=\"article:modified_time\" content=\"2025-04-08T15:01:33+00:00\" \/>\n<meta property=\"og:image\" content=\"https:\/\/ellados-shop.com\/wp-content\/uploads\/duo-gourmand-.png\" \/>\n\t<meta property=\"og:image:width\" content=\"450\" \/>\n\t<meta property=\"og:image:height\" content=\"450\" \/>\n\t<meta property=\"og:image:type\" content=\"image\/png\" \/>\n<meta name=\"twitter:card\" content=\"summary_large_image\" \/>\n<meta name=\"twitter:label1\" content=\"Gesch\u00e4tzte Lesezeit\" \/>\n\t<meta name=\"twitter:data1\" content=\"1\u00a0Minute\" \/>\n<script type=\"application\/ld+json\" class=\"yoast-schema-graph\">{\"@context\":\"https:\/\/schema.org\",\"@graph\":[{\"@type\":\"WebPage\",\"@id\":\"https:\/\/ellados-shop.com\/de\/laden\/lebensmittelgeschaft\/sus\/honig-sesam-cranberry-riegel-40-g-copie\/\",\"url\":\"https:\/\/ellados-shop.com\/de\/laden\/lebensmittelgeschaft\/sus\/honig-sesam-cranberry-riegel-40-g-copie\/\",\"name\":\"Gourmand-Sortiment - Ellados\",\"isPartOf\":{\"@id\":\"https:\/\/ellados-shop.com\/de\/#website\"},\"primaryImageOfPage\":{\"@id\":\"https:\/\/ellados-shop.com\/de\/laden\/lebensmittelgeschaft\/sus\/honig-sesam-cranberry-riegel-40-g-copie\/#primaryimage\"},\"image\":{\"@id\":\"https:\/\/ellados-shop.com\/de\/laden\/lebensmittelgeschaft\/sus\/honig-sesam-cranberry-riegel-40-g-copie\/#primaryimage\"},\"thumbnailUrl\":\"https:\/\/ellados-shop.com\/wp-content\/uploads\/duo-gourmand-.png\",\"datePublished\":\"2024-11-16T12:21:00+00:00\",\"dateModified\":\"2025-04-08T15:01:33+00:00\",\"description\":\"Z\u00f6gern Sie noch oder wissen Sie nicht, was Sie w\u00e4hlen sollen... STOPP! Entscheiden Sie sich f\u00fcr dieses verf\u00fchrerische Sortiment und entdecken Sie authentische griechische Aromen, 100 % nat\u00fcrlich.\",\"breadcrumb\":{\"@id\":\"https:\/\/ellados-shop.com\/de\/laden\/lebensmittelgeschaft\/sus\/honig-sesam-cranberry-riegel-40-g-copie\/#breadcrumb\"},\"inLanguage\":\"de\",\"potentialAction\":[{\"@type\":\"ReadAction\",\"target\":[\"https:\/\/ellados-shop.com\/de\/laden\/lebensmittelgeschaft\/sus\/honig-sesam-cranberry-riegel-40-g-copie\/\"]}]},{\"@type\":\"ImageObject\",\"inLanguage\":\"de\",\"@id\":\"https:\/\/ellados-shop.com\/de\/laden\/lebensmittelgeschaft\/sus\/honig-sesam-cranberry-riegel-40-g-copie\/#primaryimage\",\"url\":\"https:\/\/ellados-shop.com\/wp-content\/uploads\/duo-gourmand-.png\",\"contentUrl\":\"https:\/\/ellados-shop.com\/wp-content\/uploads\/duo-gourmand-.png\",\"width\":450,\"height\":450,\"caption\":\"\u00e9picerie grecque souvenirs\"},{\"@type\":\"BreadcrumbList\",\"@id\":\"https:\/\/ellados-shop.com\/de\/laden\/lebensmittelgeschaft\/sus\/honig-sesam-cranberry-riegel-40-g-copie\/#breadcrumb\",\"itemListElement\":[{\"@type\":\"ListItem\",\"position\":1,\"name\":\"Accueil\",\"item\":\"https:\/\/ellados-shop.com\/de\/accueil-v2\/\"},{\"@type\":\"ListItem\",\"position\":2,\"name\":\"Boutique\",\"item\":\"https:\/\/ellados-shop.com\/boutique\/\"},{\"@type\":\"ListItem\",\"position\":3,\"name\":\"Gourmand-Sortiment\"}]},{\"@type\":\"WebSite\",\"@id\":\"https:\/\/ellados-shop.com\/de\/#website\",\"url\":\"https:\/\/ellados-shop.com\/de\/\",\"name\":\"Ellados\",\"description\":\"\",\"potentialAction\":[{\"@type\":\"SearchAction\",\"target\":{\"@type\":\"EntryPoint\",\"urlTemplate\":\"https:\/\/ellados-shop.com\/de\/?s={search_term_string}\"},\"query-input\":{\"@type\":\"PropertyValueSpecification\",\"valueRequired\":true,\"valueName\":\"search_term_string\"}}],\"inLanguage\":\"de\"}]}<\/script>\n<!-- \/ Yoast SEO plugin. -->","yoast_head_json":{"title":"Gourmand-Sortiment - Ellados","description":"Z\u00f6gern Sie noch oder wissen Sie nicht, was Sie w\u00e4hlen sollen... STOPP! Entscheiden Sie sich f\u00fcr dieses verf\u00fchrerische Sortiment und entdecken Sie authentische griechische Aromen, 100 % nat\u00fcrlich.","robots":{"index":"index","follow":"follow","max-snippet":"max-snippet:-1","max-image-preview":"max-image-preview:large","max-video-preview":"max-video-preview:-1"},"canonical":"https:\/\/ellados-shop.com\/de\/laden\/lebensmittelgeschaft\/sus\/honig-sesam-cranberry-riegel-40-g-copie\/","og_locale":"de_DE","og_type":"article","og_title":"Gourmand-Sortiment - Ellados","og_description":"Z\u00f6gern Sie noch oder wissen Sie nicht, was Sie w\u00e4hlen sollen... STOPP! Entscheiden Sie sich f\u00fcr dieses verf\u00fchrerische Sortiment und entdecken Sie authentische griechische Aromen, 100 % nat\u00fcrlich.","og_url":"https:\/\/ellados-shop.com\/de\/laden\/lebensmittelgeschaft\/sus\/honig-sesam-cranberry-riegel-40-g-copie\/","og_site_name":"Ellados","article_modified_time":"2025-04-08T15:01:33+00:00","og_image":[{"width":450,"height":450,"url":"https:\/\/ellados-shop.com\/wp-content\/uploads\/duo-gourmand-.png","type":"image\/png"}],"twitter_card":"summary_large_image","twitter_misc":{"Gesch\u00e4tzte Lesezeit":"1\u00a0Minute"},"schema":{"@context":"https:\/\/schema.org","@graph":[{"@type":"WebPage","@id":"https:\/\/ellados-shop.com\/de\/laden\/lebensmittelgeschaft\/sus\/honig-sesam-cranberry-riegel-40-g-copie\/","url":"https:\/\/ellados-shop.com\/de\/laden\/lebensmittelgeschaft\/sus\/honig-sesam-cranberry-riegel-40-g-copie\/","name":"Gourmand-Sortiment - Ellados","isPartOf":{"@id":"https:\/\/ellados-shop.com\/de\/#website"},"primaryImageOfPage":{"@id":"https:\/\/ellados-shop.com\/de\/laden\/lebensmittelgeschaft\/sus\/honig-sesam-cranberry-riegel-40-g-copie\/#primaryimage"},"image":{"@id":"https:\/\/ellados-shop.com\/de\/laden\/lebensmittelgeschaft\/sus\/honig-sesam-cranberry-riegel-40-g-copie\/#primaryimage"},"thumbnailUrl":"https:\/\/ellados-shop.com\/wp-content\/uploads\/duo-gourmand-.png","datePublished":"2024-11-16T12:21:00+00:00","dateModified":"2025-04-08T15:01:33+00:00","description":"Z\u00f6gern Sie noch oder wissen Sie nicht, was Sie w\u00e4hlen sollen... STOPP! Entscheiden Sie sich f\u00fcr dieses verf\u00fchrerische Sortiment und entdecken Sie authentische griechische Aromen, 100 % nat\u00fcrlich.","breadcrumb":{"@id":"https:\/\/ellados-shop.com\/de\/laden\/lebensmittelgeschaft\/sus\/honig-sesam-cranberry-riegel-40-g-copie\/#breadcrumb"},"inLanguage":"de","potentialAction":[{"@type":"ReadAction","target":["https:\/\/ellados-shop.com\/de\/laden\/lebensmittelgeschaft\/sus\/honig-sesam-cranberry-riegel-40-g-copie\/"]}]},{"@type":"ImageObject","inLanguage":"de","@id":"https:\/\/ellados-shop.com\/de\/laden\/lebensmittelgeschaft\/sus\/honig-sesam-cranberry-riegel-40-g-copie\/#primaryimage","url":"https:\/\/ellados-shop.com\/wp-content\/uploads\/duo-gourmand-.png","contentUrl":"https:\/\/ellados-shop.com\/wp-content\/uploads\/duo-gourmand-.png","width":450,"height":450,"caption":"\u00e9picerie grecque souvenirs"},{"@type":"BreadcrumbList","@id":"https:\/\/ellados-shop.com\/de\/laden\/lebensmittelgeschaft\/sus\/honig-sesam-cranberry-riegel-40-g-copie\/#breadcrumb","itemListElement":[{"@type":"ListItem","position":1,"name":"Accueil","item":"https:\/\/ellados-shop.com\/de\/accueil-v2\/"},{"@type":"ListItem","position":2,"name":"Boutique","item":"https:\/\/ellados-shop.com\/boutique\/"},{"@type":"ListItem","position":3,"name":"Gourmand-Sortiment"}]},{"@type":"WebSite","@id":"https:\/\/ellados-shop.com\/de\/#website","url":"https:\/\/ellados-shop.com\/de\/","name":"Ellados","description":"","potentialAction":[{"@type":"SearchAction","target":{"@type":"EntryPoint","urlTemplate":"https:\/\/ellados-shop.com\/de\/?s={search_term_string}"},"query-input":{"@type":"PropertyValueSpecification","valueRequired":true,"valueName":"search_term_string"}}],"inLanguage":"de"}]}},"_links":{"self":[{"href":"https:\/\/ellados-shop.com\/de\/wp-json\/wp\/v2\/product\/5424","targetHints":{"allow":["GET"]}}],"collection":[{"href":"https:\/\/ellados-shop.com\/de\/wp-json\/wp\/v2\/product"}],"about":[{"href":"https:\/\/ellados-shop.com\/de\/wp-json\/wp\/v2\/types\/product"}],"replies":[{"embeddable":true,"href":"https:\/\/ellados-shop.com\/de\/wp-json\/wp\/v2\/comments?post=5424"}],"wp:featuredmedia":[{"embeddable":true,"href":"https:\/\/ellados-shop.com\/de\/wp-json\/wp\/v2\/media\/6860"}],"wp:attachment":[{"href":"https:\/\/ellados-shop.com\/de\/wp-json\/wp\/v2\/media?parent=5424"}],"wp:term":[{"taxonomy":"product_brand","embeddable":true,"href":"https:\/\/ellados-shop.com\/de\/wp-json\/wp\/v2\/product_brand?post=5424"},{"taxonomy":"product_cat","embeddable":true,"href":"https:\/\/ellados-shop.com\/de\/wp-json\/wp\/v2\/product_cat?post=5424"},{"taxonomy":"product_tag","embeddable":true,"href":"https:\/\/ellados-shop.com\/de\/wp-json\/wp\/v2\/product_tag?post=5424"}],"curies":[{"name":"wp","href":"https:\/\/api.w.org\/{rel}","templated":true}]}}