{"id":5458,"date":"2024-11-16T17:31:34","date_gmt":"2024-11-16T16:31:34","guid":{"rendered":"https:\/\/ellados-shop.com\/?post_type=product&#038;p=5458"},"modified":"2025-02-05T23:02:03","modified_gmt":"2025-02-05T22:02:03","slug":"bio-kiefernhonig-460-g-copie","status":"publish","type":"product","link":"https:\/\/ellados-shop.com\/de\/geschenkboxen-de\/bio-kiefernhonig-460-g-copie\/","title":{"rendered":"&#8222;M\u00e9li&#8220; Verkostungsbox"},"content":{"rendered":"<p>Lassen Sie sich von der s\u00fc\u00dfen Sanftheit von <strong>&#8222;M\u00e9li&#8220;<\/strong>, Ihrem <strong>Verkostungskoffer,<\/strong> verzaubern. In diesem Koffer finden Sie eine Auswahl von zwei Honigen, die von der Handwerkskunst des Melifimos-Teams hergestellt wurden. Zuerst genie\u00dfen Sie einen <strong>Bio-Kiefern-Honig<\/strong>. Die Imker stellen diesen einzigartigen Honig aus dem Nektar her, den die Bienen aus dem Honigtau der Kiefern sammeln. Es handelt sich um eine seltene Essenz, die diesem Honig eine einzigartige geschmackliche und ern\u00e4hrungsphysiologische Reichhaltigkeit verleiht. Deshalb zeichnet sich dieser Kiefern-Honig durch seinen <strong>robusten, holzigen <\/strong>Geschmack aus, mit harzigen Noten, die an die dichten Mittelmeerkiefernw\u00e4lder erinnern. Weniger s\u00fc\u00df als andere Honigsorten, bietet er eine komplexe aromatische Vielfalt. Dieser Kiefern-Honig wird also alle Gaumen ansprechen, die nach authentischen und tiefen Geschmacksrichtungen suchen. Danach genie\u00dfen Sie die Zartheit des Thymian-Honigs. Ein au\u00dfergew\u00f6hnliches Produkt! Sie werden diesen <strong>Thymian-Honig<\/strong> besonders f\u00fcr seine <strong>intensiven floralen Aromen <\/strong>und seinen subtil holzigen Geschmack sch\u00e4tzen. Dieser kostbare Nektar entfaltet kraftvolle Noten von Thymian, einer emblematischen Pflanze des Mittelmeers.         <strong>. 100 % Naturel,   <\/strong>Dieser Honig wird nach umweltfreundlichen handwerklichen Methoden hergestellt. Er enth\u00e4lt keine Zusatzstoffe, Konservierungsstoffe oder Farbstoffe. Das einzigartige mediterrane Klima der Region, mit seinen hei\u00dfen und trockenen Sommern, f\u00f6rdert die \u00fcppige Bl\u00fcte des Thymians. Deshalb finden Sie in diesem Honig ein reines, ungefiltertes Produkt, das reich an wichtigen N\u00e4hrstoffen ist. Honig ist bekannt f\u00fcr seine <strong>medizinischen Eigenschaften<\/strong> und gesundheitlichen Vorteile. Zudem ist er aufgrund seines <strong>niedrigen Zuckergehalts<\/strong> ideal f\u00fcr diejenigen, die einen nat\u00fcrlichen S\u00fc\u00dfstoff suchen, w\u00e4hrend sie eine moderate Energiezufuhr erhalten. Reich an Antioxidantien und Spurenelementen hilft er, das Immunsystem zu st\u00e4rken. Er f\u00f6rdert zudem die Wundheilung und tr\u00e4gt zur Verbesserung der Verdauung bei. G\u00f6nnen Sie sich eine Auszeit der S\u00fc\u00dfe und des Wohlbefindens mit &#8222;M\u00e9li&#8220;, dem Verkostungskoffer, der speziell von Ellados Shop angeboten wird.        <\/p>\n","protected":false},"excerpt":{"rendered":"<p>Ein Duo voller Sanftheit und Aromen mit diesem Verkostungskoffer &#8222;M\u00e9li&#8220;. Genie\u00dfen Sie <strong>die Kraft des Bio-Kiefernhonigs <\/strong>und sch\u00e4tzen Sie <strong>die Zartheit des Thymianhonigs.<\/strong> <\/p>\n","protected":false},"featured_media":5466,"comment_status":"closed","ping_status":"closed","template":"","meta":[],"product_brand":[],"product_cat":[68,92,169],"product_tag":[],"class_list":{"0":"post-5458","1":"product","2":"type-product","3":"status-publish","4":"has-post-thumbnail","6":"product_cat-laden","7":"product_cat-lebensmittelgeschaft","8":"product_cat-geschenkboxen-de","10":"first","11":"outofstock","12":"taxable","13":"shipping-taxable","14":"purchasable","15":"product-type-simple"},"yoast_head":"<!-- This site is optimized with the Yoast SEO plugin v26.8 - https:\/\/yoast.com\/product\/yoast-seo-wordpress\/ -->\n<title>&quot;M\u00e9li&quot; Verkostungsbox - Ellados<\/title>\n<meta name=\"description\" content=\"\u201eM\u00e9li\u201c ist ein Verkostungsgeschenkset mit handwerklich hergestelltem Honig, einzigartigen Aromen und intensivem Geschmack. Mit dem Einzug des Winters ein Produkt, das ohne Ma\u00df genossen werden kann.\" \/>\n<meta name=\"robots\" content=\"index, follow, max-snippet:-1, max-image-preview:large, max-video-preview:-1\" \/>\n<link rel=\"canonical\" href=\"https:\/\/ellados-shop.com\/de\/geschenkboxen-de\/bio-kiefernhonig-460-g-copie\/\" \/>\n<meta property=\"og:locale\" content=\"de_DE\" \/>\n<meta property=\"og:type\" content=\"article\" \/>\n<meta property=\"og:title\" content=\"&quot;M\u00e9li&quot; Verkostungsbox - Ellados\" \/>\n<meta property=\"og:description\" content=\"\u201eM\u00e9li\u201c ist ein Verkostungsgeschenkset mit handwerklich hergestelltem Honig, einzigartigen Aromen und intensivem Geschmack. Mit dem Einzug des Winters ein Produkt, das ohne Ma\u00df genossen werden kann.\" \/>\n<meta property=\"og:url\" content=\"https:\/\/ellados-shop.com\/de\/geschenkboxen-de\/bio-kiefernhonig-460-g-copie\/\" \/>\n<meta property=\"og:site_name\" content=\"Ellados\" \/>\n<meta property=\"article:modified_time\" content=\"2025-02-05T22:02:03+00:00\" \/>\n<meta property=\"og:image\" content=\"https:\/\/ellados-shop.com\/wp-content\/uploads\/COFFRET-MELI.png\" \/>\n\t<meta property=\"og:image:width\" content=\"450\" \/>\n\t<meta property=\"og:image:height\" content=\"600\" \/>\n\t<meta property=\"og:image:type\" content=\"image\/png\" \/>\n<meta name=\"twitter:card\" content=\"summary_large_image\" \/>\n<meta name=\"twitter:label1\" content=\"Gesch\u00e4tzte Lesezeit\" \/>\n\t<meta name=\"twitter:data1\" content=\"2\u00a0Minuten\" \/>\n<script type=\"application\/ld+json\" class=\"yoast-schema-graph\">{\"@context\":\"https:\/\/schema.org\",\"@graph\":[{\"@type\":\"WebPage\",\"@id\":\"https:\/\/ellados-shop.com\/de\/geschenkboxen-de\/bio-kiefernhonig-460-g-copie\/\",\"url\":\"https:\/\/ellados-shop.com\/de\/geschenkboxen-de\/bio-kiefernhonig-460-g-copie\/\",\"name\":\"\\\"M\u00e9li\\\" Verkostungsbox - Ellados\",\"isPartOf\":{\"@id\":\"https:\/\/ellados-shop.com\/de\/#website\"},\"primaryImageOfPage\":{\"@id\":\"https:\/\/ellados-shop.com\/de\/geschenkboxen-de\/bio-kiefernhonig-460-g-copie\/#primaryimage\"},\"image\":{\"@id\":\"https:\/\/ellados-shop.com\/de\/geschenkboxen-de\/bio-kiefernhonig-460-g-copie\/#primaryimage\"},\"thumbnailUrl\":\"https:\/\/ellados-shop.com\/wp-content\/uploads\/COFFRET-MELI.png\",\"datePublished\":\"2024-11-16T16:31:34+00:00\",\"dateModified\":\"2025-02-05T22:02:03+00:00\",\"description\":\"\u201eM\u00e9li\u201c ist ein Verkostungsgeschenkset mit handwerklich hergestelltem Honig, einzigartigen Aromen und intensivem Geschmack. Mit dem Einzug des Winters ein Produkt, das ohne Ma\u00df genossen werden kann.\",\"breadcrumb\":{\"@id\":\"https:\/\/ellados-shop.com\/de\/geschenkboxen-de\/bio-kiefernhonig-460-g-copie\/#breadcrumb\"},\"inLanguage\":\"de\",\"potentialAction\":[{\"@type\":\"ReadAction\",\"target\":[\"https:\/\/ellados-shop.com\/de\/geschenkboxen-de\/bio-kiefernhonig-460-g-copie\/\"]}]},{\"@type\":\"ImageObject\",\"inLanguage\":\"de\",\"@id\":\"https:\/\/ellados-shop.com\/de\/geschenkboxen-de\/bio-kiefernhonig-460-g-copie\/#primaryimage\",\"url\":\"https:\/\/ellados-shop.com\/wp-content\/uploads\/COFFRET-MELI.png\",\"contentUrl\":\"https:\/\/ellados-shop.com\/wp-content\/uploads\/COFFRET-MELI.png\",\"width\":450,\"height\":600,\"caption\":\"DUO MIEL\"},{\"@type\":\"BreadcrumbList\",\"@id\":\"https:\/\/ellados-shop.com\/de\/geschenkboxen-de\/bio-kiefernhonig-460-g-copie\/#breadcrumb\",\"itemListElement\":[{\"@type\":\"ListItem\",\"position\":1,\"name\":\"Accueil\",\"item\":\"https:\/\/ellados-shop.com\/de\/accueil-v2\/\"},{\"@type\":\"ListItem\",\"position\":2,\"name\":\"Boutique\",\"item\":\"https:\/\/ellados-shop.com\/boutique\/\"},{\"@type\":\"ListItem\",\"position\":3,\"name\":\"\u00ab\u00a0M\u00e9li\u00a0\u00bb Verkostungsbox\"}]},{\"@type\":\"WebSite\",\"@id\":\"https:\/\/ellados-shop.com\/de\/#website\",\"url\":\"https:\/\/ellados-shop.com\/de\/\",\"name\":\"Ellados\",\"description\":\"\",\"potentialAction\":[{\"@type\":\"SearchAction\",\"target\":{\"@type\":\"EntryPoint\",\"urlTemplate\":\"https:\/\/ellados-shop.com\/de\/?s={search_term_string}\"},\"query-input\":{\"@type\":\"PropertyValueSpecification\",\"valueRequired\":true,\"valueName\":\"search_term_string\"}}],\"inLanguage\":\"de\"}]}<\/script>\n<!-- \/ Yoast SEO plugin. -->","yoast_head_json":{"title":"\"M\u00e9li\" Verkostungsbox - Ellados","description":"\u201eM\u00e9li\u201c ist ein Verkostungsgeschenkset mit handwerklich hergestelltem Honig, einzigartigen Aromen und intensivem Geschmack. Mit dem Einzug des Winters ein Produkt, das ohne Ma\u00df genossen werden kann.","robots":{"index":"index","follow":"follow","max-snippet":"max-snippet:-1","max-image-preview":"max-image-preview:large","max-video-preview":"max-video-preview:-1"},"canonical":"https:\/\/ellados-shop.com\/de\/geschenkboxen-de\/bio-kiefernhonig-460-g-copie\/","og_locale":"de_DE","og_type":"article","og_title":"\"M\u00e9li\" Verkostungsbox - Ellados","og_description":"\u201eM\u00e9li\u201c ist ein Verkostungsgeschenkset mit handwerklich hergestelltem Honig, einzigartigen Aromen und intensivem Geschmack. Mit dem Einzug des Winters ein Produkt, das ohne Ma\u00df genossen werden kann.","og_url":"https:\/\/ellados-shop.com\/de\/geschenkboxen-de\/bio-kiefernhonig-460-g-copie\/","og_site_name":"Ellados","article_modified_time":"2025-02-05T22:02:03+00:00","og_image":[{"width":450,"height":600,"url":"https:\/\/ellados-shop.com\/wp-content\/uploads\/COFFRET-MELI.png","type":"image\/png"}],"twitter_card":"summary_large_image","twitter_misc":{"Gesch\u00e4tzte Lesezeit":"2\u00a0Minuten"},"schema":{"@context":"https:\/\/schema.org","@graph":[{"@type":"WebPage","@id":"https:\/\/ellados-shop.com\/de\/geschenkboxen-de\/bio-kiefernhonig-460-g-copie\/","url":"https:\/\/ellados-shop.com\/de\/geschenkboxen-de\/bio-kiefernhonig-460-g-copie\/","name":"\"M\u00e9li\" Verkostungsbox - Ellados","isPartOf":{"@id":"https:\/\/ellados-shop.com\/de\/#website"},"primaryImageOfPage":{"@id":"https:\/\/ellados-shop.com\/de\/geschenkboxen-de\/bio-kiefernhonig-460-g-copie\/#primaryimage"},"image":{"@id":"https:\/\/ellados-shop.com\/de\/geschenkboxen-de\/bio-kiefernhonig-460-g-copie\/#primaryimage"},"thumbnailUrl":"https:\/\/ellados-shop.com\/wp-content\/uploads\/COFFRET-MELI.png","datePublished":"2024-11-16T16:31:34+00:00","dateModified":"2025-02-05T22:02:03+00:00","description":"\u201eM\u00e9li\u201c ist ein Verkostungsgeschenkset mit handwerklich hergestelltem Honig, einzigartigen Aromen und intensivem Geschmack. Mit dem Einzug des Winters ein Produkt, das ohne Ma\u00df genossen werden kann.","breadcrumb":{"@id":"https:\/\/ellados-shop.com\/de\/geschenkboxen-de\/bio-kiefernhonig-460-g-copie\/#breadcrumb"},"inLanguage":"de","potentialAction":[{"@type":"ReadAction","target":["https:\/\/ellados-shop.com\/de\/geschenkboxen-de\/bio-kiefernhonig-460-g-copie\/"]}]},{"@type":"ImageObject","inLanguage":"de","@id":"https:\/\/ellados-shop.com\/de\/geschenkboxen-de\/bio-kiefernhonig-460-g-copie\/#primaryimage","url":"https:\/\/ellados-shop.com\/wp-content\/uploads\/COFFRET-MELI.png","contentUrl":"https:\/\/ellados-shop.com\/wp-content\/uploads\/COFFRET-MELI.png","width":450,"height":600,"caption":"DUO MIEL"},{"@type":"BreadcrumbList","@id":"https:\/\/ellados-shop.com\/de\/geschenkboxen-de\/bio-kiefernhonig-460-g-copie\/#breadcrumb","itemListElement":[{"@type":"ListItem","position":1,"name":"Accueil","item":"https:\/\/ellados-shop.com\/de\/accueil-v2\/"},{"@type":"ListItem","position":2,"name":"Boutique","item":"https:\/\/ellados-shop.com\/boutique\/"},{"@type":"ListItem","position":3,"name":"\u00ab\u00a0M\u00e9li\u00a0\u00bb Verkostungsbox"}]},{"@type":"WebSite","@id":"https:\/\/ellados-shop.com\/de\/#website","url":"https:\/\/ellados-shop.com\/de\/","name":"Ellados","description":"","potentialAction":[{"@type":"SearchAction","target":{"@type":"EntryPoint","urlTemplate":"https:\/\/ellados-shop.com\/de\/?s={search_term_string}"},"query-input":{"@type":"PropertyValueSpecification","valueRequired":true,"valueName":"search_term_string"}}],"inLanguage":"de"}]}},"_links":{"self":[{"href":"https:\/\/ellados-shop.com\/de\/wp-json\/wp\/v2\/product\/5458","targetHints":{"allow":["GET"]}}],"collection":[{"href":"https:\/\/ellados-shop.com\/de\/wp-json\/wp\/v2\/product"}],"about":[{"href":"https:\/\/ellados-shop.com\/de\/wp-json\/wp\/v2\/types\/product"}],"replies":[{"embeddable":true,"href":"https:\/\/ellados-shop.com\/de\/wp-json\/wp\/v2\/comments?post=5458"}],"wp:featuredmedia":[{"embeddable":true,"href":"https:\/\/ellados-shop.com\/de\/wp-json\/wp\/v2\/media\/5466"}],"wp:attachment":[{"href":"https:\/\/ellados-shop.com\/de\/wp-json\/wp\/v2\/media?parent=5458"}],"wp:term":[{"taxonomy":"product_brand","embeddable":true,"href":"https:\/\/ellados-shop.com\/de\/wp-json\/wp\/v2\/product_brand?post=5458"},{"taxonomy":"product_cat","embeddable":true,"href":"https:\/\/ellados-shop.com\/de\/wp-json\/wp\/v2\/product_cat?post=5458"},{"taxonomy":"product_tag","embeddable":true,"href":"https:\/\/ellados-shop.com\/de\/wp-json\/wp\/v2\/product_tag?post=5458"}],"curies":[{"name":"wp","href":"https:\/\/api.w.org\/{rel}","templated":true}]}}