{"id":5488,"date":"2024-11-25T12:50:45","date_gmt":"2024-11-25T11:50:45","guid":{"rendered":"https:\/\/ellados-shop.com\/?post_type=product&#038;p=5488"},"modified":"2025-04-05T14:11:49","modified_gmt":"2025-04-05T12:11:49","slug":"taygetos-genussbox-tea-time-copie","status":"publish","type":"product","link":"https:\/\/ellados-shop.com\/de\/geschenkboxen-de\/taygetos-genussbox-tea-time-copie\/","title":{"rendered":"&#8222;Taygetos\u201c Genussbox Tea Time"},"content":{"rendered":"<p>G\u00f6nnen Sie sich eine wohltuende Pause mit <strong>\u201eTaygetos\u201c,<\/strong> einer Genussbox f\u00fcr die Tea Time \u2013 eine Einladung, ins Herz Griechenlands zu reisen und dabei s\u00fc\u00dfe Momente zu genie\u00dfen. Perfekt f\u00fcr <strong>gem\u00fctliche Stunden<\/strong>, wenn der Winter naht, begeistert diese Box Liebhaber <strong>authentischer und nat\u00fcrlicher Aromen<\/strong>. Die Box enth\u00e4lt:<\/p>\n<ul>\n<li><strong>Ein Beutel mit Th\u00e9 des Montagnes<\/strong>, handgepfl\u00fcckt auf den H\u00f6hen des mythischen Berges Taygetos. Der Bergtee, auch bekannt als &#8222;Sideritis Clandestina&#8220;, ist reich an gesundheitlichen Vorteilen. Bekannt f\u00fcr seine <strong>beruhigenden Eigenschaften<\/strong> und seinen zarten Geschmack ist dieser traditionelle Tee perfekt, um neue Energie zu tanken.<\/li>\n<li><strong>Ein au\u00dfergew\u00f6hnliches Glas Bl\u00fctenhonig<\/strong>, handwerklich gewonnen in der N\u00e4he von Kalamata aus den Bienenst\u00f6cken von Melifimos. Dieser goldene Honig mit seinen einzigartigen floralen Aromen verfeinert Ihre hei\u00dfen Getr\u00e4nke oder kann pur gel\u00f6ffelt werden \u2013 ein Genuss f\u00fcr die Sinne.<\/li>\n<li><strong>Zwei Dosen handgefertigter Knuspergeb\u00e4cke<\/strong>, k\u00f6stlich zubereitet mit hochwertigen Zutaten. Entdecken Sie die perfekte Kombination aus Mandeln, Sesam und ger\u00f6steten Erdn\u00fcssen f\u00fcr eine gesunde und schmackhafte Nascherei.<\/li>\n<\/ul>\n<p>Mit seinen sorgf\u00e4ltig ausgew\u00e4hlten Produkten l\u00e4dt die Taygetos-Box Sie ein, <strong>das Tempo zu drosseln,<\/strong> sich zu w\u00e4rmen und den gegenw\u00e4rtigen Moment zu genie\u00dfen. Perfekt zum Verschenken oder Selbstverw\u00f6hnen, feiert sie das <strong>Ritual der Tea Time<\/strong> in seiner reinsten Form.<\/p>\n<p>Um Ihre Tasse griechischen Bergtees zuzubereiten, ist nichts einfacher ! Zuerst verwenden Sie frisches Wasser, das Sie zum Kochen bringen. Dann f\u00fcgen Sie ein bis zwei Teel\u00f6ffel Teebl\u00e4tter in Ihre Teekanne, je nachdem, wie intensiv Sie den Geschmack w\u00fcnschen. Gie\u00dfen Sie schlie\u00dflich das hei\u00dfe Wasser dar\u00fcber. Lassen Sie den Tee einige Minuten ziehen, dann filtern Sie ihn ab und genie\u00dfen Sie ihn. F\u00fcr die Feinschmecker unter Ihnen, f\u00fcgen Sie einen L\u00f6ffel dieses duftenden Bl\u00fctenhonigs hinzu. Bestellen Sie noch heute und verwandeln Sie Ihre Teepausen in eine wahre genussvolle Auszeit! \u201eTaygetos\u201c <strong>Genussbox Tea Time<\/strong>, <strong>authentische griechische Produkte<\/strong>, <strong>k\u00f6stliche Geschenke:<\/strong> Machen Sie jeden Moment zu einer Flucht aus dem Alltag.<\/p>\n","protected":false},"excerpt":{"rendered":"<p><strong>\u201eTaygetos\u201c-Box<\/strong>, Die Kunst der Tea Time \u00e0 la grecque. In dieser Box finden Sie Ihr Beutel Bergtee, ein Glas Bl\u00fctenhonig und zwei Dosen Knuspergeb\u00e4ck mit Mandeln und karamellisierten Erdn\u00fcssen. Ideal f\u00fcr eine <strong>gem\u00fctliche<\/strong> <strong>Auszeit.<\/strong><\/p>\n","protected":false},"featured_media":5492,"comment_status":"closed","ping_status":"closed","template":"","meta":[],"product_brand":[],"product_cat":[68,92,106,169],"product_tag":[],"class_list":{"0":"post-5488","1":"product","2":"type-product","3":"status-publish","4":"has-post-thumbnail","6":"product_cat-laden","7":"product_cat-lebensmittelgeschaft","8":"product_cat-gesalzen","9":"product_cat-geschenkboxen-de","11":"first","12":"instock","13":"taxable","14":"shipping-taxable","15":"purchasable","16":"product-type-simple"},"yoast_head":"<!-- This site is optimized with the Yoast SEO plugin v26.8 - https:\/\/yoast.com\/product\/yoast-seo-wordpress\/ -->\n<title>&quot;Taygetos\u201c Genussbox Tea Time - Ellados<\/title>\n<meta name=\"description\" content=\"Entdecken Sie die Taygetos Genussbox \u201eTea Time\u201c mit griechischem Bergtee und feinen Leckereien \u2013 das perfekte Geschenk f\u00fcr Teeliebhaber.\" \/>\n<meta name=\"robots\" content=\"index, follow, max-snippet:-1, max-image-preview:large, max-video-preview:-1\" \/>\n<link rel=\"canonical\" href=\"https:\/\/ellados-shop.com\/de\/geschenkboxen-de\/taygetos-genussbox-tea-time-copie\/\" \/>\n<meta property=\"og:locale\" content=\"de_DE\" \/>\n<meta property=\"og:type\" content=\"article\" \/>\n<meta property=\"og:title\" content=\"&quot;Taygetos\u201c Genussbox Tea Time - Ellados\" \/>\n<meta property=\"og:description\" content=\"Entdecken Sie die Taygetos Genussbox \u201eTea Time\u201c mit griechischem Bergtee und feinen Leckereien \u2013 das perfekte Geschenk f\u00fcr Teeliebhaber.\" \/>\n<meta property=\"og:url\" content=\"https:\/\/ellados-shop.com\/de\/geschenkboxen-de\/taygetos-genussbox-tea-time-copie\/\" \/>\n<meta property=\"og:site_name\" content=\"Ellados\" \/>\n<meta property=\"article:modified_time\" content=\"2025-04-05T12:11:49+00:00\" \/>\n<meta property=\"og:image\" content=\"https:\/\/ellados-shop.com\/wp-content\/uploads\/COFFRET-TRIO-GOURMAND.png\" \/>\n\t<meta property=\"og:image:width\" content=\"450\" \/>\n\t<meta property=\"og:image:height\" content=\"600\" \/>\n\t<meta property=\"og:image:type\" content=\"image\/png\" \/>\n<meta name=\"twitter:card\" content=\"summary_large_image\" \/>\n<meta name=\"twitter:label1\" content=\"Gesch\u00e4tzte Lesezeit\" \/>\n\t<meta name=\"twitter:data1\" content=\"2\u00a0Minuten\" \/>\n<script type=\"application\/ld+json\" class=\"yoast-schema-graph\">{\"@context\":\"https:\/\/schema.org\",\"@graph\":[{\"@type\":\"WebPage\",\"@id\":\"https:\/\/ellados-shop.com\/de\/geschenkboxen-de\/taygetos-genussbox-tea-time-copie\/\",\"url\":\"https:\/\/ellados-shop.com\/de\/geschenkboxen-de\/taygetos-genussbox-tea-time-copie\/\",\"name\":\"\\\"Taygetos\u201c Genussbox Tea Time - Ellados\",\"isPartOf\":{\"@id\":\"https:\/\/ellados-shop.com\/de\/#website\"},\"primaryImageOfPage\":{\"@id\":\"https:\/\/ellados-shop.com\/de\/geschenkboxen-de\/taygetos-genussbox-tea-time-copie\/#primaryimage\"},\"image\":{\"@id\":\"https:\/\/ellados-shop.com\/de\/geschenkboxen-de\/taygetos-genussbox-tea-time-copie\/#primaryimage\"},\"thumbnailUrl\":\"https:\/\/ellados-shop.com\/wp-content\/uploads\/COFFRET-TRIO-GOURMAND.png\",\"datePublished\":\"2024-11-25T11:50:45+00:00\",\"dateModified\":\"2025-04-05T12:11:49+00:00\",\"description\":\"Entdecken Sie die Taygetos Genussbox \u201eTea Time\u201c mit griechischem Bergtee und feinen Leckereien \u2013 das perfekte Geschenk f\u00fcr Teeliebhaber.\",\"breadcrumb\":{\"@id\":\"https:\/\/ellados-shop.com\/de\/geschenkboxen-de\/taygetos-genussbox-tea-time-copie\/#breadcrumb\"},\"inLanguage\":\"de\",\"potentialAction\":[{\"@type\":\"ReadAction\",\"target\":[\"https:\/\/ellados-shop.com\/de\/geschenkboxen-de\/taygetos-genussbox-tea-time-copie\/\"]}]},{\"@type\":\"ImageObject\",\"inLanguage\":\"de\",\"@id\":\"https:\/\/ellados-shop.com\/de\/geschenkboxen-de\/taygetos-genussbox-tea-time-copie\/#primaryimage\",\"url\":\"https:\/\/ellados-shop.com\/wp-content\/uploads\/COFFRET-TRIO-GOURMAND.png\",\"contentUrl\":\"https:\/\/ellados-shop.com\/wp-content\/uploads\/COFFRET-TRIO-GOURMAND.png\",\"width\":450,\"height\":600,\"caption\":\"coffret tartinable ap\u00e9ritif\"},{\"@type\":\"BreadcrumbList\",\"@id\":\"https:\/\/ellados-shop.com\/de\/geschenkboxen-de\/taygetos-genussbox-tea-time-copie\/#breadcrumb\",\"itemListElement\":[{\"@type\":\"ListItem\",\"position\":1,\"name\":\"Accueil\",\"item\":\"https:\/\/ellados-shop.com\/de\/accueil-v2\/\"},{\"@type\":\"ListItem\",\"position\":2,\"name\":\"Boutique\",\"item\":\"https:\/\/ellados-shop.com\/boutique\/\"},{\"@type\":\"ListItem\",\"position\":3,\"name\":\"\u00ab\u00a0Taygetos\u201c Genussbox Tea Time\"}]},{\"@type\":\"WebSite\",\"@id\":\"https:\/\/ellados-shop.com\/de\/#website\",\"url\":\"https:\/\/ellados-shop.com\/de\/\",\"name\":\"Ellados\",\"description\":\"\",\"potentialAction\":[{\"@type\":\"SearchAction\",\"target\":{\"@type\":\"EntryPoint\",\"urlTemplate\":\"https:\/\/ellados-shop.com\/de\/?s={search_term_string}\"},\"query-input\":{\"@type\":\"PropertyValueSpecification\",\"valueRequired\":true,\"valueName\":\"search_term_string\"}}],\"inLanguage\":\"de\"}]}<\/script>\n<!-- \/ Yoast SEO plugin. -->","yoast_head_json":{"title":"\"Taygetos\u201c Genussbox Tea Time - Ellados","description":"Entdecken Sie die Taygetos Genussbox \u201eTea Time\u201c mit griechischem Bergtee und feinen Leckereien \u2013 das perfekte Geschenk f\u00fcr Teeliebhaber.","robots":{"index":"index","follow":"follow","max-snippet":"max-snippet:-1","max-image-preview":"max-image-preview:large","max-video-preview":"max-video-preview:-1"},"canonical":"https:\/\/ellados-shop.com\/de\/geschenkboxen-de\/taygetos-genussbox-tea-time-copie\/","og_locale":"de_DE","og_type":"article","og_title":"\"Taygetos\u201c Genussbox Tea Time - Ellados","og_description":"Entdecken Sie die Taygetos Genussbox \u201eTea Time\u201c mit griechischem Bergtee und feinen Leckereien \u2013 das perfekte Geschenk f\u00fcr Teeliebhaber.","og_url":"https:\/\/ellados-shop.com\/de\/geschenkboxen-de\/taygetos-genussbox-tea-time-copie\/","og_site_name":"Ellados","article_modified_time":"2025-04-05T12:11:49+00:00","og_image":[{"width":450,"height":600,"url":"https:\/\/ellados-shop.com\/wp-content\/uploads\/COFFRET-TRIO-GOURMAND.png","type":"image\/png"}],"twitter_card":"summary_large_image","twitter_misc":{"Gesch\u00e4tzte Lesezeit":"2\u00a0Minuten"},"schema":{"@context":"https:\/\/schema.org","@graph":[{"@type":"WebPage","@id":"https:\/\/ellados-shop.com\/de\/geschenkboxen-de\/taygetos-genussbox-tea-time-copie\/","url":"https:\/\/ellados-shop.com\/de\/geschenkboxen-de\/taygetos-genussbox-tea-time-copie\/","name":"\"Taygetos\u201c Genussbox Tea Time - Ellados","isPartOf":{"@id":"https:\/\/ellados-shop.com\/de\/#website"},"primaryImageOfPage":{"@id":"https:\/\/ellados-shop.com\/de\/geschenkboxen-de\/taygetos-genussbox-tea-time-copie\/#primaryimage"},"image":{"@id":"https:\/\/ellados-shop.com\/de\/geschenkboxen-de\/taygetos-genussbox-tea-time-copie\/#primaryimage"},"thumbnailUrl":"https:\/\/ellados-shop.com\/wp-content\/uploads\/COFFRET-TRIO-GOURMAND.png","datePublished":"2024-11-25T11:50:45+00:00","dateModified":"2025-04-05T12:11:49+00:00","description":"Entdecken Sie die Taygetos Genussbox \u201eTea Time\u201c mit griechischem Bergtee und feinen Leckereien \u2013 das perfekte Geschenk f\u00fcr Teeliebhaber.","breadcrumb":{"@id":"https:\/\/ellados-shop.com\/de\/geschenkboxen-de\/taygetos-genussbox-tea-time-copie\/#breadcrumb"},"inLanguage":"de","potentialAction":[{"@type":"ReadAction","target":["https:\/\/ellados-shop.com\/de\/geschenkboxen-de\/taygetos-genussbox-tea-time-copie\/"]}]},{"@type":"ImageObject","inLanguage":"de","@id":"https:\/\/ellados-shop.com\/de\/geschenkboxen-de\/taygetos-genussbox-tea-time-copie\/#primaryimage","url":"https:\/\/ellados-shop.com\/wp-content\/uploads\/COFFRET-TRIO-GOURMAND.png","contentUrl":"https:\/\/ellados-shop.com\/wp-content\/uploads\/COFFRET-TRIO-GOURMAND.png","width":450,"height":600,"caption":"coffret tartinable ap\u00e9ritif"},{"@type":"BreadcrumbList","@id":"https:\/\/ellados-shop.com\/de\/geschenkboxen-de\/taygetos-genussbox-tea-time-copie\/#breadcrumb","itemListElement":[{"@type":"ListItem","position":1,"name":"Accueil","item":"https:\/\/ellados-shop.com\/de\/accueil-v2\/"},{"@type":"ListItem","position":2,"name":"Boutique","item":"https:\/\/ellados-shop.com\/boutique\/"},{"@type":"ListItem","position":3,"name":"\u00ab\u00a0Taygetos\u201c Genussbox Tea Time"}]},{"@type":"WebSite","@id":"https:\/\/ellados-shop.com\/de\/#website","url":"https:\/\/ellados-shop.com\/de\/","name":"Ellados","description":"","potentialAction":[{"@type":"SearchAction","target":{"@type":"EntryPoint","urlTemplate":"https:\/\/ellados-shop.com\/de\/?s={search_term_string}"},"query-input":{"@type":"PropertyValueSpecification","valueRequired":true,"valueName":"search_term_string"}}],"inLanguage":"de"}]}},"_links":{"self":[{"href":"https:\/\/ellados-shop.com\/de\/wp-json\/wp\/v2\/product\/5488","targetHints":{"allow":["GET"]}}],"collection":[{"href":"https:\/\/ellados-shop.com\/de\/wp-json\/wp\/v2\/product"}],"about":[{"href":"https:\/\/ellados-shop.com\/de\/wp-json\/wp\/v2\/types\/product"}],"replies":[{"embeddable":true,"href":"https:\/\/ellados-shop.com\/de\/wp-json\/wp\/v2\/comments?post=5488"}],"wp:featuredmedia":[{"embeddable":true,"href":"https:\/\/ellados-shop.com\/de\/wp-json\/wp\/v2\/media\/5492"}],"wp:attachment":[{"href":"https:\/\/ellados-shop.com\/de\/wp-json\/wp\/v2\/media?parent=5488"}],"wp:term":[{"taxonomy":"product_brand","embeddable":true,"href":"https:\/\/ellados-shop.com\/de\/wp-json\/wp\/v2\/product_brand?post=5488"},{"taxonomy":"product_cat","embeddable":true,"href":"https:\/\/ellados-shop.com\/de\/wp-json\/wp\/v2\/product_cat?post=5488"},{"taxonomy":"product_tag","embeddable":true,"href":"https:\/\/ellados-shop.com\/de\/wp-json\/wp\/v2\/product_tag?post=5488"}],"curies":[{"name":"wp","href":"https:\/\/api.w.org\/{rel}","templated":true}]}}