{"id":6655,"date":"2025-04-05T15:52:50","date_gmt":"2025-04-05T13:52:50","guid":{"rendered":"https:\/\/ellados-shop.com\/?post_type=product&#038;p=6655"},"modified":"2025-04-05T19:46:58","modified_gmt":"2025-04-05T17:46:58","slug":"mediterraner-hummus-copie-copie-copie-copie","status":"publish","type":"product","link":"https:\/\/ellados-shop.com\/de\/laden\/griechische-olivenole\/mediterraner-hummus-copie-copie-copie-copie\/","title":{"rendered":"Mediterraner Hummus (Copie) (Copie) (Copie) (Copie)"},"content":{"rendered":"<p>Entdecken Sie diesen k\u00f6stlichen <strong>mediterranen Hummus<\/strong>: ein <strong>100 % nat\u00fcrliches<\/strong> Produkt, das von Amvrosia Gourmet in Griechenland <strong>handwerklich <\/strong>hergestellt wird. Dieser mediterrane Hummus ist eine Zusammenfassung der Aromen des S\u00fcdens. Durch die Verbindung der Reichhaltigkeit cremiger Kichererbsen mit der S\u00fc\u00dfe <strong>verschiedener Gew\u00fcrze<\/strong> verk\u00f6rpert dieser Hummus die Authentizit\u00e4t der griechischen K\u00fcche. Er wird nach einem traditionellen Rezept zubereitet und enth\u00e4lt weder Konservierungs- noch Zusatzstoffe, um Ihnen einen reinen und nat\u00fcrlichen Geschmack zu garantieren. Dieser mediterrane Hummus ist ein gesunder und schmackhafter Brotaufstrich, der sich <strong>ideal als Aperitif <\/strong>oder als Beilage zu Ihrer s\u00fcdl\u00e4ndischen K\u00fcche eignet. Er eignet sich hervorragend zur Verfeinerung Ihrer t\u00e4glichen Gerichte, aber auch Ihrer anspruchsvolleren Rezepte. Da er glutenfrei ist, eignet er sich auch f\u00fcr vegane Ern\u00e4hrung und ist somit eine ideale Wahl f\u00fcr viele Menschen. Hergestellt aus hochwertigen Zutaten wie griechischem <strong><a href=\"https:\/\/ellados-shop.com\/boutique\/huiles-olive-grecque\/\">nativem Oliven\u00f6l extra<\/a><\/strong> spiegelt es die hervorragenden Produkte unseres <strong>Feinkostladens<\/strong> wider. Genie\u00dfen Sie die Einfachheit und Feinheit der mediterranen Aromen, direkt bei Ihnen zu Hause mit unserem <strong>schnellen Lieferservice oder unserer Abholstelle Click and Collecte.<\/strong> Lassen Sie sich die Gelegenheit nicht entgehen, diese einzigartige griechische Spezialit\u00e4t zu probieren. Bestellen Sie noch heute und lassen Sie sich von der <strong>griechischen Gastronomie<\/strong> verf\u00fchren!   <\/p>\n","protected":false},"excerpt":{"rendered":"<p>Wenn Sie sich einen duftenden, cremigen und <strong>schmackhaften Hummus<\/strong> w\u00fcnschen, dann schw\u00e4rmen Sie von diesem mediterranen Hummus, der aus <strong>100 % nat\u00fcrlichen<\/strong> Zutaten hergestellt wird.<\/p>\n","protected":false},"featured_media":6701,"comment_status":"closed","ping_status":"closed","template":"","meta":[],"product_brand":[],"product_cat":[68,88],"product_tag":[],"class_list":{"0":"post-6655","1":"product","2":"type-product","3":"status-publish","4":"has-post-thumbnail","6":"product_cat-laden","7":"product_cat-griechische-olivenole","9":"first","10":"instock","11":"taxable","12":"shipping-taxable","13":"purchasable","14":"product-type-simple"},"yoast_head":"<!-- This site is optimized with the Yoast SEO plugin v26.8 - https:\/\/yoast.com\/product\/yoast-seo-wordpress\/ -->\n<title>Mediterraner Hummus (Copie) (Copie) (Copie) (Copie) - Ellados<\/title>\n<meta name=\"description\" content=\"Hergestellt aus 100 % nat\u00fcrlichen Zutaten, erinnert Sie ce houmous m\u00e9diterran\u00e9en et tous les produits de base du fils. Geeignet f\u00fcr vegane Ern\u00e4hrungsweisen.\" \/>\n<meta name=\"robots\" content=\"index, follow, max-snippet:-1, max-image-preview:large, max-video-preview:-1\" \/>\n<link rel=\"canonical\" href=\"https:\/\/ellados-shop.com\/de\/laden\/griechische-olivenole\/mediterraner-hummus-copie-copie-copie-copie\/\" \/>\n<meta property=\"og:locale\" content=\"de_DE\" \/>\n<meta property=\"og:type\" content=\"article\" \/>\n<meta property=\"og:title\" content=\"Mediterraner Hummus (Copie) (Copie) (Copie) (Copie) - Ellados\" \/>\n<meta property=\"og:description\" content=\"Hergestellt aus 100 % nat\u00fcrlichen Zutaten, erinnert Sie ce houmous m\u00e9diterran\u00e9en et tous les produits de base du fils. Geeignet f\u00fcr vegane Ern\u00e4hrungsweisen.\" \/>\n<meta property=\"og:url\" content=\"https:\/\/ellados-shop.com\/de\/laden\/griechische-olivenole\/mediterraner-hummus-copie-copie-copie-copie\/\" \/>\n<meta property=\"og:site_name\" content=\"Ellados\" \/>\n<meta property=\"article:modified_time\" content=\"2025-04-05T17:46:58+00:00\" \/>\n<meta property=\"og:image\" content=\"https:\/\/ellados-shop.com\/wp-content\/uploads\/Sel-Herbes-mixes.png\" \/>\n\t<meta property=\"og:image:width\" content=\"450\" \/>\n\t<meta property=\"og:image:height\" content=\"450\" \/>\n\t<meta property=\"og:image:type\" content=\"image\/png\" \/>\n<meta name=\"twitter:card\" content=\"summary_large_image\" \/>\n<meta name=\"twitter:label1\" content=\"Gesch\u00e4tzte Lesezeit\" \/>\n\t<meta name=\"twitter:data1\" content=\"1\u00a0Minute\" \/>\n<script type=\"application\/ld+json\" class=\"yoast-schema-graph\">{\"@context\":\"https:\/\/schema.org\",\"@graph\":[{\"@type\":\"WebPage\",\"@id\":\"https:\/\/ellados-shop.com\/de\/laden\/griechische-olivenole\/mediterraner-hummus-copie-copie-copie-copie\/\",\"url\":\"https:\/\/ellados-shop.com\/de\/laden\/griechische-olivenole\/mediterraner-hummus-copie-copie-copie-copie\/\",\"name\":\"Mediterraner Hummus (Copie) (Copie) (Copie) (Copie) - Ellados\",\"isPartOf\":{\"@id\":\"https:\/\/ellados-shop.com\/de\/#website\"},\"primaryImageOfPage\":{\"@id\":\"https:\/\/ellados-shop.com\/de\/laden\/griechische-olivenole\/mediterraner-hummus-copie-copie-copie-copie\/#primaryimage\"},\"image\":{\"@id\":\"https:\/\/ellados-shop.com\/de\/laden\/griechische-olivenole\/mediterraner-hummus-copie-copie-copie-copie\/#primaryimage\"},\"thumbnailUrl\":\"https:\/\/ellados-shop.com\/wp-content\/uploads\/Sel-Herbes-mixes.png\",\"datePublished\":\"2025-04-05T13:52:50+00:00\",\"dateModified\":\"2025-04-05T17:46:58+00:00\",\"description\":\"Hergestellt aus 100 % nat\u00fcrlichen Zutaten, erinnert Sie ce houmous m\u00e9diterran\u00e9en et tous les produits de base du fils. Geeignet f\u00fcr vegane Ern\u00e4hrungsweisen.\",\"breadcrumb\":{\"@id\":\"https:\/\/ellados-shop.com\/de\/laden\/griechische-olivenole\/mediterraner-hummus-copie-copie-copie-copie\/#breadcrumb\"},\"inLanguage\":\"de\",\"potentialAction\":[{\"@type\":\"ReadAction\",\"target\":[\"https:\/\/ellados-shop.com\/de\/laden\/griechische-olivenole\/mediterraner-hummus-copie-copie-copie-copie\/\"]}]},{\"@type\":\"ImageObject\",\"inLanguage\":\"de\",\"@id\":\"https:\/\/ellados-shop.com\/de\/laden\/griechische-olivenole\/mediterraner-hummus-copie-copie-copie-copie\/#primaryimage\",\"url\":\"https:\/\/ellados-shop.com\/wp-content\/uploads\/Sel-Herbes-mixes.png\",\"contentUrl\":\"https:\/\/ellados-shop.com\/wp-content\/uploads\/Sel-Herbes-mixes.png\",\"width\":450,\"height\":450,\"caption\":\"Sel et herbes m\u00e9diterran\u00e9ennes\"},{\"@type\":\"BreadcrumbList\",\"@id\":\"https:\/\/ellados-shop.com\/de\/laden\/griechische-olivenole\/mediterraner-hummus-copie-copie-copie-copie\/#breadcrumb\",\"itemListElement\":[{\"@type\":\"ListItem\",\"position\":1,\"name\":\"Accueil\",\"item\":\"https:\/\/ellados-shop.com\/de\/accueil-v2\/\"},{\"@type\":\"ListItem\",\"position\":2,\"name\":\"Boutique\",\"item\":\"https:\/\/ellados-shop.com\/boutique\/\"},{\"@type\":\"ListItem\",\"position\":3,\"name\":\"Mediterraner Hummus (Copie) (Copie) (Copie) (Copie)\"}]},{\"@type\":\"WebSite\",\"@id\":\"https:\/\/ellados-shop.com\/de\/#website\",\"url\":\"https:\/\/ellados-shop.com\/de\/\",\"name\":\"Ellados\",\"description\":\"\",\"potentialAction\":[{\"@type\":\"SearchAction\",\"target\":{\"@type\":\"EntryPoint\",\"urlTemplate\":\"https:\/\/ellados-shop.com\/de\/?s={search_term_string}\"},\"query-input\":{\"@type\":\"PropertyValueSpecification\",\"valueRequired\":true,\"valueName\":\"search_term_string\"}}],\"inLanguage\":\"de\"}]}<\/script>\n<!-- \/ Yoast SEO plugin. -->","yoast_head_json":{"title":"Mediterraner Hummus (Copie) (Copie) (Copie) (Copie) - Ellados","description":"Hergestellt aus 100 % nat\u00fcrlichen Zutaten, erinnert Sie ce houmous m\u00e9diterran\u00e9en et tous les produits de base du fils. Geeignet f\u00fcr vegane Ern\u00e4hrungsweisen.","robots":{"index":"index","follow":"follow","max-snippet":"max-snippet:-1","max-image-preview":"max-image-preview:large","max-video-preview":"max-video-preview:-1"},"canonical":"https:\/\/ellados-shop.com\/de\/laden\/griechische-olivenole\/mediterraner-hummus-copie-copie-copie-copie\/","og_locale":"de_DE","og_type":"article","og_title":"Mediterraner Hummus (Copie) (Copie) (Copie) (Copie) - Ellados","og_description":"Hergestellt aus 100 % nat\u00fcrlichen Zutaten, erinnert Sie ce houmous m\u00e9diterran\u00e9en et tous les produits de base du fils. Geeignet f\u00fcr vegane Ern\u00e4hrungsweisen.","og_url":"https:\/\/ellados-shop.com\/de\/laden\/griechische-olivenole\/mediterraner-hummus-copie-copie-copie-copie\/","og_site_name":"Ellados","article_modified_time":"2025-04-05T17:46:58+00:00","og_image":[{"width":450,"height":450,"url":"https:\/\/ellados-shop.com\/wp-content\/uploads\/Sel-Herbes-mixes.png","type":"image\/png"}],"twitter_card":"summary_large_image","twitter_misc":{"Gesch\u00e4tzte Lesezeit":"1\u00a0Minute"},"schema":{"@context":"https:\/\/schema.org","@graph":[{"@type":"WebPage","@id":"https:\/\/ellados-shop.com\/de\/laden\/griechische-olivenole\/mediterraner-hummus-copie-copie-copie-copie\/","url":"https:\/\/ellados-shop.com\/de\/laden\/griechische-olivenole\/mediterraner-hummus-copie-copie-copie-copie\/","name":"Mediterraner Hummus (Copie) (Copie) (Copie) (Copie) - Ellados","isPartOf":{"@id":"https:\/\/ellados-shop.com\/de\/#website"},"primaryImageOfPage":{"@id":"https:\/\/ellados-shop.com\/de\/laden\/griechische-olivenole\/mediterraner-hummus-copie-copie-copie-copie\/#primaryimage"},"image":{"@id":"https:\/\/ellados-shop.com\/de\/laden\/griechische-olivenole\/mediterraner-hummus-copie-copie-copie-copie\/#primaryimage"},"thumbnailUrl":"https:\/\/ellados-shop.com\/wp-content\/uploads\/Sel-Herbes-mixes.png","datePublished":"2025-04-05T13:52:50+00:00","dateModified":"2025-04-05T17:46:58+00:00","description":"Hergestellt aus 100 % nat\u00fcrlichen Zutaten, erinnert Sie ce houmous m\u00e9diterran\u00e9en et tous les produits de base du fils. Geeignet f\u00fcr vegane Ern\u00e4hrungsweisen.","breadcrumb":{"@id":"https:\/\/ellados-shop.com\/de\/laden\/griechische-olivenole\/mediterraner-hummus-copie-copie-copie-copie\/#breadcrumb"},"inLanguage":"de","potentialAction":[{"@type":"ReadAction","target":["https:\/\/ellados-shop.com\/de\/laden\/griechische-olivenole\/mediterraner-hummus-copie-copie-copie-copie\/"]}]},{"@type":"ImageObject","inLanguage":"de","@id":"https:\/\/ellados-shop.com\/de\/laden\/griechische-olivenole\/mediterraner-hummus-copie-copie-copie-copie\/#primaryimage","url":"https:\/\/ellados-shop.com\/wp-content\/uploads\/Sel-Herbes-mixes.png","contentUrl":"https:\/\/ellados-shop.com\/wp-content\/uploads\/Sel-Herbes-mixes.png","width":450,"height":450,"caption":"Sel et herbes m\u00e9diterran\u00e9ennes"},{"@type":"BreadcrumbList","@id":"https:\/\/ellados-shop.com\/de\/laden\/griechische-olivenole\/mediterraner-hummus-copie-copie-copie-copie\/#breadcrumb","itemListElement":[{"@type":"ListItem","position":1,"name":"Accueil","item":"https:\/\/ellados-shop.com\/de\/accueil-v2\/"},{"@type":"ListItem","position":2,"name":"Boutique","item":"https:\/\/ellados-shop.com\/boutique\/"},{"@type":"ListItem","position":3,"name":"Mediterraner Hummus (Copie) (Copie) (Copie) (Copie)"}]},{"@type":"WebSite","@id":"https:\/\/ellados-shop.com\/de\/#website","url":"https:\/\/ellados-shop.com\/de\/","name":"Ellados","description":"","potentialAction":[{"@type":"SearchAction","target":{"@type":"EntryPoint","urlTemplate":"https:\/\/ellados-shop.com\/de\/?s={search_term_string}"},"query-input":{"@type":"PropertyValueSpecification","valueRequired":true,"valueName":"search_term_string"}}],"inLanguage":"de"}]}},"_links":{"self":[{"href":"https:\/\/ellados-shop.com\/de\/wp-json\/wp\/v2\/product\/6655","targetHints":{"allow":["GET"]}}],"collection":[{"href":"https:\/\/ellados-shop.com\/de\/wp-json\/wp\/v2\/product"}],"about":[{"href":"https:\/\/ellados-shop.com\/de\/wp-json\/wp\/v2\/types\/product"}],"replies":[{"embeddable":true,"href":"https:\/\/ellados-shop.com\/de\/wp-json\/wp\/v2\/comments?post=6655"}],"wp:featuredmedia":[{"embeddable":true,"href":"https:\/\/ellados-shop.com\/de\/wp-json\/wp\/v2\/media\/6701"}],"wp:attachment":[{"href":"https:\/\/ellados-shop.com\/de\/wp-json\/wp\/v2\/media?parent=6655"}],"wp:term":[{"taxonomy":"product_brand","embeddable":true,"href":"https:\/\/ellados-shop.com\/de\/wp-json\/wp\/v2\/product_brand?post=6655"},{"taxonomy":"product_cat","embeddable":true,"href":"https:\/\/ellados-shop.com\/de\/wp-json\/wp\/v2\/product_cat?post=6655"},{"taxonomy":"product_tag","embeddable":true,"href":"https:\/\/ellados-shop.com\/de\/wp-json\/wp\/v2\/product_tag?post=6655"}],"curies":[{"name":"wp","href":"https:\/\/api.w.org\/{rel}","templated":true}]}}