{"id":3852,"date":"2024-03-28T02:42:45","date_gmt":"2024-03-28T01:42:45","guid":{"rendered":"https:\/\/ellados-shop.com\/uncategorized\/dry-rose-wine-mati-fortuna-2023-astir-x-winery\/"},"modified":"2026-03-10T13:46:44","modified_gmt":"2026-03-10T12:46:44","slug":"dry-rose-wine-mati-fortuna-2023-astir-x-winery","status":"publish","type":"product","link":"https:\/\/ellados-shop.com\/en\/shop\/wines\/rose-wine\/dry-rose-wine-mati-fortuna-2023-astir-x-winery\/","title":{"rendered":"Dry ros\u00e9 wine &#8211; Mati Fortuna &#8211; 2023 &#8211; Astir X Winery"},"content":{"rendered":"<p>Plongez dans l&#8217;univers envo\u00fbtant du Vin Ros\u00e9 Sec Mati Fortuna.Dive into the captivating universe of Mati Fortuna Dry Ros\u00e9 Wine. This wine is a true ode to summer and conviviality, crafted with passion and devotion. The Mati Fortuna wine range, sourced from the vineyards of Astir X winery, skillfully blends Greek grape varieties with the most prestigious international grape varieties. This family-owned estate proudly perpetuates the savoir-faire inherited from their ancestors since 1930, on <a href=\"https:\/\/ellados-shop.com\/actualites\/decouvrez-les-vins-grecs-originaires-du-peloponnese\/\"> the sacred lands of the Peloponnese.<\/a> With unparalleled freshness and sophistication, this characterful Greek ros\u00e9 wine reveals a profusion of aromas of flowers and red fruits from the very first sip. In the mouth, the IGP Dry Ros\u00e9 Wine &#8211; Mati Fortuna unfolds all its splendor. You will appreciate this unique tasting experience. The result of a subtle marriage between the Agiorgitiko and Merlot grape varieties, it seduces with its crisp and refreshing finish. Versatile and exquisite, this ros\u00e9 wine pairs perfectly with an infinite variety of dishes. It will elegantly enhance the flavors of your Greek salads and your most delicious Mediterranean dishes. This wine will be exquisite with your summer grills and barbecues. &#8220;It will perfectly accompany the most matured cheeses and your desserts at the end of the meal. Let yourself be transported to new gustatory horizons with the IGP Dry Ros\u00e9 Wine Mati Fortuna, a sensory experience that will enchant your senses with every sip. &nbsp;<\/p>\n<p>&nbsp;<\/p>\n<p>&nbsp;<\/p>\n","protected":false},"excerpt":{"rendered":"<p>Dry ros\u00e9 wine, crafted from the blend of two grape varieties, Agiorgitiko and Merlot. Fresh and sophisticated, this ros\u00e9 offers aromas of flowers and red fruits. Its pale pink color and crisp finish on the palate make it a balanced and structured wine.  <\/p>\n","protected":false},"featured_media":6154,"comment_status":"closed","ping_status":"closed","template":"","meta":[],"product_brand":[],"product_cat":[127,128,130],"product_tag":[],"class_list":{"0":"post-3852","1":"product","2":"type-product","3":"status-publish","4":"has-post-thumbnail","6":"product_cat-shop","7":"product_cat-wines","8":"product_cat-rose-wine","10":"first","11":"outofstock","12":"taxable","13":"shipping-taxable","14":"purchasable","15":"product-type-simple"},"yoast_head":"<!-- This site is optimized with the Yoast SEO plugin v26.8 - https:\/\/yoast.com\/product\/yoast-seo-wordpress\/ -->\n<title>Dry ros\u00e9 wine Mati Fortuna - Astir X Winery - Ellados<\/title>\n<meta name=\"description\" content=\"This dry ros\u00e9 wine, Mati Fortuna, is perfect for your festive occasions, such as an outdoor picnic, a barbecue with friends, or family gatherings.\" \/>\n<meta name=\"robots\" content=\"index, follow, max-snippet:-1, max-image-preview:large, max-video-preview:-1\" \/>\n<link rel=\"canonical\" href=\"https:\/\/ellados-shop.com\/en\/shop\/wines\/rose-wine\/dry-rose-wine-mati-fortuna-2023-astir-x-winery\/\" \/>\n<meta property=\"og:locale\" content=\"en_US\" \/>\n<meta property=\"og:type\" content=\"article\" \/>\n<meta property=\"og:title\" content=\"Dry ros\u00e9 wine Mati Fortuna - Astir X Winery - Ellados\" \/>\n<meta property=\"og:description\" content=\"This dry ros\u00e9 wine, Mati Fortuna, is perfect for your festive occasions, such as an outdoor picnic, a barbecue with friends, or family gatherings.\" \/>\n<meta property=\"og:url\" content=\"https:\/\/ellados-shop.com\/en\/shop\/wines\/rose-wine\/dry-rose-wine-mati-fortuna-2023-astir-x-winery\/\" \/>\n<meta property=\"og:site_name\" content=\"Ellados\" \/>\n<meta property=\"article:modified_time\" content=\"2026-03-10T12:46:44+00:00\" \/>\n<meta property=\"og:image\" content=\"https:\/\/ellados-shop.com\/wp-content\/uploads\/vin-rose-grec-5.png\" \/>\n\t<meta property=\"og:image:width\" content=\"450\" \/>\n\t<meta property=\"og:image:height\" content=\"450\" \/>\n\t<meta property=\"og:image:type\" content=\"image\/png\" \/>\n<meta name=\"twitter:card\" content=\"summary_large_image\" \/>\n<meta name=\"twitter:label1\" content=\"Est. reading time\" \/>\n\t<meta name=\"twitter:data1\" content=\"1 minute\" \/>\n<script type=\"application\/ld+json\" class=\"yoast-schema-graph\">{\"@context\":\"https:\/\/schema.org\",\"@graph\":[{\"@type\":\"WebPage\",\"@id\":\"https:\/\/ellados-shop.com\/en\/shop\/wines\/rose-wine\/dry-rose-wine-mati-fortuna-2023-astir-x-winery\/\",\"url\":\"https:\/\/ellados-shop.com\/en\/shop\/wines\/rose-wine\/dry-rose-wine-mati-fortuna-2023-astir-x-winery\/\",\"name\":\"Dry ros\u00e9 wine Mati Fortuna - Astir X Winery - Ellados\",\"isPartOf\":{\"@id\":\"https:\/\/ellados-shop.com\/en\/#website\"},\"primaryImageOfPage\":{\"@id\":\"https:\/\/ellados-shop.com\/en\/shop\/wines\/rose-wine\/dry-rose-wine-mati-fortuna-2023-astir-x-winery\/#primaryimage\"},\"image\":{\"@id\":\"https:\/\/ellados-shop.com\/en\/shop\/wines\/rose-wine\/dry-rose-wine-mati-fortuna-2023-astir-x-winery\/#primaryimage\"},\"thumbnailUrl\":\"https:\/\/ellados-shop.com\/wp-content\/uploads\/vin-rose-grec-5.png\",\"datePublished\":\"2024-03-28T01:42:45+00:00\",\"dateModified\":\"2026-03-10T12:46:44+00:00\",\"description\":\"This dry ros\u00e9 wine, Mati Fortuna, is perfect for your festive occasions, such as an outdoor picnic, a barbecue with friends, or family gatherings.\",\"breadcrumb\":{\"@id\":\"https:\/\/ellados-shop.com\/en\/shop\/wines\/rose-wine\/dry-rose-wine-mati-fortuna-2023-astir-x-winery\/#breadcrumb\"},\"inLanguage\":\"en-US\",\"potentialAction\":[{\"@type\":\"ReadAction\",\"target\":[\"https:\/\/ellados-shop.com\/en\/shop\/wines\/rose-wine\/dry-rose-wine-mati-fortuna-2023-astir-x-winery\/\"]}]},{\"@type\":\"ImageObject\",\"inLanguage\":\"en-US\",\"@id\":\"https:\/\/ellados-shop.com\/en\/shop\/wines\/rose-wine\/dry-rose-wine-mati-fortuna-2023-astir-x-winery\/#primaryimage\",\"url\":\"https:\/\/ellados-shop.com\/wp-content\/uploads\/vin-rose-grec-5.png\",\"contentUrl\":\"https:\/\/ellados-shop.com\/wp-content\/uploads\/vin-rose-grec-5.png\",\"width\":450,\"height\":450,\"caption\":\"vin ros\u00e9 grec\"},{\"@type\":\"BreadcrumbList\",\"@id\":\"https:\/\/ellados-shop.com\/en\/shop\/wines\/rose-wine\/dry-rose-wine-mati-fortuna-2023-astir-x-winery\/#breadcrumb\",\"itemListElement\":[{\"@type\":\"ListItem\",\"position\":1,\"name\":\"Accueil\",\"item\":\"https:\/\/ellados-shop.com\/en\/accueil-v2\/\"},{\"@type\":\"ListItem\",\"position\":2,\"name\":\"Boutique\",\"item\":\"https:\/\/ellados-shop.com\/boutique\/\"},{\"@type\":\"ListItem\",\"position\":3,\"name\":\"Dry ros\u00e9 wine &#8211; Mati Fortuna &#8211; 2023 &#8211; Astir X Winery\"}]},{\"@type\":\"WebSite\",\"@id\":\"https:\/\/ellados-shop.com\/en\/#website\",\"url\":\"https:\/\/ellados-shop.com\/en\/\",\"name\":\"Ellados\",\"description\":\"\",\"potentialAction\":[{\"@type\":\"SearchAction\",\"target\":{\"@type\":\"EntryPoint\",\"urlTemplate\":\"https:\/\/ellados-shop.com\/en\/?s={search_term_string}\"},\"query-input\":{\"@type\":\"PropertyValueSpecification\",\"valueRequired\":true,\"valueName\":\"search_term_string\"}}],\"inLanguage\":\"en-US\"}]}<\/script>\n<!-- \/ Yoast SEO plugin. -->","yoast_head_json":{"title":"Dry ros\u00e9 wine Mati Fortuna - Astir X Winery - Ellados","description":"This dry ros\u00e9 wine, Mati Fortuna, is perfect for your festive occasions, such as an outdoor picnic, a barbecue with friends, or family gatherings.","robots":{"index":"index","follow":"follow","max-snippet":"max-snippet:-1","max-image-preview":"max-image-preview:large","max-video-preview":"max-video-preview:-1"},"canonical":"https:\/\/ellados-shop.com\/en\/shop\/wines\/rose-wine\/dry-rose-wine-mati-fortuna-2023-astir-x-winery\/","og_locale":"en_US","og_type":"article","og_title":"Dry ros\u00e9 wine Mati Fortuna - Astir X Winery - Ellados","og_description":"This dry ros\u00e9 wine, Mati Fortuna, is perfect for your festive occasions, such as an outdoor picnic, a barbecue with friends, or family gatherings.","og_url":"https:\/\/ellados-shop.com\/en\/shop\/wines\/rose-wine\/dry-rose-wine-mati-fortuna-2023-astir-x-winery\/","og_site_name":"Ellados","article_modified_time":"2026-03-10T12:46:44+00:00","og_image":[{"width":450,"height":450,"url":"https:\/\/ellados-shop.com\/wp-content\/uploads\/vin-rose-grec-5.png","type":"image\/png"}],"twitter_card":"summary_large_image","twitter_misc":{"Est. reading time":"1 minute"},"schema":{"@context":"https:\/\/schema.org","@graph":[{"@type":"WebPage","@id":"https:\/\/ellados-shop.com\/en\/shop\/wines\/rose-wine\/dry-rose-wine-mati-fortuna-2023-astir-x-winery\/","url":"https:\/\/ellados-shop.com\/en\/shop\/wines\/rose-wine\/dry-rose-wine-mati-fortuna-2023-astir-x-winery\/","name":"Dry ros\u00e9 wine Mati Fortuna - Astir X Winery - Ellados","isPartOf":{"@id":"https:\/\/ellados-shop.com\/en\/#website"},"primaryImageOfPage":{"@id":"https:\/\/ellados-shop.com\/en\/shop\/wines\/rose-wine\/dry-rose-wine-mati-fortuna-2023-astir-x-winery\/#primaryimage"},"image":{"@id":"https:\/\/ellados-shop.com\/en\/shop\/wines\/rose-wine\/dry-rose-wine-mati-fortuna-2023-astir-x-winery\/#primaryimage"},"thumbnailUrl":"https:\/\/ellados-shop.com\/wp-content\/uploads\/vin-rose-grec-5.png","datePublished":"2024-03-28T01:42:45+00:00","dateModified":"2026-03-10T12:46:44+00:00","description":"This dry ros\u00e9 wine, Mati Fortuna, is perfect for your festive occasions, such as an outdoor picnic, a barbecue with friends, or family gatherings.","breadcrumb":{"@id":"https:\/\/ellados-shop.com\/en\/shop\/wines\/rose-wine\/dry-rose-wine-mati-fortuna-2023-astir-x-winery\/#breadcrumb"},"inLanguage":"en-US","potentialAction":[{"@type":"ReadAction","target":["https:\/\/ellados-shop.com\/en\/shop\/wines\/rose-wine\/dry-rose-wine-mati-fortuna-2023-astir-x-winery\/"]}]},{"@type":"ImageObject","inLanguage":"en-US","@id":"https:\/\/ellados-shop.com\/en\/shop\/wines\/rose-wine\/dry-rose-wine-mati-fortuna-2023-astir-x-winery\/#primaryimage","url":"https:\/\/ellados-shop.com\/wp-content\/uploads\/vin-rose-grec-5.png","contentUrl":"https:\/\/ellados-shop.com\/wp-content\/uploads\/vin-rose-grec-5.png","width":450,"height":450,"caption":"vin ros\u00e9 grec"},{"@type":"BreadcrumbList","@id":"https:\/\/ellados-shop.com\/en\/shop\/wines\/rose-wine\/dry-rose-wine-mati-fortuna-2023-astir-x-winery\/#breadcrumb","itemListElement":[{"@type":"ListItem","position":1,"name":"Accueil","item":"https:\/\/ellados-shop.com\/en\/accueil-v2\/"},{"@type":"ListItem","position":2,"name":"Boutique","item":"https:\/\/ellados-shop.com\/boutique\/"},{"@type":"ListItem","position":3,"name":"Dry ros\u00e9 wine &#8211; Mati Fortuna &#8211; 2023 &#8211; Astir X Winery"}]},{"@type":"WebSite","@id":"https:\/\/ellados-shop.com\/en\/#website","url":"https:\/\/ellados-shop.com\/en\/","name":"Ellados","description":"","potentialAction":[{"@type":"SearchAction","target":{"@type":"EntryPoint","urlTemplate":"https:\/\/ellados-shop.com\/en\/?s={search_term_string}"},"query-input":{"@type":"PropertyValueSpecification","valueRequired":true,"valueName":"search_term_string"}}],"inLanguage":"en-US"}]}},"_links":{"self":[{"href":"https:\/\/ellados-shop.com\/en\/wp-json\/wp\/v2\/product\/3852","targetHints":{"allow":["GET"]}}],"collection":[{"href":"https:\/\/ellados-shop.com\/en\/wp-json\/wp\/v2\/product"}],"about":[{"href":"https:\/\/ellados-shop.com\/en\/wp-json\/wp\/v2\/types\/product"}],"replies":[{"embeddable":true,"href":"https:\/\/ellados-shop.com\/en\/wp-json\/wp\/v2\/comments?post=3852"}],"wp:featuredmedia":[{"embeddable":true,"href":"https:\/\/ellados-shop.com\/en\/wp-json\/wp\/v2\/media\/6154"}],"wp:attachment":[{"href":"https:\/\/ellados-shop.com\/en\/wp-json\/wp\/v2\/media?parent=3852"}],"wp:term":[{"taxonomy":"product_brand","embeddable":true,"href":"https:\/\/ellados-shop.com\/en\/wp-json\/wp\/v2\/product_brand?post=3852"},{"taxonomy":"product_cat","embeddable":true,"href":"https:\/\/ellados-shop.com\/en\/wp-json\/wp\/v2\/product_cat?post=3852"},{"taxonomy":"product_tag","embeddable":true,"href":"https:\/\/ellados-shop.com\/en\/wp-json\/wp\/v2\/product_tag?post=3852"}],"curies":[{"name":"wp","href":"https:\/\/api.w.org\/{rel}","templated":true}]}}