{"id":3868,"date":"2024-03-27T23:36:32","date_gmt":"2024-03-27T22:36:32","guid":{"rendered":"https:\/\/ellados-shop.com\/uncategorized\/rose-wine-fare-rebels-2023-astir-x-winery\/"},"modified":"2025-04-05T14:10:32","modified_gmt":"2025-04-05T12:10:32","slug":"rose-wine-fare-rebels-2023-astir-x-winery","status":"publish","type":"product","link":"https:\/\/ellados-shop.com\/en\/shop\/wines\/rose-wine\/rose-wine-fare-rebels-2023-astir-x-winery\/","title":{"rendered":"Rose Wine 2023 \u2013 Fare Rebels by Astir X"},"content":{"rendered":"<p>Discover the vibrant universe of Ros\u00e9 Wine IGP Peloponnese &#8211; Far\u00e9 Rebels. An audacious and captivating creation from the cellar of Astir X Winery The Far\u00e9 Rebels wine range, produced by Astir X Winery, narrates how the flame of the Greek revolution of 1821 ignited in Kalamata, the first major Greek city liberated during the War of Independence. Vangelis, Stathis, Stelios, and Vangelis pass on to their wines the character of Greek grape varieties cultivated by their ancestors since 1930, on <a href=\"https:\/\/ellados-shop.com\/actualites\/decouvrez-les-vins-grecs-originaires-du-peloponnese\/\">their sacred land of Messenia and the Peloponnese. <\/a> Through the creativity of their labels, they convey to us the wonderful story of their country. At first sight, its pale and luminous pink robe evokes the brightness of the Mediterranean sun. It heralds a tasting as refreshing as it is inspiring. Far\u00e9 Rebels Dry Ros\u00e9 combines two flagship grape varieties of Messenia, the Moschofilero and the Agiorgitiko. These two grape varieties bring a fruity aroma with a bouquet of &#8216;rose garden,&#8217; and impart to this ros\u00e9 wine a balanced acidity. This wine benefits from a PGI (Protected Geographical Indication). Lively and unique, Far\u00e9 Rebels ros\u00e9 is an excellent wine with character. This ros\u00e9 wine is the perfect accompaniment for all festive and casual occasions. It also goes well with aperitifs, seafood platters, grilled fish and mild cheeses. Be creative and enhance your summer cocktails or granit\u00e9s with this ros\u00e9 wine&#8230;.<\/p>\n<div class=\"flex-1 overflow-hidden\">\n<div class=\"react-scroll-to-bottom--css-edvpm-79elbk h-full\">\n<div class=\"react-scroll-to-bottom--css-edvpm-1n7m0yu\">\n<div>\n<div class=\"flex flex-col text-sm pb-9\">\n<div class=\"w-full text-token-text-primary\" dir=\"auto\" data-testid=\"conversation-turn-11\">\n<div class=\"px-4 py-2 justify-center text-base md:gap-6 m-auto\">\n<div class=\"flex flex-1 text-base mx-auto gap-3 juice:gap-4 juice:md:gap-6 md:px-5 lg:px-1 xl:px-5 md:max-w-3xl lg:max-w-[40rem] xl:max-w-[48rem] group final-completion\">\n<div class=\"relative flex w-full flex-col agent-turn\">\n<div class=\"flex-col gap-1 md:gap-3\">\n<div class=\"flex flex-grow flex-col max-w-full\">\n<div class=\"min-h-[20px] text-message flex flex-col items-start gap-3 whitespace-pre-wrap break-words [.text-message+&amp;]:mt-5 overflow-x-auto\" dir=\"auto\" data-message-author-role=\"assistant\" data-message-id=\"435275ad-c5b2-45bb-9589-7f8e28a771b4\">\n<div class=\"markdown prose w-full break-words dark:prose-invert light\"><\/div>\n<\/div>\n<\/div>\n<div class=\"mt-1 flex gap-3 empty:hidden\">\n<div class=\"text-gray-400 flex self-end lg:self-center items-center justify-center lg:justify-start mt-0 -ml-1 h-7 gap-[2px] visible\">\n<div class=\"flex\"><\/div>\n<\/div>\n<\/div>\n<div class=\"pr-2 lg:pr-0\"><\/div>\n<\/div>\n<div class=\"absolute\">\n<div class=\"flex w-full gap-2 items-center justify-center\"><\/div>\n<\/div>\n<\/div>\n<\/div>\n<\/div>\n<\/div>\n<\/div>\n<\/div>\n<\/div>\n<\/div>\n<\/div>\n<div class=\"w-full pt-2 md:pt-0 dark:border-white\/20 md:border-transparent md:dark:border-transparent md:w-[calc(100%-.5rem)]\">\n<div class=\"relative flex h-full flex-1 flex-col\">\n<div class=\"absolute bottom-full left-0 right-0\"><\/div>\n<div class=\"flex w-full items-center\"><\/div>\n<\/div>\n<\/div>\n<p>&nbsp;<\/p>\n<p>&nbsp;<\/p>\n","protected":false},"excerpt":{"rendered":"<p>A ros\u00e9 wine <strong>to elevate your summer cocktails<\/strong> or granitas! This ros\u00e9 combines two flagship varieties of Messinia, Moschofilero and Agiorgitiko. This blend gives it a <strong>fruity aroma<\/strong> with a bouquet of &#8216;rose garden&#8217; and a balanced acidity. <strong>Serve well chilled.<\/strong><\/p>\n","protected":false},"featured_media":6151,"comment_status":"closed","ping_status":"closed","template":"","meta":[],"product_brand":[],"product_cat":[127,128,130],"product_tag":[],"class_list":{"0":"post-3868","1":"product","2":"type-product","3":"status-publish","4":"has-post-thumbnail","6":"product_cat-shop","7":"product_cat-wines","8":"product_cat-rose-wine","10":"first","11":"instock","12":"taxable","13":"shipping-taxable","14":"purchasable","15":"product-type-simple"},"yoast_head":"<!-- This site is optimized with the Yoast SEO plugin v26.8 - https:\/\/yoast.com\/product\/yoast-seo-wordpress\/ -->\n<title>Rose Wine 2023 \u2013 Fare Rebels by Astir X - Ellados<\/title>\n<meta name=\"description\" content=\"Let yourself be seduced by the freshness and energy of the Ros\u00e9 Wine FARE REBELS - IGP Peloponnese. The essential ingredient for your summer cocktails and granitas.\" \/>\n<meta name=\"robots\" content=\"index, follow, max-snippet:-1, max-image-preview:large, max-video-preview:-1\" \/>\n<link rel=\"canonical\" href=\"https:\/\/ellados-shop.com\/en\/shop\/wines\/rose-wine\/rose-wine-fare-rebels-2023-astir-x-winery\/\" \/>\n<meta property=\"og:locale\" content=\"en_US\" \/>\n<meta property=\"og:type\" content=\"article\" \/>\n<meta property=\"og:title\" content=\"Rose Wine 2023 \u2013 Fare Rebels by Astir X - Ellados\" \/>\n<meta property=\"og:description\" content=\"Let yourself be seduced by the freshness and energy of the Ros\u00e9 Wine FARE REBELS - IGP Peloponnese. The essential ingredient for your summer cocktails and granitas.\" \/>\n<meta property=\"og:url\" content=\"https:\/\/ellados-shop.com\/en\/shop\/wines\/rose-wine\/rose-wine-fare-rebels-2023-astir-x-winery\/\" \/>\n<meta property=\"og:site_name\" content=\"Ellados\" \/>\n<meta property=\"article:modified_time\" content=\"2025-04-05T12:10:32+00:00\" \/>\n<meta property=\"og:image\" content=\"https:\/\/ellados-shop.com\/wp-content\/uploads\/vin-rose-grec-4.png\" \/>\n\t<meta property=\"og:image:width\" content=\"450\" \/>\n\t<meta property=\"og:image:height\" content=\"450\" \/>\n\t<meta property=\"og:image:type\" content=\"image\/png\" \/>\n<meta name=\"twitter:card\" content=\"summary_large_image\" \/>\n<meta name=\"twitter:label1\" content=\"Est. reading time\" \/>\n\t<meta name=\"twitter:data1\" content=\"2 minutes\" \/>\n<script type=\"application\/ld+json\" class=\"yoast-schema-graph\">{\"@context\":\"https:\/\/schema.org\",\"@graph\":[{\"@type\":\"WebPage\",\"@id\":\"https:\/\/ellados-shop.com\/en\/shop\/wines\/rose-wine\/rose-wine-fare-rebels-2023-astir-x-winery\/\",\"url\":\"https:\/\/ellados-shop.com\/en\/shop\/wines\/rose-wine\/rose-wine-fare-rebels-2023-astir-x-winery\/\",\"name\":\"Rose Wine 2023 \u2013 Fare Rebels by Astir X - Ellados\",\"isPartOf\":{\"@id\":\"https:\/\/ellados-shop.com\/en\/#website\"},\"primaryImageOfPage\":{\"@id\":\"https:\/\/ellados-shop.com\/en\/shop\/wines\/rose-wine\/rose-wine-fare-rebels-2023-astir-x-winery\/#primaryimage\"},\"image\":{\"@id\":\"https:\/\/ellados-shop.com\/en\/shop\/wines\/rose-wine\/rose-wine-fare-rebels-2023-astir-x-winery\/#primaryimage\"},\"thumbnailUrl\":\"https:\/\/ellados-shop.com\/wp-content\/uploads\/vin-rose-grec-4.png\",\"datePublished\":\"2024-03-27T22:36:32+00:00\",\"dateModified\":\"2025-04-05T12:10:32+00:00\",\"description\":\"Let yourself be seduced by the freshness and energy of the Ros\u00e9 Wine FARE REBELS - IGP Peloponnese. The essential ingredient for your summer cocktails and granitas.\",\"breadcrumb\":{\"@id\":\"https:\/\/ellados-shop.com\/en\/shop\/wines\/rose-wine\/rose-wine-fare-rebels-2023-astir-x-winery\/#breadcrumb\"},\"inLanguage\":\"en-US\",\"potentialAction\":[{\"@type\":\"ReadAction\",\"target\":[\"https:\/\/ellados-shop.com\/en\/shop\/wines\/rose-wine\/rose-wine-fare-rebels-2023-astir-x-winery\/\"]}]},{\"@type\":\"ImageObject\",\"inLanguage\":\"en-US\",\"@id\":\"https:\/\/ellados-shop.com\/en\/shop\/wines\/rose-wine\/rose-wine-fare-rebels-2023-astir-x-winery\/#primaryimage\",\"url\":\"https:\/\/ellados-shop.com\/wp-content\/uploads\/vin-rose-grec-4.png\",\"contentUrl\":\"https:\/\/ellados-shop.com\/wp-content\/uploads\/vin-rose-grec-4.png\",\"width\":450,\"height\":450,\"caption\":\"VIN ROSE GREC\"},{\"@type\":\"BreadcrumbList\",\"@id\":\"https:\/\/ellados-shop.com\/en\/shop\/wines\/rose-wine\/rose-wine-fare-rebels-2023-astir-x-winery\/#breadcrumb\",\"itemListElement\":[{\"@type\":\"ListItem\",\"position\":1,\"name\":\"Accueil\",\"item\":\"https:\/\/ellados-shop.com\/en\/accueil-v2\/\"},{\"@type\":\"ListItem\",\"position\":2,\"name\":\"Boutique\",\"item\":\"https:\/\/ellados-shop.com\/boutique\/\"},{\"@type\":\"ListItem\",\"position\":3,\"name\":\"Rose Wine 2023 \u2013 Fare Rebels by Astir X\"}]},{\"@type\":\"WebSite\",\"@id\":\"https:\/\/ellados-shop.com\/en\/#website\",\"url\":\"https:\/\/ellados-shop.com\/en\/\",\"name\":\"Ellados\",\"description\":\"\",\"potentialAction\":[{\"@type\":\"SearchAction\",\"target\":{\"@type\":\"EntryPoint\",\"urlTemplate\":\"https:\/\/ellados-shop.com\/en\/?s={search_term_string}\"},\"query-input\":{\"@type\":\"PropertyValueSpecification\",\"valueRequired\":true,\"valueName\":\"search_term_string\"}}],\"inLanguage\":\"en-US\"}]}<\/script>\n<!-- \/ Yoast SEO plugin. -->","yoast_head_json":{"title":"Rose Wine 2023 \u2013 Fare Rebels by Astir X - Ellados","description":"Let yourself be seduced by the freshness and energy of the Ros\u00e9 Wine FARE REBELS - IGP Peloponnese. The essential ingredient for your summer cocktails and granitas.","robots":{"index":"index","follow":"follow","max-snippet":"max-snippet:-1","max-image-preview":"max-image-preview:large","max-video-preview":"max-video-preview:-1"},"canonical":"https:\/\/ellados-shop.com\/en\/shop\/wines\/rose-wine\/rose-wine-fare-rebels-2023-astir-x-winery\/","og_locale":"en_US","og_type":"article","og_title":"Rose Wine 2023 \u2013 Fare Rebels by Astir X - Ellados","og_description":"Let yourself be seduced by the freshness and energy of the Ros\u00e9 Wine FARE REBELS - IGP Peloponnese. The essential ingredient for your summer cocktails and granitas.","og_url":"https:\/\/ellados-shop.com\/en\/shop\/wines\/rose-wine\/rose-wine-fare-rebels-2023-astir-x-winery\/","og_site_name":"Ellados","article_modified_time":"2025-04-05T12:10:32+00:00","og_image":[{"width":450,"height":450,"url":"https:\/\/ellados-shop.com\/wp-content\/uploads\/vin-rose-grec-4.png","type":"image\/png"}],"twitter_card":"summary_large_image","twitter_misc":{"Est. reading time":"2 minutes"},"schema":{"@context":"https:\/\/schema.org","@graph":[{"@type":"WebPage","@id":"https:\/\/ellados-shop.com\/en\/shop\/wines\/rose-wine\/rose-wine-fare-rebels-2023-astir-x-winery\/","url":"https:\/\/ellados-shop.com\/en\/shop\/wines\/rose-wine\/rose-wine-fare-rebels-2023-astir-x-winery\/","name":"Rose Wine 2023 \u2013 Fare Rebels by Astir X - Ellados","isPartOf":{"@id":"https:\/\/ellados-shop.com\/en\/#website"},"primaryImageOfPage":{"@id":"https:\/\/ellados-shop.com\/en\/shop\/wines\/rose-wine\/rose-wine-fare-rebels-2023-astir-x-winery\/#primaryimage"},"image":{"@id":"https:\/\/ellados-shop.com\/en\/shop\/wines\/rose-wine\/rose-wine-fare-rebels-2023-astir-x-winery\/#primaryimage"},"thumbnailUrl":"https:\/\/ellados-shop.com\/wp-content\/uploads\/vin-rose-grec-4.png","datePublished":"2024-03-27T22:36:32+00:00","dateModified":"2025-04-05T12:10:32+00:00","description":"Let yourself be seduced by the freshness and energy of the Ros\u00e9 Wine FARE REBELS - IGP Peloponnese. The essential ingredient for your summer cocktails and granitas.","breadcrumb":{"@id":"https:\/\/ellados-shop.com\/en\/shop\/wines\/rose-wine\/rose-wine-fare-rebels-2023-astir-x-winery\/#breadcrumb"},"inLanguage":"en-US","potentialAction":[{"@type":"ReadAction","target":["https:\/\/ellados-shop.com\/en\/shop\/wines\/rose-wine\/rose-wine-fare-rebels-2023-astir-x-winery\/"]}]},{"@type":"ImageObject","inLanguage":"en-US","@id":"https:\/\/ellados-shop.com\/en\/shop\/wines\/rose-wine\/rose-wine-fare-rebels-2023-astir-x-winery\/#primaryimage","url":"https:\/\/ellados-shop.com\/wp-content\/uploads\/vin-rose-grec-4.png","contentUrl":"https:\/\/ellados-shop.com\/wp-content\/uploads\/vin-rose-grec-4.png","width":450,"height":450,"caption":"VIN ROSE GREC"},{"@type":"BreadcrumbList","@id":"https:\/\/ellados-shop.com\/en\/shop\/wines\/rose-wine\/rose-wine-fare-rebels-2023-astir-x-winery\/#breadcrumb","itemListElement":[{"@type":"ListItem","position":1,"name":"Accueil","item":"https:\/\/ellados-shop.com\/en\/accueil-v2\/"},{"@type":"ListItem","position":2,"name":"Boutique","item":"https:\/\/ellados-shop.com\/boutique\/"},{"@type":"ListItem","position":3,"name":"Rose Wine 2023 \u2013 Fare Rebels by Astir X"}]},{"@type":"WebSite","@id":"https:\/\/ellados-shop.com\/en\/#website","url":"https:\/\/ellados-shop.com\/en\/","name":"Ellados","description":"","potentialAction":[{"@type":"SearchAction","target":{"@type":"EntryPoint","urlTemplate":"https:\/\/ellados-shop.com\/en\/?s={search_term_string}"},"query-input":{"@type":"PropertyValueSpecification","valueRequired":true,"valueName":"search_term_string"}}],"inLanguage":"en-US"}]}},"_links":{"self":[{"href":"https:\/\/ellados-shop.com\/en\/wp-json\/wp\/v2\/product\/3868","targetHints":{"allow":["GET"]}}],"collection":[{"href":"https:\/\/ellados-shop.com\/en\/wp-json\/wp\/v2\/product"}],"about":[{"href":"https:\/\/ellados-shop.com\/en\/wp-json\/wp\/v2\/types\/product"}],"replies":[{"embeddable":true,"href":"https:\/\/ellados-shop.com\/en\/wp-json\/wp\/v2\/comments?post=3868"}],"wp:featuredmedia":[{"embeddable":true,"href":"https:\/\/ellados-shop.com\/en\/wp-json\/wp\/v2\/media\/6151"}],"wp:attachment":[{"href":"https:\/\/ellados-shop.com\/en\/wp-json\/wp\/v2\/media?parent=3868"}],"wp:term":[{"taxonomy":"product_brand","embeddable":true,"href":"https:\/\/ellados-shop.com\/en\/wp-json\/wp\/v2\/product_brand?post=3868"},{"taxonomy":"product_cat","embeddable":true,"href":"https:\/\/ellados-shop.com\/en\/wp-json\/wp\/v2\/product_cat?post=3868"},{"taxonomy":"product_tag","embeddable":true,"href":"https:\/\/ellados-shop.com\/en\/wp-json\/wp\/v2\/product_tag?post=3868"}],"curies":[{"name":"wp","href":"https:\/\/api.w.org\/{rel}","templated":true}]}}