{"id":3874,"date":"2024-03-27T21:28:59","date_gmt":"2024-03-27T20:28:59","guid":{"rendered":"https:\/\/ellados-shop.com\/uncategorized\/dry-white-wine-fare-rebels-2023-astir-x-winery\/"},"modified":"2024-10-16T00:02:31","modified_gmt":"2024-10-15T22:02:31","slug":"dry-white-wine-fare-rebels-2023-astir-x-winery","status":"publish","type":"product","link":"https:\/\/ellados-shop.com\/en\/shop\/wines\/dry-white-wine-fare-rebels-2023-astir-x-winery\/","title":{"rendered":"Dry white wine &#8211; Far\u00e9 Rebels &#8211; 2023 &#8211; Astir X Winery"},"content":{"rendered":"<p>The Far\u00e9 Rebels wine range, produced by Astir X Winery, tells the story of how the flame of the Greek revolution of 1821 ignited in Kalamata during the War of Independence. Explore the boldness and freshness of the Far\u00e9 Rebels dry white wine classified as IGP Peloponnese. Vangelis, Stathis, Stelios et Vangelis transmettent \u00e0 leurs vins le caract\u00e8re des c\u00e9pages grecques cultiv\u00e9s par leurs a\u00efeux, depuis 1930. Their vineyards unfold on <a href=\"https:\/\/ellados-shop.com\/actualites\/decouvrez-les-vins-grecs-originaires-du-peloponnese\/\">the sacred lands of Messenia and the Peloponnese.<\/a> Le Far\u00e9 Rebels est un vin blanc sec \u00e0 la g\u00e9n\u00e9rosit\u00e9 aromatique in\u00e9gal\u00e9e.Far\u00e9 Rebels is a dry white wine with unparalleled aromatic generosity. It unveils an intoxicating bouquet where fragrances of flowers, fresh fruits, and citrus harmoniously mingle. A true olfactory symphony that awakens the senses and heralds an unparalleled tasting experience. This wine stands out for its demanding and full-bodied character, revealing a unique personality shaped by distinctive acidity. Made from an exceptional grape variety, the Moschofilero, cultivated in the vineyards of southern Peloponnese and benefiting from the PGI, it embodies the very essence of the Greek terroir. The Moschofilero, an emblematic grape variety of mainland Greece, gives Far\u00e9 Rebels an authenticity and typicity that set it apart on the international wine scene. This wine is refreshing. It will perfectly accompany your white meats or pasta recipes. Do not hesitate to serve it with a carefully selected cheese platter. It will enhance all your fruit-based desserts. &nbsp;<\/p>\n<p>&nbsp;<\/p>\n<div class=\"flex-1 overflow-hidden\">\n<div class=\"react-scroll-to-bottom--css-edvpm-79elbk h-full\">\n<div class=\"react-scroll-to-bottom--css-edvpm-1n7m0yu\">\n<div>\n<div class=\"flex flex-col text-sm pb-9\">\n<div class=\"w-full text-token-text-primary\" dir=\"auto\" data-testid=\"conversation-turn-13\">\n<div class=\"px-4 py-2 justify-center text-base md:gap-6 m-auto\">\n<div class=\"flex flex-1 text-base mx-auto gap-3 juice:gap-4 juice:md:gap-6 md:px-5 lg:px-1 xl:px-5 md:max-w-3xl lg:max-w-[40rem] xl:max-w-[48rem] group final-completion\">\n<div class=\"relative flex w-full flex-col agent-turn\">\n<div class=\"flex-col gap-1 md:gap-3\">\n<div class=\"flex flex-grow flex-col max-w-full\">\n<div class=\"min-h-[20px] text-message flex flex-col items-start gap-3 whitespace-pre-wrap break-words [.text-message+&amp;]:mt-5 overflow-x-auto\" dir=\"auto\" data-message-author-role=\"assistant\" data-message-id=\"c8e14d45-d3de-42ef-bdb2-c7cec5626bfe\">\n<div class=\"markdown prose w-full break-words dark:prose-invert light\"><\/div>\n<\/div>\n<\/div>\n<div class=\"mt-1 flex gap-3 empty:hidden\">\n<div class=\"text-gray-400 flex self-end lg:self-center items-center justify-center lg:justify-start mt-0 -ml-1 h-7 gap-[2px] visible\">\n<div class=\"flex\"><\/div>\n<\/div>\n<\/div>\n<div class=\"pr-2 lg:pr-0\"><\/div>\n<\/div>\n<div class=\"absolute\">\n<div class=\"flex w-full gap-2 items-center justify-center\"><\/div>\n<\/div>\n<\/div>\n<\/div>\n<\/div>\n<\/div>\n<\/div>\n<\/div>\n<\/div>\n<\/div>\n<\/div>\n<div class=\"w-full pt-2 md:pt-0 dark:border-white\/20 md:border-transparent md:dark:border-transparent md:w-[calc(100%-.5rem)]\">\n<div class=\"relative flex h-full flex-1 flex-col\">\n<div class=\"absolute bottom-full left-0 right-0\"><\/div>\n<div class=\"flex w-full items-center\"><\/div>\n<\/div>\n<\/div>\n<p>&nbsp;<\/p>\n","protected":false},"excerpt":{"rendered":"<p>Far\u00e9 Rebels Blanc is a <strong>dry white wine<\/strong> generously aromatic, with <strong>fragrances of flowers, fresh fruits, and citrus.<\/strong> 100% Moschofilero. This refreshing wine will perfectly accompany your white meats, pasta, a magnificent cheese platter, and fruit-based desserts. &nbsp;<\/p>\n","protected":false},"featured_media":6133,"comment_status":"closed","ping_status":"closed","template":"","meta":[],"product_brand":[],"product_cat":[127,128,131],"product_tag":[],"class_list":{"0":"post-3874","1":"product","2":"type-product","3":"status-publish","4":"has-post-thumbnail","6":"product_cat-shop","7":"product_cat-wines","8":"product_cat-white-wine","10":"first","11":"instock","12":"taxable","13":"shipping-taxable","14":"purchasable","15":"product-type-simple"},"yoast_head":"<!-- This site is optimized with the Yoast SEO plugin v26.8 - https:\/\/yoast.com\/product\/yoast-seo-wordpress\/ -->\n<title>Dry white wine Far\u00e9 Rebels - Astir X Winery - Ellados<\/title>\n<meta name=\"description\" content=\"Far\u00e9 Rebels Blanc is a bold dry white wine, generously aromatic with hints of flowers, fresh fruits, and citrus.\" \/>\n<meta name=\"robots\" content=\"index, follow, max-snippet:-1, max-image-preview:large, max-video-preview:-1\" \/>\n<link rel=\"canonical\" href=\"https:\/\/ellados-shop.com\/en\/shop\/wines\/dry-white-wine-fare-rebels-2023-astir-x-winery\/\" \/>\n<meta property=\"og:locale\" content=\"en_US\" \/>\n<meta property=\"og:type\" content=\"article\" \/>\n<meta property=\"og:title\" content=\"Dry white wine Far\u00e9 Rebels - Astir X Winery - Ellados\" \/>\n<meta property=\"og:description\" content=\"Far\u00e9 Rebels Blanc is a bold dry white wine, generously aromatic with hints of flowers, fresh fruits, and citrus.\" \/>\n<meta property=\"og:url\" content=\"https:\/\/ellados-shop.com\/en\/shop\/wines\/dry-white-wine-fare-rebels-2023-astir-x-winery\/\" \/>\n<meta property=\"og:site_name\" content=\"Ellados\" \/>\n<meta property=\"article:modified_time\" content=\"2024-10-15T22:02:31+00:00\" \/>\n<meta property=\"og:image\" content=\"https:\/\/ellados-shop.com\/wp-content\/uploads\/FARE-REBELS-VIN-BLANC-4.png\" \/>\n\t<meta property=\"og:image:width\" content=\"450\" \/>\n\t<meta property=\"og:image:height\" content=\"600\" \/>\n\t<meta property=\"og:image:type\" content=\"image\/png\" \/>\n<meta name=\"twitter:card\" content=\"summary_large_image\" \/>\n<meta name=\"twitter:label1\" content=\"Est. reading time\" \/>\n\t<meta name=\"twitter:data1\" content=\"2 minutes\" \/>\n<script type=\"application\/ld+json\" class=\"yoast-schema-graph\">{\"@context\":\"https:\/\/schema.org\",\"@graph\":[{\"@type\":\"WebPage\",\"@id\":\"https:\/\/ellados-shop.com\/en\/shop\/wines\/dry-white-wine-fare-rebels-2023-astir-x-winery\/\",\"url\":\"https:\/\/ellados-shop.com\/en\/shop\/wines\/dry-white-wine-fare-rebels-2023-astir-x-winery\/\",\"name\":\"Dry white wine Far\u00e9 Rebels - Astir X Winery - Ellados\",\"isPartOf\":{\"@id\":\"https:\/\/ellados-shop.com\/en\/#website\"},\"primaryImageOfPage\":{\"@id\":\"https:\/\/ellados-shop.com\/en\/shop\/wines\/dry-white-wine-fare-rebels-2023-astir-x-winery\/#primaryimage\"},\"image\":{\"@id\":\"https:\/\/ellados-shop.com\/en\/shop\/wines\/dry-white-wine-fare-rebels-2023-astir-x-winery\/#primaryimage\"},\"thumbnailUrl\":\"https:\/\/ellados-shop.com\/wp-content\/uploads\/vin-blanc-grec-6.png\",\"datePublished\":\"2024-03-27T20:28:59+00:00\",\"dateModified\":\"2024-10-15T22:02:31+00:00\",\"description\":\"Far\u00e9 Rebels Blanc is a bold dry white wine, generously aromatic with hints of flowers, fresh fruits, and citrus.\",\"breadcrumb\":{\"@id\":\"https:\/\/ellados-shop.com\/en\/shop\/wines\/dry-white-wine-fare-rebels-2023-astir-x-winery\/#breadcrumb\"},\"inLanguage\":\"en-US\",\"potentialAction\":[{\"@type\":\"ReadAction\",\"target\":[\"https:\/\/ellados-shop.com\/en\/shop\/wines\/dry-white-wine-fare-rebels-2023-astir-x-winery\/\"]}]},{\"@type\":\"ImageObject\",\"inLanguage\":\"en-US\",\"@id\":\"https:\/\/ellados-shop.com\/en\/shop\/wines\/dry-white-wine-fare-rebels-2023-astir-x-winery\/#primaryimage\",\"url\":\"https:\/\/ellados-shop.com\/wp-content\/uploads\/vin-blanc-grec-6.png\",\"contentUrl\":\"https:\/\/ellados-shop.com\/wp-content\/uploads\/vin-blanc-grec-6.png\",\"width\":450,\"height\":450,\"caption\":\"VIN BLANC\"},{\"@type\":\"BreadcrumbList\",\"@id\":\"https:\/\/ellados-shop.com\/en\/shop\/wines\/dry-white-wine-fare-rebels-2023-astir-x-winery\/#breadcrumb\",\"itemListElement\":[{\"@type\":\"ListItem\",\"position\":1,\"name\":\"Accueil\",\"item\":\"https:\/\/ellados-shop.com\/en\/accueil-v2\/\"},{\"@type\":\"ListItem\",\"position\":2,\"name\":\"Boutique\",\"item\":\"https:\/\/ellados-shop.com\/boutique\/\"},{\"@type\":\"ListItem\",\"position\":3,\"name\":\"Dry white wine &#8211; Far\u00e9 Rebels &#8211; 2023 &#8211; Astir X Winery\"}]},{\"@type\":\"WebSite\",\"@id\":\"https:\/\/ellados-shop.com\/en\/#website\",\"url\":\"https:\/\/ellados-shop.com\/en\/\",\"name\":\"Ellados\",\"description\":\"\",\"potentialAction\":[{\"@type\":\"SearchAction\",\"target\":{\"@type\":\"EntryPoint\",\"urlTemplate\":\"https:\/\/ellados-shop.com\/en\/?s={search_term_string}\"},\"query-input\":{\"@type\":\"PropertyValueSpecification\",\"valueRequired\":true,\"valueName\":\"search_term_string\"}}],\"inLanguage\":\"en-US\"}]}<\/script>\n<!-- \/ Yoast SEO plugin. -->","yoast_head_json":{"title":"Dry white wine Far\u00e9 Rebels - Astir X Winery - Ellados","description":"Far\u00e9 Rebels Blanc is a bold dry white wine, generously aromatic with hints of flowers, fresh fruits, and citrus.","robots":{"index":"index","follow":"follow","max-snippet":"max-snippet:-1","max-image-preview":"max-image-preview:large","max-video-preview":"max-video-preview:-1"},"canonical":"https:\/\/ellados-shop.com\/en\/shop\/wines\/dry-white-wine-fare-rebels-2023-astir-x-winery\/","og_locale":"en_US","og_type":"article","og_title":"Dry white wine Far\u00e9 Rebels - Astir X Winery - Ellados","og_description":"Far\u00e9 Rebels Blanc is a bold dry white wine, generously aromatic with hints of flowers, fresh fruits, and citrus.","og_url":"https:\/\/ellados-shop.com\/en\/shop\/wines\/dry-white-wine-fare-rebels-2023-astir-x-winery\/","og_site_name":"Ellados","article_modified_time":"2024-10-15T22:02:31+00:00","og_image":[{"width":450,"height":600,"url":"https:\/\/ellados-shop.com\/wp-content\/uploads\/FARE-REBELS-VIN-BLANC-4.png","type":"image\/png"}],"twitter_card":"summary_large_image","twitter_misc":{"Est. reading time":"2 minutes"},"schema":{"@context":"https:\/\/schema.org","@graph":[{"@type":"WebPage","@id":"https:\/\/ellados-shop.com\/en\/shop\/wines\/dry-white-wine-fare-rebels-2023-astir-x-winery\/","url":"https:\/\/ellados-shop.com\/en\/shop\/wines\/dry-white-wine-fare-rebels-2023-astir-x-winery\/","name":"Dry white wine Far\u00e9 Rebels - Astir X Winery - Ellados","isPartOf":{"@id":"https:\/\/ellados-shop.com\/en\/#website"},"primaryImageOfPage":{"@id":"https:\/\/ellados-shop.com\/en\/shop\/wines\/dry-white-wine-fare-rebels-2023-astir-x-winery\/#primaryimage"},"image":{"@id":"https:\/\/ellados-shop.com\/en\/shop\/wines\/dry-white-wine-fare-rebels-2023-astir-x-winery\/#primaryimage"},"thumbnailUrl":"https:\/\/ellados-shop.com\/wp-content\/uploads\/vin-blanc-grec-6.png","datePublished":"2024-03-27T20:28:59+00:00","dateModified":"2024-10-15T22:02:31+00:00","description":"Far\u00e9 Rebels Blanc is a bold dry white wine, generously aromatic with hints of flowers, fresh fruits, and citrus.","breadcrumb":{"@id":"https:\/\/ellados-shop.com\/en\/shop\/wines\/dry-white-wine-fare-rebels-2023-astir-x-winery\/#breadcrumb"},"inLanguage":"en-US","potentialAction":[{"@type":"ReadAction","target":["https:\/\/ellados-shop.com\/en\/shop\/wines\/dry-white-wine-fare-rebels-2023-astir-x-winery\/"]}]},{"@type":"ImageObject","inLanguage":"en-US","@id":"https:\/\/ellados-shop.com\/en\/shop\/wines\/dry-white-wine-fare-rebels-2023-astir-x-winery\/#primaryimage","url":"https:\/\/ellados-shop.com\/wp-content\/uploads\/vin-blanc-grec-6.png","contentUrl":"https:\/\/ellados-shop.com\/wp-content\/uploads\/vin-blanc-grec-6.png","width":450,"height":450,"caption":"VIN BLANC"},{"@type":"BreadcrumbList","@id":"https:\/\/ellados-shop.com\/en\/shop\/wines\/dry-white-wine-fare-rebels-2023-astir-x-winery\/#breadcrumb","itemListElement":[{"@type":"ListItem","position":1,"name":"Accueil","item":"https:\/\/ellados-shop.com\/en\/accueil-v2\/"},{"@type":"ListItem","position":2,"name":"Boutique","item":"https:\/\/ellados-shop.com\/boutique\/"},{"@type":"ListItem","position":3,"name":"Dry white wine &#8211; Far\u00e9 Rebels &#8211; 2023 &#8211; Astir X Winery"}]},{"@type":"WebSite","@id":"https:\/\/ellados-shop.com\/en\/#website","url":"https:\/\/ellados-shop.com\/en\/","name":"Ellados","description":"","potentialAction":[{"@type":"SearchAction","target":{"@type":"EntryPoint","urlTemplate":"https:\/\/ellados-shop.com\/en\/?s={search_term_string}"},"query-input":{"@type":"PropertyValueSpecification","valueRequired":true,"valueName":"search_term_string"}}],"inLanguage":"en-US"}]}},"_links":{"self":[{"href":"https:\/\/ellados-shop.com\/en\/wp-json\/wp\/v2\/product\/3874","targetHints":{"allow":["GET"]}}],"collection":[{"href":"https:\/\/ellados-shop.com\/en\/wp-json\/wp\/v2\/product"}],"about":[{"href":"https:\/\/ellados-shop.com\/en\/wp-json\/wp\/v2\/types\/product"}],"replies":[{"embeddable":true,"href":"https:\/\/ellados-shop.com\/en\/wp-json\/wp\/v2\/comments?post=3874"}],"wp:featuredmedia":[{"embeddable":true,"href":"https:\/\/ellados-shop.com\/en\/wp-json\/wp\/v2\/media\/6133"}],"wp:attachment":[{"href":"https:\/\/ellados-shop.com\/en\/wp-json\/wp\/v2\/media?parent=3874"}],"wp:term":[{"taxonomy":"product_brand","embeddable":true,"href":"https:\/\/ellados-shop.com\/en\/wp-json\/wp\/v2\/product_brand?post=3874"},{"taxonomy":"product_cat","embeddable":true,"href":"https:\/\/ellados-shop.com\/en\/wp-json\/wp\/v2\/product_cat?post=3874"},{"taxonomy":"product_tag","embeddable":true,"href":"https:\/\/ellados-shop.com\/en\/wp-json\/wp\/v2\/product_tag?post=3874"}],"curies":[{"name":"wp","href":"https:\/\/api.w.org\/{rel}","templated":true}]}}