{"id":3879,"date":"2024-03-27T17:46:33","date_gmt":"2024-03-27T16:46:33","guid":{"rendered":"https:\/\/ellados-shop.com\/uncategorized\/greek-dry-red-wine-nemea-2021-troupis-winery\/"},"modified":"2026-04-07T09:59:46","modified_gmt":"2026-04-07T07:59:46","slug":"greek-dry-red-wine-nemea-2021-troupis-winery","status":"publish","type":"product","link":"https:\/\/ellados-shop.com\/en\/shop\/wines\/greek-dry-red-wine-nemea-2021-troupis-winery\/","title":{"rendered":"Greek Dry Red Wine &#8211; N\u00e9m\u00e9a &#8211; 2021 &#8211; Troupis Winery"},"content":{"rendered":"<p>The Greek dry red wine named &#8220;N\u00e9m\u00e9a&#8221; is a true masterpiece of taste. It celebrates the heritage and tradition upheld by the Troupis family. Its low-intervention production process results in a very natural wine. The Troupis Estate is one of the most renowned among the wineries in the Peloponnese. Cultivated on high-altitude parcels with gravelly soil, the Agiorgitiko grapes are of very high quality. The significant diurnal temperature variations between day and night promote grape concentration. The dry red wine &#8220;N\u00e9m\u00e9a&#8221; immediately captivates the eye with its deep ruby color, evoking the intensity and richness of its character. On the nose, it unveils an enchanting bouquet where ripe red fruits mingle with juicy cherries and subtle spicy notes. An irresistible olfactory invitation to delve into a unique sensory experience. In the mouth, this dry Greek red wine seduces with its velvety texture that caresses the palate. Its perfect balance between power and elegance enchants the taste buds. It is an ideal companion to enhance your red meat dishes, creamy risottos or orzottos, or even cheese specialties. Let yourself be carried away by the magic of &#8216;Nemea&#8217; red wine and elevate each tasting moment with elegance. The &#8220;Nemea&#8221; wine tells a story of love for the land and the vine at the foothills of the Peloponnese mountains.<\/p>\n","protected":false},"excerpt":{"rendered":"<p>Nemea&#8217; red wine is a true <strong>gustatory masterpiece<\/strong>. On the nose, discover a bouquet of ripe <strong>red fruits<\/strong>, juicy <strong>cherries<\/strong>, and subtle <strong>spicy notes<\/strong>. On the palate, its acidity is lively, yet the<strong> tannins<\/strong> remain <strong>velvety<\/strong>. Nemea will leave you with a long, pleasantly fruity aftertaste.   <\/p>\n","protected":false},"featured_media":6178,"comment_status":"closed","ping_status":"closed","template":"","meta":[],"product_brand":[],"product_cat":[127,128,129],"product_tag":[],"class_list":{"0":"post-3879","1":"product","2":"type-product","3":"status-publish","4":"has-post-thumbnail","6":"product_cat-shop","7":"product_cat-wines","8":"product_cat-red-wine","10":"first","11":"instock","12":"taxable","13":"shipping-taxable","14":"purchasable","15":"product-type-simple"},"yoast_head":"<!-- This site is optimized with the Yoast SEO plugin v26.8 - https:\/\/yoast.com\/product\/yoast-seo-wordpress\/ -->\n<title>Greek Dry Red Wine- &quot;N\u00e9m\u00e9a&quot; - Troupis Winery - Ellados<\/title>\n<meta name=\"description\" content=\"The dry red wine &#039;N\u00e9m\u00e9a&#039; is an exceptional Greek wine, produced with minimal human intervention to preserve its natural aromas and benefits.\" \/>\n<meta name=\"robots\" content=\"index, follow, max-snippet:-1, max-image-preview:large, max-video-preview:-1\" \/>\n<link rel=\"canonical\" href=\"https:\/\/ellados-shop.com\/en\/shop\/wines\/greek-dry-red-wine-nemea-2021-troupis-winery\/\" \/>\n<meta property=\"og:locale\" content=\"en_US\" \/>\n<meta property=\"og:type\" content=\"article\" \/>\n<meta property=\"og:title\" content=\"Greek Dry Red Wine- &quot;N\u00e9m\u00e9a&quot; - Troupis Winery - Ellados\" \/>\n<meta property=\"og:description\" content=\"The dry red wine &#039;N\u00e9m\u00e9a&#039; is an exceptional Greek wine, produced with minimal human intervention to preserve its natural aromas and benefits.\" \/>\n<meta property=\"og:url\" content=\"https:\/\/ellados-shop.com\/en\/shop\/wines\/greek-dry-red-wine-nemea-2021-troupis-winery\/\" \/>\n<meta property=\"og:site_name\" content=\"Ellados\" \/>\n<meta property=\"article:modified_time\" content=\"2026-04-07T07:59:46+00:00\" \/>\n<meta property=\"og:image\" content=\"https:\/\/ellados-shop.com\/wp-content\/uploads\/vin-rouge-grec-1.png\" \/>\n\t<meta property=\"og:image:width\" content=\"450\" \/>\n\t<meta property=\"og:image:height\" content=\"450\" \/>\n\t<meta property=\"og:image:type\" content=\"image\/png\" \/>\n<meta name=\"twitter:card\" content=\"summary_large_image\" \/>\n<meta name=\"twitter:label1\" content=\"Est. reading time\" \/>\n\t<meta name=\"twitter:data1\" content=\"2 minutes\" \/>\n<script type=\"application\/ld+json\" class=\"yoast-schema-graph\">{\"@context\":\"https:\/\/schema.org\",\"@graph\":[{\"@type\":\"WebPage\",\"@id\":\"https:\/\/ellados-shop.com\/en\/shop\/wines\/greek-dry-red-wine-nemea-2021-troupis-winery\/\",\"url\":\"https:\/\/ellados-shop.com\/en\/shop\/wines\/greek-dry-red-wine-nemea-2021-troupis-winery\/\",\"name\":\"Greek Dry Red Wine- \\\"N\u00e9m\u00e9a\\\" - Troupis Winery - Ellados\",\"isPartOf\":{\"@id\":\"https:\/\/ellados-shop.com\/en\/#website\"},\"primaryImageOfPage\":{\"@id\":\"https:\/\/ellados-shop.com\/en\/shop\/wines\/greek-dry-red-wine-nemea-2021-troupis-winery\/#primaryimage\"},\"image\":{\"@id\":\"https:\/\/ellados-shop.com\/en\/shop\/wines\/greek-dry-red-wine-nemea-2021-troupis-winery\/#primaryimage\"},\"thumbnailUrl\":\"https:\/\/ellados-shop.com\/wp-content\/uploads\/vin-rouge-grec-1.png\",\"datePublished\":\"2024-03-27T16:46:33+00:00\",\"dateModified\":\"2026-04-07T07:59:46+00:00\",\"description\":\"The dry red wine 'N\u00e9m\u00e9a' is an exceptional Greek wine, produced with minimal human intervention to preserve its natural aromas and benefits.\",\"breadcrumb\":{\"@id\":\"https:\/\/ellados-shop.com\/en\/shop\/wines\/greek-dry-red-wine-nemea-2021-troupis-winery\/#breadcrumb\"},\"inLanguage\":\"en-US\",\"potentialAction\":[{\"@type\":\"ReadAction\",\"target\":[\"https:\/\/ellados-shop.com\/en\/shop\/wines\/greek-dry-red-wine-nemea-2021-troupis-winery\/\"]}]},{\"@type\":\"ImageObject\",\"inLanguage\":\"en-US\",\"@id\":\"https:\/\/ellados-shop.com\/en\/shop\/wines\/greek-dry-red-wine-nemea-2021-troupis-winery\/#primaryimage\",\"url\":\"https:\/\/ellados-shop.com\/wp-content\/uploads\/vin-rouge-grec-1.png\",\"contentUrl\":\"https:\/\/ellados-shop.com\/wp-content\/uploads\/vin-rouge-grec-1.png\",\"width\":450,\"height\":450,\"caption\":\"VIN ROUGE NEMEA\"},{\"@type\":\"BreadcrumbList\",\"@id\":\"https:\/\/ellados-shop.com\/en\/shop\/wines\/greek-dry-red-wine-nemea-2021-troupis-winery\/#breadcrumb\",\"itemListElement\":[{\"@type\":\"ListItem\",\"position\":1,\"name\":\"Accueil\",\"item\":\"https:\/\/ellados-shop.com\/en\/accueil-v2\/\"},{\"@type\":\"ListItem\",\"position\":2,\"name\":\"Boutique\",\"item\":\"https:\/\/ellados-shop.com\/boutique\/\"},{\"@type\":\"ListItem\",\"position\":3,\"name\":\"Greek Dry Red Wine &#8211; N\u00e9m\u00e9a &#8211; 2021 &#8211; Troupis Winery\"}]},{\"@type\":\"WebSite\",\"@id\":\"https:\/\/ellados-shop.com\/en\/#website\",\"url\":\"https:\/\/ellados-shop.com\/en\/\",\"name\":\"Ellados\",\"description\":\"\",\"potentialAction\":[{\"@type\":\"SearchAction\",\"target\":{\"@type\":\"EntryPoint\",\"urlTemplate\":\"https:\/\/ellados-shop.com\/en\/?s={search_term_string}\"},\"query-input\":{\"@type\":\"PropertyValueSpecification\",\"valueRequired\":true,\"valueName\":\"search_term_string\"}}],\"inLanguage\":\"en-US\"}]}<\/script>\n<!-- \/ Yoast SEO plugin. -->","yoast_head_json":{"title":"Greek Dry Red Wine- \"N\u00e9m\u00e9a\" - Troupis Winery - Ellados","description":"The dry red wine 'N\u00e9m\u00e9a' is an exceptional Greek wine, produced with minimal human intervention to preserve its natural aromas and benefits.","robots":{"index":"index","follow":"follow","max-snippet":"max-snippet:-1","max-image-preview":"max-image-preview:large","max-video-preview":"max-video-preview:-1"},"canonical":"https:\/\/ellados-shop.com\/en\/shop\/wines\/greek-dry-red-wine-nemea-2021-troupis-winery\/","og_locale":"en_US","og_type":"article","og_title":"Greek Dry Red Wine- \"N\u00e9m\u00e9a\" - Troupis Winery - Ellados","og_description":"The dry red wine 'N\u00e9m\u00e9a' is an exceptional Greek wine, produced with minimal human intervention to preserve its natural aromas and benefits.","og_url":"https:\/\/ellados-shop.com\/en\/shop\/wines\/greek-dry-red-wine-nemea-2021-troupis-winery\/","og_site_name":"Ellados","article_modified_time":"2026-04-07T07:59:46+00:00","og_image":[{"width":450,"height":450,"url":"https:\/\/ellados-shop.com\/wp-content\/uploads\/vin-rouge-grec-1.png","type":"image\/png"}],"twitter_card":"summary_large_image","twitter_misc":{"Est. reading time":"2 minutes"},"schema":{"@context":"https:\/\/schema.org","@graph":[{"@type":"WebPage","@id":"https:\/\/ellados-shop.com\/en\/shop\/wines\/greek-dry-red-wine-nemea-2021-troupis-winery\/","url":"https:\/\/ellados-shop.com\/en\/shop\/wines\/greek-dry-red-wine-nemea-2021-troupis-winery\/","name":"Greek Dry Red Wine- \"N\u00e9m\u00e9a\" - Troupis Winery - Ellados","isPartOf":{"@id":"https:\/\/ellados-shop.com\/en\/#website"},"primaryImageOfPage":{"@id":"https:\/\/ellados-shop.com\/en\/shop\/wines\/greek-dry-red-wine-nemea-2021-troupis-winery\/#primaryimage"},"image":{"@id":"https:\/\/ellados-shop.com\/en\/shop\/wines\/greek-dry-red-wine-nemea-2021-troupis-winery\/#primaryimage"},"thumbnailUrl":"https:\/\/ellados-shop.com\/wp-content\/uploads\/vin-rouge-grec-1.png","datePublished":"2024-03-27T16:46:33+00:00","dateModified":"2026-04-07T07:59:46+00:00","description":"The dry red wine 'N\u00e9m\u00e9a' is an exceptional Greek wine, produced with minimal human intervention to preserve its natural aromas and benefits.","breadcrumb":{"@id":"https:\/\/ellados-shop.com\/en\/shop\/wines\/greek-dry-red-wine-nemea-2021-troupis-winery\/#breadcrumb"},"inLanguage":"en-US","potentialAction":[{"@type":"ReadAction","target":["https:\/\/ellados-shop.com\/en\/shop\/wines\/greek-dry-red-wine-nemea-2021-troupis-winery\/"]}]},{"@type":"ImageObject","inLanguage":"en-US","@id":"https:\/\/ellados-shop.com\/en\/shop\/wines\/greek-dry-red-wine-nemea-2021-troupis-winery\/#primaryimage","url":"https:\/\/ellados-shop.com\/wp-content\/uploads\/vin-rouge-grec-1.png","contentUrl":"https:\/\/ellados-shop.com\/wp-content\/uploads\/vin-rouge-grec-1.png","width":450,"height":450,"caption":"VIN ROUGE NEMEA"},{"@type":"BreadcrumbList","@id":"https:\/\/ellados-shop.com\/en\/shop\/wines\/greek-dry-red-wine-nemea-2021-troupis-winery\/#breadcrumb","itemListElement":[{"@type":"ListItem","position":1,"name":"Accueil","item":"https:\/\/ellados-shop.com\/en\/accueil-v2\/"},{"@type":"ListItem","position":2,"name":"Boutique","item":"https:\/\/ellados-shop.com\/boutique\/"},{"@type":"ListItem","position":3,"name":"Greek Dry Red Wine &#8211; N\u00e9m\u00e9a &#8211; 2021 &#8211; Troupis Winery"}]},{"@type":"WebSite","@id":"https:\/\/ellados-shop.com\/en\/#website","url":"https:\/\/ellados-shop.com\/en\/","name":"Ellados","description":"","potentialAction":[{"@type":"SearchAction","target":{"@type":"EntryPoint","urlTemplate":"https:\/\/ellados-shop.com\/en\/?s={search_term_string}"},"query-input":{"@type":"PropertyValueSpecification","valueRequired":true,"valueName":"search_term_string"}}],"inLanguage":"en-US"}]}},"_links":{"self":[{"href":"https:\/\/ellados-shop.com\/en\/wp-json\/wp\/v2\/product\/3879","targetHints":{"allow":["GET"]}}],"collection":[{"href":"https:\/\/ellados-shop.com\/en\/wp-json\/wp\/v2\/product"}],"about":[{"href":"https:\/\/ellados-shop.com\/en\/wp-json\/wp\/v2\/types\/product"}],"replies":[{"embeddable":true,"href":"https:\/\/ellados-shop.com\/en\/wp-json\/wp\/v2\/comments?post=3879"}],"wp:featuredmedia":[{"embeddable":true,"href":"https:\/\/ellados-shop.com\/en\/wp-json\/wp\/v2\/media\/6178"}],"wp:attachment":[{"href":"https:\/\/ellados-shop.com\/en\/wp-json\/wp\/v2\/media?parent=3879"}],"wp:term":[{"taxonomy":"product_brand","embeddable":true,"href":"https:\/\/ellados-shop.com\/en\/wp-json\/wp\/v2\/product_brand?post=3879"},{"taxonomy":"product_cat","embeddable":true,"href":"https:\/\/ellados-shop.com\/en\/wp-json\/wp\/v2\/product_cat?post=3879"},{"taxonomy":"product_tag","embeddable":true,"href":"https:\/\/ellados-shop.com\/en\/wp-json\/wp\/v2\/product_tag?post=3879"}],"curies":[{"name":"wp","href":"https:\/\/api.w.org\/{rel}","templated":true}]}}