{"id":4013,"date":"2024-03-13T17:37:46","date_gmt":"2024-03-13T16:37:46","guid":{"rendered":"https:\/\/ellados-shop.com\/uncategorized\/mani-blauel-vegan-sundried-tomato-puree-180g\/"},"modified":"2025-03-22T19:03:37","modified_gmt":"2025-03-22T18:03:37","slug":"mani-blauel-vegan-sundried-tomato-puree-180g","status":"publish","type":"product","link":"https:\/\/ellados-shop.com\/en\/shop\/delicatessen\/salty\/mani-blauel-vegan-sundried-tomato-puree-180g\/","title":{"rendered":"Mani Bl\u00e4uel Vegan sundried tomato puree &#8211; 180g"},"content":{"rendered":"<p>Mediterranean delight, this vegan sun-dried tomato puree combines <strong>the sweetness of tomatoes with the flavor of basil.<\/strong> It must be said that the Mani Bl\u00e4uel company carefully crafts all its products, especially those in the vegan range. The Mani Bl\u00e4uel company established itself in Greece in the late 1970s. Its founders have always aimed to prioritize a responsible, ecological, and agriculture-friendly approach. Therefore, logically, the company has favored <em>organic product<\/em> lines and developed vegan products. The tomatoes are cultivated in the region of Mani, in southern Peloponnese, then sun-dried to preserve all their flavors and essential nutrients. Then, they are rehydrated and prepared according to a traditional recipe closely guarded by the Mani Bl\u00e4uel family. SIndeed, Mani Bl\u00e4uel&#8217;s Vegan Sun-Dried Tomato Puree is <strong>guaranteed free of colorants, artificial flavors, and preservatives<\/strong>. It&#8217;s a true explosion of Mediterranean flavors in every spoonful. Mani Bl\u00e4uel&#8217;s sun-dried tomato puree offers a balanced combination of sweetness and rich flavors. You&#8217;ll find deep notes of sun-ripened tomatoes. Perfect for enhancing your favorite dishes, it will add a touch of sophistication to your vegetarian and vegan recipes. The sun-dried tomato puree will be excellent as a base for your sauces, pizzas, or cooked pasta dishes. It can also be enjoyed as an appetizer, on bruschettas with a little feta and fresh oregano. By nature a Greek mezze, it will complement and add color to your platters during your Greek appetizers. Indulge in an exceptional culinary experience with Mani Bl\u00e4uel&#8217;s Vegan Sun-Dried Tomato Puree. Discover the authentic taste of the Mediterranean, cultivated with love and respect for the environment. <\/p>\n<div class=\"mt-1 flex gap-3 empty:hidden\">\n<div class=\"text-gray-400 flex self-end lg:self-center items-center justify-center lg:justify-start mt-0 -ml-1 h-7 gap-[2px] visible\"><\/div>\n<\/div>\n<div class=\"flex\"><\/div>\n","protected":false},"excerpt":{"rendered":"<p>Surrender to this sun-dried tomato puree<strong> infused with basil.<\/strong> It offers a smooth texture and an<strong> intense flavor<\/strong>, slightly sweet and tangy. The sunshine of many of your dishes.<\/p>\n","protected":false},"featured_media":5849,"comment_status":"closed","ping_status":"closed","template":"","meta":[],"product_brand":[],"product_cat":[127,137,138],"product_tag":[],"class_list":{"0":"post-4013","1":"product","2":"type-product","3":"status-publish","4":"has-post-thumbnail","6":"product_cat-shop","7":"product_cat-delicatessen","8":"product_cat-salty","10":"first","11":"outofstock","12":"taxable","13":"shipping-taxable","14":"purchasable","15":"product-type-simple"},"yoast_head":"<!-- This site is optimized with the Yoast SEO plugin v26.8 - https:\/\/yoast.com\/product\/yoast-seo-wordpress\/ -->\n<title>Dried Tomato Puree - Vegan - Mani Bl\u00e4uel - Ellados<\/title>\n<meta name=\"description\" content=\"Give in to our Vegan sun-dried tomato puree! Delicious and fruity, it will enhance your pizzas, pasta, or simply your appetizer toasts.\" \/>\n<meta name=\"robots\" content=\"index, follow, max-snippet:-1, max-image-preview:large, max-video-preview:-1\" \/>\n<link rel=\"canonical\" href=\"https:\/\/ellados-shop.com\/en\/shop\/delicatessen\/salty\/mani-blauel-vegan-sundried-tomato-puree-180g\/\" \/>\n<meta property=\"og:locale\" content=\"en_US\" \/>\n<meta property=\"og:type\" content=\"article\" \/>\n<meta property=\"og:title\" content=\"Dried Tomato Puree - Vegan - Mani Bl\u00e4uel - Ellados\" \/>\n<meta property=\"og:description\" content=\"Give in to our Vegan sun-dried tomato puree! Delicious and fruity, it will enhance your pizzas, pasta, or simply your appetizer toasts.\" \/>\n<meta property=\"og:url\" content=\"https:\/\/ellados-shop.com\/en\/shop\/delicatessen\/salty\/mani-blauel-vegan-sundried-tomato-puree-180g\/\" \/>\n<meta property=\"og:site_name\" content=\"Ellados\" \/>\n<meta property=\"article:modified_time\" content=\"2025-03-22T18:03:37+00:00\" \/>\n<meta property=\"og:image\" content=\"https:\/\/ellados-shop.com\/wp-content\/uploads\/Tartinable-Tomates-sechees.png\" \/>\n\t<meta property=\"og:image:width\" content=\"450\" \/>\n\t<meta property=\"og:image:height\" content=\"450\" \/>\n\t<meta property=\"og:image:type\" content=\"image\/png\" \/>\n<meta name=\"twitter:card\" content=\"summary_large_image\" \/>\n<meta name=\"twitter:label1\" content=\"Est. reading time\" \/>\n\t<meta name=\"twitter:data1\" content=\"1 minute\" \/>\n<script type=\"application\/ld+json\" class=\"yoast-schema-graph\">{\"@context\":\"https:\/\/schema.org\",\"@graph\":[{\"@type\":\"WebPage\",\"@id\":\"https:\/\/ellados-shop.com\/en\/shop\/delicatessen\/salty\/mani-blauel-vegan-sundried-tomato-puree-180g\/\",\"url\":\"https:\/\/ellados-shop.com\/en\/shop\/delicatessen\/salty\/mani-blauel-vegan-sundried-tomato-puree-180g\/\",\"name\":\"Dried Tomato Puree - Vegan - Mani Bl\u00e4uel - Ellados\",\"isPartOf\":{\"@id\":\"https:\/\/ellados-shop.com\/en\/#website\"},\"primaryImageOfPage\":{\"@id\":\"https:\/\/ellados-shop.com\/en\/shop\/delicatessen\/salty\/mani-blauel-vegan-sundried-tomato-puree-180g\/#primaryimage\"},\"image\":{\"@id\":\"https:\/\/ellados-shop.com\/en\/shop\/delicatessen\/salty\/mani-blauel-vegan-sundried-tomato-puree-180g\/#primaryimage\"},\"thumbnailUrl\":\"https:\/\/ellados-shop.com\/wp-content\/uploads\/Tartinable-Tomates-sechees.png\",\"datePublished\":\"2024-03-13T16:37:46+00:00\",\"dateModified\":\"2025-03-22T18:03:37+00:00\",\"description\":\"Give in to our Vegan sun-dried tomato puree! Delicious and fruity, it will enhance your pizzas, pasta, or simply your appetizer toasts.\",\"breadcrumb\":{\"@id\":\"https:\/\/ellados-shop.com\/en\/shop\/delicatessen\/salty\/mani-blauel-vegan-sundried-tomato-puree-180g\/#breadcrumb\"},\"inLanguage\":\"en-US\",\"potentialAction\":[{\"@type\":\"ReadAction\",\"target\":[\"https:\/\/ellados-shop.com\/en\/shop\/delicatessen\/salty\/mani-blauel-vegan-sundried-tomato-puree-180g\/\"]}]},{\"@type\":\"ImageObject\",\"inLanguage\":\"en-US\",\"@id\":\"https:\/\/ellados-shop.com\/en\/shop\/delicatessen\/salty\/mani-blauel-vegan-sundried-tomato-puree-180g\/#primaryimage\",\"url\":\"https:\/\/ellados-shop.com\/wp-content\/uploads\/Tartinable-Tomates-sechees.png\",\"contentUrl\":\"https:\/\/ellados-shop.com\/wp-content\/uploads\/Tartinable-Tomates-sechees.png\",\"width\":450,\"height\":450,\"caption\":\"Pur\u00e9e tomates s\u00e9ch\u00e9es\"},{\"@type\":\"BreadcrumbList\",\"@id\":\"https:\/\/ellados-shop.com\/en\/shop\/delicatessen\/salty\/mani-blauel-vegan-sundried-tomato-puree-180g\/#breadcrumb\",\"itemListElement\":[{\"@type\":\"ListItem\",\"position\":1,\"name\":\"Accueil\",\"item\":\"https:\/\/ellados-shop.com\/en\/accueil-v2\/\"},{\"@type\":\"ListItem\",\"position\":2,\"name\":\"Boutique\",\"item\":\"https:\/\/ellados-shop.com\/boutique\/\"},{\"@type\":\"ListItem\",\"position\":3,\"name\":\"Mani Bl\u00e4uel Vegan sundried tomato puree &#8211; 180g\"}]},{\"@type\":\"WebSite\",\"@id\":\"https:\/\/ellados-shop.com\/en\/#website\",\"url\":\"https:\/\/ellados-shop.com\/en\/\",\"name\":\"Ellados\",\"description\":\"\",\"potentialAction\":[{\"@type\":\"SearchAction\",\"target\":{\"@type\":\"EntryPoint\",\"urlTemplate\":\"https:\/\/ellados-shop.com\/en\/?s={search_term_string}\"},\"query-input\":{\"@type\":\"PropertyValueSpecification\",\"valueRequired\":true,\"valueName\":\"search_term_string\"}}],\"inLanguage\":\"en-US\"}]}<\/script>\n<!-- \/ Yoast SEO plugin. -->","yoast_head_json":{"title":"Dried Tomato Puree - Vegan - Mani Bl\u00e4uel - Ellados","description":"Give in to our Vegan sun-dried tomato puree! Delicious and fruity, it will enhance your pizzas, pasta, or simply your appetizer toasts.","robots":{"index":"index","follow":"follow","max-snippet":"max-snippet:-1","max-image-preview":"max-image-preview:large","max-video-preview":"max-video-preview:-1"},"canonical":"https:\/\/ellados-shop.com\/en\/shop\/delicatessen\/salty\/mani-blauel-vegan-sundried-tomato-puree-180g\/","og_locale":"en_US","og_type":"article","og_title":"Dried Tomato Puree - Vegan - Mani Bl\u00e4uel - Ellados","og_description":"Give in to our Vegan sun-dried tomato puree! Delicious and fruity, it will enhance your pizzas, pasta, or simply your appetizer toasts.","og_url":"https:\/\/ellados-shop.com\/en\/shop\/delicatessen\/salty\/mani-blauel-vegan-sundried-tomato-puree-180g\/","og_site_name":"Ellados","article_modified_time":"2025-03-22T18:03:37+00:00","og_image":[{"width":450,"height":450,"url":"https:\/\/ellados-shop.com\/wp-content\/uploads\/Tartinable-Tomates-sechees.png","type":"image\/png"}],"twitter_card":"summary_large_image","twitter_misc":{"Est. reading time":"1 minute"},"schema":{"@context":"https:\/\/schema.org","@graph":[{"@type":"WebPage","@id":"https:\/\/ellados-shop.com\/en\/shop\/delicatessen\/salty\/mani-blauel-vegan-sundried-tomato-puree-180g\/","url":"https:\/\/ellados-shop.com\/en\/shop\/delicatessen\/salty\/mani-blauel-vegan-sundried-tomato-puree-180g\/","name":"Dried Tomato Puree - Vegan - Mani Bl\u00e4uel - Ellados","isPartOf":{"@id":"https:\/\/ellados-shop.com\/en\/#website"},"primaryImageOfPage":{"@id":"https:\/\/ellados-shop.com\/en\/shop\/delicatessen\/salty\/mani-blauel-vegan-sundried-tomato-puree-180g\/#primaryimage"},"image":{"@id":"https:\/\/ellados-shop.com\/en\/shop\/delicatessen\/salty\/mani-blauel-vegan-sundried-tomato-puree-180g\/#primaryimage"},"thumbnailUrl":"https:\/\/ellados-shop.com\/wp-content\/uploads\/Tartinable-Tomates-sechees.png","datePublished":"2024-03-13T16:37:46+00:00","dateModified":"2025-03-22T18:03:37+00:00","description":"Give in to our Vegan sun-dried tomato puree! Delicious and fruity, it will enhance your pizzas, pasta, or simply your appetizer toasts.","breadcrumb":{"@id":"https:\/\/ellados-shop.com\/en\/shop\/delicatessen\/salty\/mani-blauel-vegan-sundried-tomato-puree-180g\/#breadcrumb"},"inLanguage":"en-US","potentialAction":[{"@type":"ReadAction","target":["https:\/\/ellados-shop.com\/en\/shop\/delicatessen\/salty\/mani-blauel-vegan-sundried-tomato-puree-180g\/"]}]},{"@type":"ImageObject","inLanguage":"en-US","@id":"https:\/\/ellados-shop.com\/en\/shop\/delicatessen\/salty\/mani-blauel-vegan-sundried-tomato-puree-180g\/#primaryimage","url":"https:\/\/ellados-shop.com\/wp-content\/uploads\/Tartinable-Tomates-sechees.png","contentUrl":"https:\/\/ellados-shop.com\/wp-content\/uploads\/Tartinable-Tomates-sechees.png","width":450,"height":450,"caption":"Pur\u00e9e tomates s\u00e9ch\u00e9es"},{"@type":"BreadcrumbList","@id":"https:\/\/ellados-shop.com\/en\/shop\/delicatessen\/salty\/mani-blauel-vegan-sundried-tomato-puree-180g\/#breadcrumb","itemListElement":[{"@type":"ListItem","position":1,"name":"Accueil","item":"https:\/\/ellados-shop.com\/en\/accueil-v2\/"},{"@type":"ListItem","position":2,"name":"Boutique","item":"https:\/\/ellados-shop.com\/boutique\/"},{"@type":"ListItem","position":3,"name":"Mani Bl\u00e4uel Vegan sundried tomato puree &#8211; 180g"}]},{"@type":"WebSite","@id":"https:\/\/ellados-shop.com\/en\/#website","url":"https:\/\/ellados-shop.com\/en\/","name":"Ellados","description":"","potentialAction":[{"@type":"SearchAction","target":{"@type":"EntryPoint","urlTemplate":"https:\/\/ellados-shop.com\/en\/?s={search_term_string}"},"query-input":{"@type":"PropertyValueSpecification","valueRequired":true,"valueName":"search_term_string"}}],"inLanguage":"en-US"}]}},"_links":{"self":[{"href":"https:\/\/ellados-shop.com\/en\/wp-json\/wp\/v2\/product\/4013","targetHints":{"allow":["GET"]}}],"collection":[{"href":"https:\/\/ellados-shop.com\/en\/wp-json\/wp\/v2\/product"}],"about":[{"href":"https:\/\/ellados-shop.com\/en\/wp-json\/wp\/v2\/types\/product"}],"replies":[{"embeddable":true,"href":"https:\/\/ellados-shop.com\/en\/wp-json\/wp\/v2\/comments?post=4013"}],"wp:featuredmedia":[{"embeddable":true,"href":"https:\/\/ellados-shop.com\/en\/wp-json\/wp\/v2\/media\/5849"}],"wp:attachment":[{"href":"https:\/\/ellados-shop.com\/en\/wp-json\/wp\/v2\/media?parent=4013"}],"wp:term":[{"taxonomy":"product_brand","embeddable":true,"href":"https:\/\/ellados-shop.com\/en\/wp-json\/wp\/v2\/product_brand?post=4013"},{"taxonomy":"product_cat","embeddable":true,"href":"https:\/\/ellados-shop.com\/en\/wp-json\/wp\/v2\/product_cat?post=4013"},{"taxonomy":"product_tag","embeddable":true,"href":"https:\/\/ellados-shop.com\/en\/wp-json\/wp\/v2\/product_tag?post=4013"}],"curies":[{"name":"wp","href":"https:\/\/api.w.org\/{rel}","templated":true}]}}